{"id":1062,"date":"2025-11-12T10:13:38","date_gmt":"2025-11-12T09:13:38","guid":{"rendered":"https:\/\/www.asiatalentbridge.de\/?page_id=1062"},"modified":"2026-03-09T10:54:37","modified_gmt":"2026-03-09T09:54:37","slug":"fachkraefte","status":"publish","type":"page","link":"https:\/\/www.asiatalentbridge.de\/en\/fachkraefte\/","title":{"rendered":"Fachkr\u00e4fte"},"content":{"rendered":"\t\t<div data-elementor-type=\"wp-page\" data-elementor-id=\"1062\" class=\"elementor elementor-1062\">\n\t\t\t\t<div class=\"elementor-element elementor-element-4366908 e-flex e-con-boxed e-con e-parent\" data-id=\"4366908\" data-element_type=\"container\" data-e-type=\"container\">\n\t\t\t\t\t<div class=\"e-con-inner\">\n\t\t\t\t<div class=\"elementor-element elementor-element-22333f0 elementor-widget elementor-widget-heading\" data-id=\"22333f0\" data-element_type=\"widget\" data-e-type=\"widget\" data-widget_type=\"heading.default\">\n\t\t\t\t\t<h2 class=\"elementor-heading-title elementor-size-default\">Fachkr\u00e4fte f\u00fcr Ihr Unternehmen \u2013 zuverl\u00e4ssig, qualifiziert und einsatzbereit! <\/h2>\t\t\t\t<\/div>\n\t\t\t\t\t<\/div>\n\t\t\t\t<\/div>\n\t\t<div class=\"elementor-element elementor-element-1755a6f e-flex e-con-boxed e-con e-parent\" data-id=\"1755a6f\" data-element_type=\"container\" data-e-type=\"container\">\n\t\t\t\t\t<div class=\"e-con-inner\">\n\t\t\t\t<div class=\"elementor-element elementor-element-89db43a elementor-widget elementor-widget-image\" data-id=\"89db43a\" data-element_type=\"widget\" data-e-type=\"widget\" data-widget_type=\"image.default\">\n\t\t\t\t\t\t\t\t\t\t\t\t\t\t\t<img decoding=\"async\" data-src=\"https:\/\/www.asiatalentbridge.de\/wp-content\/uploads\/elementor\/thumbs\/Jobs-Compositing-scaled-ri7s1nc1gqinm8ifaf0w137i4hc7ccg9r76rk122b4.jpg\" title=\"Jobs Compositing\" alt=\"Zwei chinesische Fachkr\u00e4fte\" src=\"data:image\/svg+xml;base64,PHN2ZyB3aWR0aD0iMSIgaGVpZ2h0PSIxIiB4bWxucz0iaHR0cDovL3d3dy53My5vcmcvMjAwMC9zdmciPjwvc3ZnPg==\" class=\"lazyload\" style=\"--smush-placeholder-width: 800px; --smush-placeholder-aspect-ratio: 800\/440;\" \/>\t\t\t\t\t\t\t\t\t\t\t\t\t\t\t<\/div>\n\t\t<div class=\"elementor-element elementor-element-1b7f411 e-con-full e-flex e-con e-child\" data-id=\"1b7f411\" data-element_type=\"container\" data-e-type=\"container\">\n\t\t\t\t<div class=\"elementor-element elementor-element-bb5b42e elementor-widget elementor-widget-text-editor\" data-id=\"bb5b42e\" data-element_type=\"widget\" data-e-type=\"widget\" data-widget_type=\"text-editor.default\">\n\t\t\t\t\t\t\t\t\t<p><span data-contrast=\"none\">AsiaTalentBridge vermittelt gezielt Fachkr\u00e4fte aus Asien f\u00fcr jene Branchen, in denen der Arbeitskr\u00e4ftemangel in Deutschland besonders gro\u00df ist. Wir unterst\u00fctzen Unternehmen, die offene Stellen langfristig besetzen m\u00f6chten, mit motivierten Mitarbeitern, die sprachlich, fachlich und kulturell gut vorbereitet sind.<\/span><span data-ccp-props=\"{&quot;134233117&quot;:true,&quot;134233118&quot;:true,&quot;201341983&quot;:0,&quot;335559740&quot;:240}\">\u00a0<\/span><\/p><p><span data-contrast=\"none\">Derzeit liegen unsere Schwerpunkte auf Berufen, f\u00fcr die der Zugang zum deutschen Arbeitsmarkt durch vereinfachte Visa-Verfahren erleichtert ist<\/span><span data-contrast=\"none\">:<\/span><span data-ccp-props=\"{&quot;134233117&quot;:true,&quot;134233118&quot;:true,&quot;201341983&quot;:0,&quot;335559740&quot;:240}\">\u00a0<\/span><\/p>\t\t\t\t\t\t\t\t<\/div>\n\t\t\t\t<div class=\"elementor-element elementor-element-fcb8649 elementor-widget elementor-widget-text-editor\" data-id=\"fcb8649\" data-element_type=\"widget\" data-e-type=\"widget\" data-widget_type=\"text-editor.default\">\n\t\t\t\t\t\t\t\t\t<ul><li><b><span data-contrast=\"none\">Pflege und Medizin:<\/span><\/b><span data-contrast=\"none\">\u202fPflegefachkr\u00e4fte und Pflegehelfer<\/span><span data-ccp-props=\"{&quot;134233117&quot;:true,&quot;134233118&quot;:true,&quot;201341983&quot;:0,&quot;335559740&quot;:240}\">\u00a0<\/span><\/li><li><b><span data-contrast=\"none\">Transport und Logistik:<\/span><\/b><span data-contrast=\"none\">\u202fLKW-Fahrer, Busfahrer, Lagerlogistiker<\/span><span data-ccp-props=\"{&quot;134233117&quot;:true,&quot;134233118&quot;:true,&quot;201341983&quot;:0,&quot;335559740&quot;:240}\">\u00a0<\/span><\/li><li><b><span data-contrast=\"none\">Hotellerie und Gastronomie:<\/span><\/b><span data-contrast=\"none\">\u202fServicekr\u00e4fte,Reinigungspersonal<\/span><\/li><\/ul>\t\t\t\t\t\t\t\t<\/div>\n\t\t\t\t<\/div>\n\t\t\t\t\t<\/div>\n\t\t\t\t<\/div>\n\t\t<div class=\"elementor-element elementor-element-5519b2f e-flex e-con-boxed e-con e-parent\" data-id=\"5519b2f\" data-element_type=\"container\" data-e-type=\"container\" data-settings=\"{&quot;background_background&quot;:&quot;classic&quot;}\">\n\t\t\t\t\t<div class=\"e-con-inner\">\n\t\t\t\t<div class=\"elementor-element elementor-element-001756d elementor-widget elementor-widget-text-editor\" data-id=\"001756d\" data-element_type=\"widget\" data-e-type=\"widget\" data-widget_type=\"text-editor.default\">\n\t\t\t\t\t\t\t\t\t<h3>Unser Ansatz:<\/h3><p><span data-contrast=\"none\">AsiaTalentBridge begleitet den gesamten Prozess \u2013 von der Bewerberauswahl \u00fcber die Sprachqualifizierung und die Beantragung des Visums bis zur Ankunft der neuen Mitarbeiter. Die Kosten werden von den chinesischen Fachkr\u00e4ften \u00fcbernommen. Unser Service ist f\u00fcr deutsche Unternehmen kostenfrei.<\/span><span data-ccp-props=\"{&quot;134233117&quot;:true,&quot;134233118&quot;:true,&quot;201341983&quot;:0,&quot;335559740&quot;:240}\"><br \/><\/span><\/p><h3>Ihre Vorteile:\u00a0<\/h3><ul><li><span data-contrast=\"none\">Vorausgew\u00e4hlte, motivierte Fachkr\u00e4fte mit gepr\u00fcfter Qualifikation<\/span><span data-ccp-props=\"{&quot;134233117&quot;:true,&quot;134233118&quot;:true,&quot;201341983&quot;:0,&quot;335559740&quot;:240}\">\u00a0<\/span><\/li><li><span data-contrast=\"none\">Sprachlich und kulturell vorbereitete Bewerber<\/span><span data-ccp-props=\"{&quot;134233117&quot;:true,&quot;134233118&quot;:true,&quot;201341983&quot;:0,&quot;335559740&quot;:240}\">\u00a0<\/span><\/li><li><span data-contrast=\"none\">Kein Aufwand mit der Beantragung der Visa<\/span><span data-ccp-props=\"{&quot;134233117&quot;:true,&quot;134233118&quot;:true,&quot;201341983&quot;:0,&quot;335559740&quot;:240}\">\u00a0<\/span><\/li><\/ul>\t\t\t\t\t\t\t\t<\/div>\n\t\t\t\t\t<\/div>\n\t\t\t\t<\/div>\n\t\t<div class=\"elementor-element elementor-element-a0994b3 e-flex e-con-boxed e-con e-parent\" data-id=\"a0994b3\" data-element_type=\"container\" data-e-type=\"container\">\n\t\t\t\t\t<div class=\"e-con-inner\">\n\t\t\t\t<div class=\"elementor-element elementor-element-92f9232 elementor-widget elementor-widget-text-editor\" data-id=\"92f9232\" data-element_type=\"widget\" data-e-type=\"widget\" data-widget_type=\"text-editor.default\">\n\t\t\t\t\t\t\t\t\t<p><span data-contrast=\"none\">AsiaTalentBridge verbindet deutsche Arbeitgeber mit Bewerbern aus China und sorgt so f\u00fcr eine stabile, verl\u00e4ssliche Personalbasis in Zeiten des Fachkr\u00e4ftemangels.<\/span><span data-ccp-props=\"{&quot;134233117&quot;:true,&quot;134233118&quot;:true,&quot;201341983&quot;:0,&quot;335559740&quot;:240}\"><br \/><\/span><\/p><h3>Nehmen Sie Kontakt mit uns auf!<\/h3>\t\t\t\t\t\t\t\t<\/div>\n\t\t\t\t\t<\/div>\n\t\t\t\t<\/div>\n\t\t<div class=\"elementor-element elementor-element-156a7bf e-flex e-con-boxed e-con e-parent\" data-id=\"156a7bf\" data-element_type=\"container\" data-e-type=\"container\">\n\t\t\t\t\t<div class=\"e-con-inner\">\n\t\t\t\t<div class=\"elementor-element elementor-element-671cd1d elementor-widget elementor-widget-shortcode\" data-id=\"671cd1d\" data-element_type=\"widget\" data-e-type=\"widget\" data-widget_type=\"shortcode.default\">\n\t\t\t\t\t\t\t<div class=\"elementor-shortcode\">\n<div class=\"wpcf7 no-js\" id=\"wpcf7-f15800-o1\" lang=\"de-DE\" dir=\"ltr\" data-wpcf7-id=\"15800\">\n<div class=\"screen-reader-response\"><p role=\"status\" aria-live=\"polite\" aria-atomic=\"true\"><\/p> <ul><\/ul><\/div>\n<form action=\"\/en\/wp-json\/wp\/v2\/pages\/1062#wpcf7-f15800-o1\" method=\"post\" class=\"wpcf7-form init\" aria-label=\"Kontaktformular\" novalidate=\"novalidate\" data-status=\"init\">\n<fieldset class=\"hidden-fields-container\"><input type=\"hidden\" name=\"_wpcf7\" value=\"15800\" \/><input type=\"hidden\" name=\"_wpcf7_version\" value=\"6.1.5\" \/><input type=\"hidden\" name=\"_wpcf7_locale\" value=\"de_DE\" \/><input type=\"hidden\" name=\"_wpcf7_unit_tag\" value=\"wpcf7-f15800-o1\" \/><input type=\"hidden\" name=\"_wpcf7_container_post\" value=\"0\" \/><input type=\"hidden\" name=\"_wpcf7_posted_data_hash\" value=\"\" \/><input type=\"hidden\" name=\"_wpcf7cf_hidden_group_fields\" value=\"[]\" \/><input type=\"hidden\" name=\"_wpcf7cf_hidden_groups\" value=\"[]\" \/><input type=\"hidden\" name=\"_wpcf7cf_visible_groups\" value=\"[]\" \/><input type=\"hidden\" name=\"_wpcf7cf_repeaters\" value=\"[]\" \/><input type=\"hidden\" name=\"_wpcf7cf_steps\" value=\"{}\" \/><input type=\"hidden\" name=\"_wpcf7cf_options\" value=\"{&quot;form_id&quot;:15800,&quot;conditions&quot;:[{&quot;then_field&quot;:&quot;gruppe1&quot;,&quot;and_rules&quot;:[{&quot;if_field&quot;:&quot;number-541&quot;,&quot;operator&quot;:&quot;greater than or equals&quot;,&quot;if_value&quot;:&quot;1&quot;}]},{&quot;then_field&quot;:&quot;gruppe2&quot;,&quot;and_rules&quot;:[{&quot;if_field&quot;:&quot;number-541&quot;,&quot;operator&quot;:&quot;greater than or equals&quot;,&quot;if_value&quot;:&quot;2&quot;}]},{&quot;then_field&quot;:&quot;gruppe3&quot;,&quot;and_rules&quot;:[{&quot;if_field&quot;:&quot;number-541&quot;,&quot;operator&quot;:&quot;greater than or equals&quot;,&quot;if_value&quot;:&quot;3&quot;}]},{&quot;then_field&quot;:&quot;gruppe4&quot;,&quot;and_rules&quot;:[{&quot;if_field&quot;:&quot;number-541&quot;,&quot;operator&quot;:&quot;greater than or equals&quot;,&quot;if_value&quot;:&quot;4&quot;}]},{&quot;then_field&quot;:&quot;gruppe5&quot;,&quot;and_rules&quot;:[{&quot;if_field&quot;:&quot;number-541&quot;,&quot;operator&quot;:&quot;greater than or equals&quot;,&quot;if_value&quot;:&quot;5&quot;}]}],&quot;settings&quot;:{&quot;animation&quot;:&quot;yes&quot;,&quot;animation_intime&quot;:200,&quot;animation_outtime&quot;:200,&quot;conditions_ui&quot;:&quot;normal&quot;,&quot;notice_dismissed&quot;:false}}\" \/>\n<\/fieldset>\n<div id=\"ausbildungsformular\" class=\"cf7-vet-grid\">\n\n<!-- Ausbildungsdaten -->\n <div class=\"cf7-vet-row\">\n      <div class=\"cf7-vet-half\">\n        <label>Arbeitsbeginn<\/label>\n        <span class=\"wpcf7-form-control-wrap\" data-name=\"date-610\"><input class=\"wpcf7-form-control wpcf7-date wpcf7-validates-as-date\" aria-invalid=\"false\" value=\"\" type=\"date\" name=\"date-610\" \/><\/span>\n      <\/div>\n\n      <div class=\"cf7-vet-half\">\n        <label>Bewerbungsschluss<\/label>\n        <span class=\"wpcf7-form-control-wrap\" data-name=\"date-611\"><input class=\"wpcf7-form-control wpcf7-date wpcf7-validates-as-date\" aria-invalid=\"false\" value=\"\" type=\"date\" name=\"date-611\" \/><\/span>\n      <\/div>\n    <\/div>\n\n  <!-- Beruf + Anzahl -->\n  <div class=\"cf7-vet-row\">\n    <div class=\"cf7-vet-half\">\n      <label>Anzahl der verf\u00fcgbaren Stellen*<\/label>\n      <span class=\"wpcf7-form-control-wrap\" data-name=\"number-541\"><input class=\"wpcf7-form-control wpcf7-number wpcf7-validates-as-required wpcf7-validates-as-number\" min=\"1\" max=\"5\" aria-required=\"true\" aria-invalid=\"false\" value=\"\" type=\"number\" name=\"number-541\" \/><\/span>\n    <\/div>\n    <div class=\"cf7-vet-half\">\n      <label>Angebotene Stelle*<\/label>\n      <span class=\"wpcf7-form-control-wrap\" data-name=\"select-819\"><select class=\"wpcf7-form-control wpcf7-select wpcf7-validates-as-required\" aria-required=\"true\" aria-invalid=\"false\" name=\"select-819\"><option value=\"Bitte Beruf ausw\u00e4hlen\">Bitte Beruf ausw\u00e4hlen<\/option><option value=\"Berufskraftfahrer\">Berufskraftfahrer<\/option><option value=\"Elektroniker\">Elektroniker<\/option><option value=\"Fachkraft f\u00fcr Lagerlogistik\">Fachkraft f\u00fcr Lagerlogistik<\/option><option value=\"Hotelfachkraft\">Hotelfachkraft<\/option><option value=\"IT-Fachkraft\">IT-Fachkraft<\/option><option value=\"Koch\">Koch<\/option><option value=\"Kraftfahrzeugmechatroniker\">Kraftfahrzeugmechatroniker<\/option><option value=\"Mechaniker\">Mechaniker<\/option><option value=\"Pflegefachkraft (Altenpflege)\">Pflegefachkraft (Altenpflege)<\/option><option value=\"Pflegefachkraft (Krankenpflege)\">Pflegefachkraft (Krankenpflege)<\/option><option value=\"Restaurantfachkraft\">Restaurantfachkraft<\/option><option value=\"Anderer Beruf\">Anderer Beruf<\/option><\/select><\/span>\n    <\/div>\n  <\/div>\n\n  <!-- Gruppe 1 -->\n   <div data-id=\"gruppe1\" data-orig_data_id=\"gruppe1\"  class=\"\" data-class=\"wpcf7cf_group\">\n    <label><em>Stelle 1<\/em><\/label>\n  <div class=\"group-block\">\n\n    <div class=\"form-row\">\n      <label>Zus\u00e4tzliche Informationen (optional)<\/label>\n      <span class=\"wpcf7-form-control-wrap\" data-name=\"textarea-431\"><textarea cols=\"40\" rows=\"10\" maxlength=\"2000\" class=\"wpcf7-form-control wpcf7-textarea\" aria-invalid=\"false\" name=\"textarea-431\"><\/textarea><\/span>\n    <\/div>\n\n  <\/div>\n  <\/div>\n\n  <!-- Gruppe 2 -->\n  <div data-id=\"gruppe2\" data-orig_data_id=\"gruppe2\"  class=\"\" data-class=\"wpcf7cf_group\">\n   <br><label><em>Stelle 2<\/em><\/label>\n  <div class=\"group-block\">\n\n    <div class=\"form-row\">\n      <label>Zus\u00e4tzliche Informationen (optional)<\/label>\n      <span class=\"wpcf7-form-control-wrap\" data-name=\"textarea-432\"><textarea cols=\"40\" rows=\"10\" maxlength=\"2000\" class=\"wpcf7-form-control wpcf7-textarea\" aria-invalid=\"false\" name=\"textarea-432\"><\/textarea><\/span>\n    <\/div>\n\n  <\/div>\n  <\/div>\n\n  <!-- Gruppe 3 -->\n  <div data-id=\"gruppe3\" data-orig_data_id=\"gruppe3\"  class=\"\" data-class=\"wpcf7cf_group\">\n   <br><label><em>Stelle 3<\/em><\/label>\n  <div class=\"group-block\">\n\n    <div class=\"form-row\">\n      <label>Zus\u00e4tzliche Informationen (optional)<\/label>\n      <span class=\"wpcf7-form-control-wrap\" data-name=\"textarea-433\"><textarea cols=\"40\" rows=\"10\" maxlength=\"2000\" class=\"wpcf7-form-control wpcf7-textarea\" aria-invalid=\"false\" name=\"textarea-433\"><\/textarea><\/span>\n    <\/div>\n\n  <\/div>\n  <\/div>\n\n  <!-- Gruppe 4 -->\n  <div data-id=\"gruppe4\" data-orig_data_id=\"gruppe4\"  class=\"\" data-class=\"wpcf7cf_group\">\n   <br><label><em>Stelle 4<\/em><\/label>\n  <div class=\"group-block\">\n\n    <div class=\"form-row\">\n      <label>Zus\u00e4tzliche Informationen (optional)<\/label>\n      <span class=\"wpcf7-form-control-wrap\" data-name=\"textarea-434\"><textarea cols=\"40\" rows=\"10\" maxlength=\"2000\" class=\"wpcf7-form-control wpcf7-textarea\" aria-invalid=\"false\" name=\"textarea-434\"><\/textarea><\/span>\n    <\/div>\n\n  <\/div>\n  <\/div>\n\n  <!-- Gruppe 5 -->\n  <div data-id=\"gruppe5\" data-orig_data_id=\"gruppe5\"  class=\"\" data-class=\"wpcf7cf_group\">\n   <br><label><em>Stelle 5<\/em><\/label>\n  <div class=\"group-block\">\n\n     <div class=\"form-row\">\n      <label>Zus\u00e4tzliche Informationen (optional)<\/label>\n      <span class=\"wpcf7-form-control-wrap\" data-name=\"textarea-435\"><textarea cols=\"40\" rows=\"10\" maxlength=\"2000\" class=\"wpcf7-form-control wpcf7-textarea\" aria-invalid=\"false\" name=\"textarea-435\"><\/textarea><\/span>\n    <\/div>\n\n  <\/div>\n  <\/div>\n<br>\n  <!-- Unternehmensdaten -->\n  <div class=\"cf7-vet-row\">\n    <div class=\"cf7-vet-half\">\n      <label>Unternehmen*<\/label>\n      <span class=\"wpcf7-form-control-wrap\" data-name=\"company\"><input size=\"40\" maxlength=\"400\" class=\"wpcf7-form-control wpcf7-text wpcf7-validates-as-required\" aria-required=\"true\" aria-invalid=\"false\" value=\"\" type=\"text\" name=\"company\" \/><\/span>\n    <\/div>\n\n    <div class=\"cf7-vet-half\">\n      <label>Ansprechpartner (Vorname, Nachname)*<\/label>\n      <span class=\"wpcf7-form-control-wrap\" data-name=\"person\"><input size=\"40\" maxlength=\"400\" class=\"wpcf7-form-control wpcf7-text wpcf7-validates-as-required\" autocomplete=\"name\" aria-required=\"true\" aria-invalid=\"false\" value=\"\" type=\"text\" name=\"person\" \/><\/span>\n    <\/div>\n  <\/div>\n\n  <div class=\"cf7-vet-row\">\n    <div class=\"cf7-vet-half\">\n      <label>E-Mail-Adresse*<\/label>\n      <span class=\"wpcf7-form-control-wrap\" data-name=\"your-email\"><input size=\"40\" maxlength=\"400\" class=\"wpcf7-form-control wpcf7-email wpcf7-validates-as-required wpcf7-text wpcf7-validates-as-email\" autocomplete=\"email\" aria-required=\"true\" aria-invalid=\"false\" value=\"\" type=\"email\" name=\"your-email\" \/><\/span>\n    <\/div>\n\n    <div class=\"cf7-vet-half\">\n      <label>Telefonnummer<\/label>\n      <span class=\"wpcf7-form-control-wrap\" data-name=\"your-phone\"><input size=\"40\" maxlength=\"400\" class=\"wpcf7-form-control wpcf7-text\" autocomplete=\"tel\" aria-invalid=\"false\" value=\"\" type=\"text\" name=\"your-phone\" \/><\/span>\n    <\/div>\n  <\/div>\n\n  <div class=\"form-row\">\n    <label>Ihre Nachricht (optional)<\/label>\n    <span class=\"wpcf7-form-control-wrap\" data-name=\"your-message\"><textarea cols=\"40\" rows=\"10\" maxlength=\"2000\" class=\"wpcf7-form-control wpcf7-textarea\" aria-invalid=\"false\" name=\"your-message\"><\/textarea><\/span>\n  <\/div>\n<div class=\"cf7-aup-checkbox\">\n  <span class=\"wpcf7-form-control-wrap\" data-name=\"datenschutz\"><span class=\"wpcf7-form-control wpcf7-checkbox wpcf7-validates-as-required\"><span class=\"wpcf7-list-item first last\"><label><input type=\"checkbox\" name=\"datenschutz[]\" value=\"Ich habe die Datenschutzbestimmungen zur Kenntnis genommen und akzeptiere sie.*\" \/><span class=\"wpcf7-list-item-label\">Ich habe die Datenschutzbestimmungen zur Kenntnis genommen und akzeptiere sie.*<\/span><\/label><\/span><\/span><\/span>\n<\/div>\n  <div class=\"form-row\">\n    <div class=\"cf7-cf-turnstile\" style=\"margin-top: 0px; margin-bottom: -15px;\"> <div id=\"cf-turnstile-cf7-1290521634\" class=\"cf-turnstile\" data-sitekey=\"0x4AAAAAACHjUy_Y9byM-Yo6\" data-theme=\"light\" data-language=\"auto\" data-size=\"normal\" data-retry=\"auto\" data-retry-interval=\"1000\" data-refresh-expired=\"auto\" data-refresh-timeout=\"auto\" data-action=\"contact-form-7\" data-callback=\"turnstileCF7Callback\" data-appearance=\"always\"><\/div> <script>document.addEventListener(\"DOMContentLoaded\", function() { setTimeout(function(){ var e=document.getElementById(\"cf-turnstile-cf7-1290521634\"); if(e&&!e.innerHTML.trim()){turnstile.render(e, {sitekey:\"0x4AAAAAACHjUy_Y9byM-Yo6\"});} }, 200); });<\/script> <br class=\"cf-turnstile-br cf-turnstile-br-cf7-1290521634\"> <style>#cf-turnstile-cf7-1290521634 { margin-left: -15px; }<\/style> <script>document.addEventListener(\"DOMContentLoaded\",function(){document.querySelectorAll('.wpcf7-form').forEach(function(e){e.addEventListener('submit',function(){if(document.getElementById('cf-turnstile-cf7-1290521634')){setTimeout(function(){turnstile.reset('#cf-turnstile-cf7-1290521634');},1000)}})})});<\/script> <\/div><br\/><input class=\"wpcf7-form-control wpcf7-submit has-spinner\" type=\"submit\" value=\"Senden\" \/>\n  <\/div>\n\n<\/div><p style=\"display: none !important;\" class=\"akismet-fields-container\" data-prefix=\"_wpcf7_ak_\"><label>&#916;<textarea name=\"_wpcf7_ak_hp_textarea\" cols=\"45\" rows=\"8\" maxlength=\"100\"><\/textarea><\/label><input type=\"hidden\" id=\"ak_js_1\" name=\"_wpcf7_ak_js\" value=\"235\"\/><script>document.getElementById( \"ak_js_1\" ).setAttribute( \"value\", ( new Date() ).getTime() );<\/script><\/p><div class=\"wpcf7-response-output\" aria-hidden=\"true\"><\/div>\n<\/form>\n<\/div>\n<\/div>\n\t\t\t\t\t\t<\/div>\n\t\t\t\t\t<\/div>\n\t\t\t\t<\/div>\n\t\t\t\t<\/div>\n\t\t","protected":false},"excerpt":{"rendered":"<p>Fachkr\u00e4fte f\u00fcr Ihr Unternehmen \u2013 zuverl\u00e4ssig, qualifiziert und einsatzbereit! AsiaTalentBridge vermittelt gezielt Fachkr\u00e4fte aus Asien f\u00fcr jene Branchen, in denen der Arbeitskr\u00e4ftemangel in Deutschland besonders gro\u00df ist. Wir unterst\u00fctzen Unternehmen, die offene Stellen langfristig besetzen m\u00f6chten, mit motivierten Mitarbeitern, die sprachlich, fachlich und kulturell gut vorbereitet sind.\u00a0 Derzeit liegen unsere Schwerpunkte auf Berufen, f\u00fcr die [&hellip;]<\/p>\n","protected":false},"author":3,"featured_media":0,"parent":0,"menu_order":0,"comment_status":"closed","ping_status":"closed","template":"elementor_header_footer","meta":{"footnotes":""},"class_list":["post-1062","page","type-page","status-publish","hentry"],"_links":{"self":[{"href":"https:\/\/www.asiatalentbridge.de\/en\/wp-json\/wp\/v2\/pages\/1062","targetHints":{"allow":["GET"]}}],"collection":[{"href":"https:\/\/www.asiatalentbridge.de\/en\/wp-json\/wp\/v2\/pages"}],"about":[{"href":"https:\/\/www.asiatalentbridge.de\/en\/wp-json\/wp\/v2\/types\/page"}],"author":[{"embeddable":true,"href":"https:\/\/www.asiatalentbridge.de\/en\/wp-json\/wp\/v2\/users\/3"}],"replies":[{"embeddable":true,"href":"https:\/\/www.asiatalentbridge.de\/en\/wp-json\/wp\/v2\/comments?post=1062"}],"version-history":[{"count":10,"href":"https:\/\/www.asiatalentbridge.de\/en\/wp-json\/wp\/v2\/pages\/1062\/revisions"}],"predecessor-version":[{"id":15809,"href":"https:\/\/www.asiatalentbridge.de\/en\/wp-json\/wp\/v2\/pages\/1062\/revisions\/15809"}],"wp:attachment":[{"href":"https:\/\/www.asiatalentbridge.de\/en\/wp-json\/wp\/v2\/media?parent=1062"}],"curies":[{"name":"wp","href":"https:\/\/api.w.org\/{rel}","templated":true}]}}