{"id":112,"date":"2025-09-19T11:45:42","date_gmt":"2025-09-19T09:45:42","guid":{"rendered":"https:\/\/asiatalentbridge.de\/?page_id=112"},"modified":"2026-03-09T10:33:20","modified_gmt":"2026-03-09T09:33:20","slug":"ueber-uns","status":"publish","type":"page","link":"https:\/\/www.asiatalentbridge.de\/en\/ueber-uns\/","title":{"rendered":"\u00dcber uns"},"content":{"rendered":"<div data-elementor-type=\"wp-page\" data-elementor-id=\"112\" class=\"elementor elementor-112\">\n\t\t\t\t<div class=\"elementor-element elementor-element-a56ba78 e-flex e-con-boxed e-con e-parent\" data-id=\"a56ba78\" data-element_type=\"container\" data-e-type=\"container\">\n\t\t\t\t\t<div class=\"e-con-inner\">\n\t\t\t\t<div class=\"elementor-element elementor-element-9011b83 elementor-widget elementor-widget-heading\" data-id=\"9011b83\" data-element_type=\"widget\" data-e-type=\"widget\" data-widget_type=\"heading.default\">\n\t\t\t\t\t<h1 class=\"elementor-heading-title elementor-size-default\">Unser Auftrag: Zuverl\u00e4ssige Mitarbeiter f\u00fcr Ihr Unternehmen<\/h1>\t\t\t\t<\/div>\n\t\t\t\t<div class=\"elementor-element elementor-element-8344ab8 elementor-widget elementor-widget-text-editor\" data-id=\"8344ab8\" data-element_type=\"widget\" data-e-type=\"widget\" data-widget_type=\"text-editor.default\">\n\t\t\t\t\t\t\t\t\t<figure id=\"attachment_15634\" aria-describedby=\"caption-attachment-15634\" style=\"width: 501px\" class=\"wp-caption alignleft\"><img fetchpriority=\"high\" decoding=\"async\" class=\"wp-image-15634\" src=\"https:\/\/www.asiatalentbridge.de\/wp-content\/uploads\/2026\/02\/Mitarbeiter-scaled-e1770630951677-1024x577.jpg\" alt=\"Mitarbeiter der AsiaTalentBridge\" width=\"501\" height=\"282\" srcset=\"https:\/\/www.asiatalentbridge.de\/wp-content\/uploads\/2026\/02\/Mitarbeiter-scaled-e1770630951677-1024x577.jpg 1024w, https:\/\/www.asiatalentbridge.de\/wp-content\/uploads\/2026\/02\/Mitarbeiter-scaled-e1770630951677-300x169.jpg 300w, https:\/\/www.asiatalentbridge.de\/wp-content\/uploads\/2026\/02\/Mitarbeiter-scaled-e1770630951677-768x433.jpg 768w, https:\/\/www.asiatalentbridge.de\/wp-content\/uploads\/2026\/02\/Mitarbeiter-scaled-e1770630951677-1536x865.jpg 1536w, https:\/\/www.asiatalentbridge.de\/wp-content\/uploads\/2026\/02\/Mitarbeiter-scaled-e1770630951677-2048x1154.jpg 2048w, https:\/\/www.asiatalentbridge.de\/wp-content\/uploads\/2026\/02\/Mitarbeiter-scaled-e1770630951677-18x10.jpg 18w, https:\/\/www.asiatalentbridge.de\/wp-content\/uploads\/2026\/02\/Mitarbeiter-scaled-e1770630951677-600x338.jpg 600w\" sizes=\"(max-width: 501px) 100vw, 501px\" \/><figcaption id=\"caption-attachment-15634\" class=\"wp-caption-text\">Unsere Mitarbeiter in China<\/figcaption><\/figure><p>AsiaTalentBridge wurde 2016 in der Stadt Yanji in der Provinz Jilin im Nordosten Chinas gegr\u00fcndet &#8211; mit einem klaren Ziel: motivierte Nachwuchskr\u00e4fte aus Asien mit den vielf\u00e4ltigen Ausbildungsm\u00f6glichkeiten in Deutschland zusammenzubringen.<\/p><p>Wir bieten praxisorientierten Deutschunterricht und interkulturelle Vorbereitung speziell f\u00fcr junge Menschen aus China, die sich bewusst f\u00fcr eine duale Ausbildung in Deutschland entscheiden. Dabei ber\u00fccksichtigen wir sowohl die Bed\u00fcrfnisse unserer Kandidaten als auch die Erwartungen der deutschen Ausbildungsbetriebe.<\/p><p>Aus Gespr\u00e4chen mit Personalverantwortlichen wissen wir, dass es immer schwieriger wird, engagierte und geeignete Auszubildende zu finden. Genau hier setzen wir an: AsiaTalentBridge vermittelt junge Menschen aus China, die bereits fundierte Deutschkenntnisse erworben haben und sich gezielt f\u00fcr eine praktische Berufsausbildung entschieden haben &#8211; zum Beispiel in der Pflege, im Gastgewerbe oder in der Gastronomie.<\/p><p>Wir begleiten j\u00e4hrlich rund 40 Kandidatinnen und Kandidaten &#8211; eine bewusst kleine Zahl, denn wir legen Wert auf eine sorgf\u00e4ltige Auswahl und individuelle Betreuung. So stellen wir sicher, dass jeder Auszubildende gut vorbereitet und motiviert in Ihr Unternehmen kommt.<\/p>\t\t\t\t\t\t\t\t<\/div>\n\t\t\t\t\t<\/div>\n\t\t\t\t<\/div>\n\t\t<div class=\"elementor-element elementor-element-92d3654 e-flex e-con-boxed e-con e-parent\" data-id=\"92d3654\" data-element_type=\"container\" data-e-type=\"container\">\n\t\t\t\t\t<div class=\"e-con-inner\">\n\t\t\t\t<div class=\"elementor-element elementor-element-04ace0c elementor-widget elementor-widget-heading\" data-id=\"04ace0c\" data-element_type=\"widget\" data-e-type=\"widget\" data-widget_type=\"heading.default\">\n\t\t\t\t\t<h3 class=\"elementor-heading-title elementor-size-default\">Standort und Umfeld<\/h3>\t\t\t\t<\/div>\n\t\t\t\t<div class=\"elementor-element elementor-element-c85b405 elementor-widget elementor-widget-text-editor\" data-id=\"c85b405\" data-element_type=\"widget\" data-e-type=\"widget\" data-widget_type=\"text-editor.default\">\n\t\t\t\t\t\t\t\t\t<p><img decoding=\"async\" class=\"alignright wp-image-105 size-medium lazyload\" data-src=\"https:\/\/www.asiatalentbridge.de\/wp-content\/uploads\/2025\/09\/P4140009-scaled-e1773048516411-300x273.jpeg\" alt=\"Das Geb\u00e4ude von AsiaTalentBridge in Yanji\" width=\"300\" height=\"273\" data-srcset=\"https:\/\/www.asiatalentbridge.de\/wp-content\/uploads\/2025\/09\/P4140009-scaled-e1773048516411-300x273.jpeg 300w, https:\/\/www.asiatalentbridge.de\/wp-content\/uploads\/2025\/09\/P4140009-scaled-e1773048516411-768x698.jpeg 768w, https:\/\/www.asiatalentbridge.de\/wp-content\/uploads\/2025\/09\/P4140009-scaled-e1773048516411-1024x931.jpeg 1024w, https:\/\/www.asiatalentbridge.de\/wp-content\/uploads\/2025\/09\/P4140009-scaled-e1773048516411-1536x1396.jpeg 1536w, https:\/\/www.asiatalentbridge.de\/wp-content\/uploads\/2025\/09\/P4140009-scaled-e1773048516411-2048x1862.jpeg 2048w, https:\/\/www.asiatalentbridge.de\/wp-content\/uploads\/2025\/09\/P4140009-scaled-e1773048516411-13x12.jpeg 13w, https:\/\/www.asiatalentbridge.de\/wp-content\/uploads\/2025\/09\/P4140009-scaled-e1773048516411-600x546.jpeg 600w\" data-sizes=\"(max-width: 300px) 100vw, 300px\" src=\"data:image\/svg+xml;base64,PHN2ZyB3aWR0aD0iMSIgaGVpZ2h0PSIxIiB4bWxucz0iaHR0cDovL3d3dy53My5vcmcvMjAwMC9zdmciPjwvc3ZnPg==\" style=\"--smush-placeholder-width: 300px; --smush-placeholder-aspect-ratio: 300\/273;\" \/>Unser Sitz befindet sich in Yanji, einer lebendigen Stadt im Grenzgebiet zu Nordkorea und Russland. Yanji ist das Zentrum der Koreanischen Autonomen Pr\u00e4fektur Yanbian \u2013 einer Region, in der die chinesische und die koreanische Kultur aufeinandertreffen und ein vielf\u00e4ltiges Bildungsumfeld schaffen. Diese kulturelle Vielfalt ist ein wichtiger Bestandteil unserer Ausbildung: Sie hilft, Offenheit, Anpassungsf\u00e4higkeit und interkulturelle Kompetenz zu entwickeln &#8211; Eigenschaften, die auch in der deutschen Arbeitswelt zunehmend ben\u00f6tigt werden.<\/p>\t\t\t\t\t\t\t\t<\/div>\n\t\t\t\t\t<\/div>\n\t\t\t\t<\/div>\n\t\t<div class=\"elementor-element elementor-element-707dbc3 e-flex e-con-boxed e-con e-parent\" data-id=\"707dbc3\" data-element_type=\"container\" data-e-type=\"container\" data-settings=\"{&quot;background_background&quot;:&quot;classic&quot;}\">\n\t\t\t\t\t<div class=\"e-con-inner\">\n\t\t\t\t<div class=\"elementor-element elementor-element-558fa29 elementor-widget elementor-widget-heading\" data-id=\"558fa29\" data-element_type=\"widget\" data-e-type=\"widget\" data-widget_type=\"heading.default\">\n\t\t\t\t\t<h3 class=\"elementor-heading-title elementor-size-default\">Wer wir sind<\/h3>\t\t\t\t<\/div>\n\t\t\t\t<div class=\"elementor-element elementor-element-0560e7e elementor-widget__width-initial elementor-widget elementor-widget-text-editor\" data-id=\"0560e7e\" data-element_type=\"widget\" data-e-type=\"widget\" data-widget_type=\"text-editor.default\">\n\t\t\t\t\t\t\t\t\t<p><img decoding=\"async\" class=\"alignright wp-image-88 lazyload\" data-src=\"https:\/\/asiatalentbridge.de\/wp-content\/uploads\/2025\/09\/Photo-Website-1.jpeg\" alt=\"\" width=\"225\" height=\"300\" src=\"data:image\/svg+xml;base64,PHN2ZyB3aWR0aD0iMSIgaGVpZ2h0PSIxIiB4bWxucz0iaHR0cDovL3d3dy53My5vcmcvMjAwMC9zdmciPjwvc3ZnPg==\" style=\"--smush-placeholder-width: 225px; --smush-placeholder-aspect-ratio: 225\/300;\" \/>Gegr\u00fcndet wurde AsiaTalentBridge von Daniel Wei, einem erfahrenen P\u00e4dagogen mit akademischem Hintergrund in Sprachwissenschaft und Theologie. Er hat an der University of Chester in Gro\u00dfbritannien studiert und unter anderem an der Yanbian University of Science &amp; Technology (YUST) unterrichtet. Seine Erfahrungen bringt er gezielt in die Ausbildung und Vermittlung ein.<\/p><h3>Der Deutschunterricht<\/h3><p>Unsere Deutschkurse sind auf individuelle F\u00f6rderung ausgerichtet. Der Kursbeginn ist alle drei Monate m\u00f6glich. Ein flexibles Lernformat f\u00f6rdert selbstst\u00e4ndiges Arbeiten und schafft gleichzeitig einen strukturierten Rahmen.<\/p><p>Unsere Studierenden lernen t\u00e4glich vier Stunden im Klassenverband, erg\u00e4nzt durch fest eingeplante Selbststudienzeiten. Diese Balance zwischen Anleitung und Eigenverantwortung stellt sicher, dass unsere Absolventen nicht nur sprachlich, sondern auch methodisch gut auf das Leben und Arbeiten in Deutschland vorbereitet sind.<\/p>\t\t\t\t\t\t\t\t<\/div>\n\t\t\t\t\t<\/div>\n\t\t\t\t<\/div>\n\t\t<div class=\"elementor-element elementor-element-36d3ceb e-flex e-con-boxed e-con e-parent\" data-id=\"36d3ceb\" data-element_type=\"container\" data-e-type=\"container\">\n\t\t\t\t\t<div class=\"e-con-inner\">\n\t\t\t\t<div class=\"elementor-element elementor-element-bc71765 elementor-widget elementor-widget-heading\" data-id=\"bc71765\" data-element_type=\"widget\" data-e-type=\"widget\" data-widget_type=\"heading.default\">\n\t\t\t\t\t<h3 class=\"elementor-heading-title elementor-size-default\">Was uns auszeichnet<\/h3>\t\t\t\t<\/div>\n\t\t\t\t<div class=\"elementor-element elementor-element-9243d77 elementor-widget elementor-widget-text-editor\" data-id=\"9243d77\" data-element_type=\"widget\" data-e-type=\"widget\" data-widget_type=\"text-editor.default\">\n\t\t\t\t\t\t\t\t\t<p>AsiaTalentBridge steht f\u00fcr pers\u00f6nliche Betreuung, fundierte sprachliche Vorbereitung und zuverl\u00e4ssige Auswahl. Wir vermitteln junge Menschen, die nicht nur sprachlich, sondern auch mental und kulturell auf das Leben und Arbeiten in Deutschland vorbereitet sind.<\/p><p>Wir sind davon \u00fcberzeugt, dass unser Ansatz nicht nur Ihre Herausforderungen bei der Personalbeschaffung l\u00f6st, sondern auch zu einer dynamischeren und vielf\u00e4ltigeren Belegschaft beitr\u00e4gt.<\/p>\t\t\t\t\t\t\t\t<\/div>\n\t\t\t\t\t<\/div>\n\t\t\t\t<\/div>\n\t\t\t\t<\/div>","protected":false},"excerpt":{"rendered":"<p>Unser Auftrag: Zuverl\u00e4ssige Mitarbeiter f\u00fcr Ihr Unternehmen AsiaTalentBridge wurde 2016 in der Stadt Yanji in der Provinz Jilin im Nordosten Chinas gegr\u00fcndet &#8211; mit einem klaren Ziel: motivierte Nachwuchskr\u00e4fte aus Asien mit den vielf\u00e4ltigen Ausbildungsm\u00f6glichkeiten in Deutschland zusammenzubringen. Wir bieten praxisorientierten Deutschunterricht und interkulturelle Vorbereitung speziell f\u00fcr junge Menschen aus China, die sich bewusst f\u00fcr [&hellip;]<\/p>\n","protected":false},"author":3,"featured_media":0,"parent":0,"menu_order":0,"comment_status":"closed","ping_status":"closed","template":"elementor_header_footer","meta":{"footnotes":""},"class_list":["post-112","page","type-page","status-publish","hentry"],"_links":{"self":[{"href":"https:\/\/www.asiatalentbridge.de\/en\/wp-json\/wp\/v2\/pages\/112","targetHints":{"allow":["GET"]}}],"collection":[{"href":"https:\/\/www.asiatalentbridge.de\/en\/wp-json\/wp\/v2\/pages"}],"about":[{"href":"https:\/\/www.asiatalentbridge.de\/en\/wp-json\/wp\/v2\/types\/page"}],"author":[{"embeddable":true,"href":"https:\/\/www.asiatalentbridge.de\/en\/wp-json\/wp\/v2\/users\/3"}],"replies":[{"embeddable":true,"href":"https:\/\/www.asiatalentbridge.de\/en\/wp-json\/wp\/v2\/comments?post=112"}],"version-history":[{"count":10,"href":"https:\/\/www.asiatalentbridge.de\/en\/wp-json\/wp\/v2\/pages\/112\/revisions"}],"predecessor-version":[{"id":15798,"href":"https:\/\/www.asiatalentbridge.de\/en\/wp-json\/wp\/v2\/pages\/112\/revisions\/15798"}],"wp:attachment":[{"href":"https:\/\/www.asiatalentbridge.de\/en\/wp-json\/wp\/v2\/media?parent=112"}],"curies":[{"name":"wp","href":"https:\/\/api.w.org\/{rel}","templated":true}]}}