{"id":114,"date":"2025-09-12T11:36:47","date_gmt":"2025-09-12T09:36:47","guid":{"rendered":"https:\/\/asiatalentbridge.de\/?page_id=114"},"modified":"2026-03-09T09:33:49","modified_gmt":"2026-03-09T08:33:49","slug":"kontakt","status":"publish","type":"page","link":"https:\/\/www.asiatalentbridge.de\/en\/kontakt\/","title":{"rendered":"Kontakt"},"content":{"rendered":"<div data-elementor-type=\"wp-page\" data-elementor-id=\"114\" class=\"elementor elementor-114\">\n\t\t\t\t<div class=\"elementor-element elementor-element-11274ac e-flex e-con-boxed e-con e-parent\" data-id=\"11274ac\" data-element_type=\"container\" data-e-type=\"container\">\n\t\t\t\t\t<div class=\"e-con-inner\">\n\t\t\t\t<div class=\"elementor-element elementor-element-0a5b1d4 elementor-widget elementor-widget-heading\" data-id=\"0a5b1d4\" data-element_type=\"widget\" data-e-type=\"widget\" data-widget_type=\"heading.default\">\n\t\t\t\t\t<h2 class=\"elementor-heading-title elementor-size-default\">Treten Sie mit uns in Kontakt!<\/h2>\t\t\t\t<\/div>\n\t\t<div class=\"elementor-element elementor-element-6fed48f e-con-full e-flex e-con e-child\" data-id=\"6fed48f\" data-element_type=\"container\" data-e-type=\"container\">\n\t\t\t\t<div class=\"elementor-element elementor-element-f626fe0 elementor-widget__width-initial elementor-widget elementor-widget-image\" data-id=\"f626fe0\" data-element_type=\"widget\" data-e-type=\"widget\" data-widget_type=\"image.default\">\n\t\t\t\t\t\t\t\t\t\t\t\t\t\t\t<img fetchpriority=\"high\" decoding=\"async\" width=\"640\" height=\"510\" src=\"https:\/\/www.asiatalentbridge.de\/wp-content\/uploads\/2026\/03\/DSC05013-scaled-e1773045177740-1024x816.jpg\" class=\"attachment-large size-large wp-image-15719\" alt=\"Mann f\u00fcllt Eingabeformular aus\" srcset=\"https:\/\/www.asiatalentbridge.de\/wp-content\/uploads\/2026\/03\/DSC05013-scaled-e1773045177740-1024x816.jpg 1024w, https:\/\/www.asiatalentbridge.de\/wp-content\/uploads\/2026\/03\/DSC05013-scaled-e1773045177740-300x239.jpg 300w, https:\/\/www.asiatalentbridge.de\/wp-content\/uploads\/2026\/03\/DSC05013-scaled-e1773045177740-768x612.jpg 768w, https:\/\/www.asiatalentbridge.de\/wp-content\/uploads\/2026\/03\/DSC05013-scaled-e1773045177740-1536x1224.jpg 1536w, https:\/\/www.asiatalentbridge.de\/wp-content\/uploads\/2026\/03\/DSC05013-scaled-e1773045177740-15x12.jpg 15w, https:\/\/www.asiatalentbridge.de\/wp-content\/uploads\/2026\/03\/DSC05013-scaled-e1773045177740-600x478.jpg 600w, https:\/\/www.asiatalentbridge.de\/wp-content\/uploads\/2026\/03\/DSC05013-scaled-e1773045177740.jpg 1724w\" sizes=\"(max-width: 640px) 100vw, 640px\" \/>\t\t\t\t\t\t\t\t\t\t\t\t\t\t\t<\/div>\n\t\t<div class=\"elementor-element elementor-element-d928ed6 e-con-full e-flex e-con e-child\" data-id=\"d928ed6\" data-element_type=\"container\" data-e-type=\"container\">\n\t\t\t\t<div class=\"elementor-element elementor-element-1aafc3a elementor-widget elementor-widget-text-editor\" data-id=\"1aafc3a\" data-element_type=\"widget\" data-e-type=\"widget\" data-widget_type=\"text-editor.default\">\n\t\t\t\t\t\t\t\t\t<p>Haben Sie Fragen zu unseren Auszubildenden?<br \/>M\u00f6chten Sie mehr dar\u00fcber erfahren m\u00f6chten, wie wir deutsche Unternehmen bei der Suche nach motivierten Fachkr\u00e4ften unterst\u00fctzen?<br \/>Haben Sie ein anderes Anliegen?<\/p><p>Wir stehen Ihnen gerne zur Verf\u00fcgung.<\/p>\t\t\t\t\t\t\t\t<\/div>\n\t\t\t\t<div class=\"elementor-element elementor-element-9ffdb0b elementor-widget elementor-widget-html\" data-id=\"9ffdb0b\" data-element_type=\"widget\" data-e-type=\"widget\" data-widget_type=\"html.default\">\n\t\t\t\t\t<p><strong>E-Mail: <\/strong> <span id=\"mail-link\"><\/span>\n  <noscript>Bitte JavaScript aktivieren, um die E-Mail-Adresse zu sehen.<\/noscript>\n<\/p>\n\n<script>\n  const user = \"mail\";\n  const domain = \"asiatalentbridge.de\";\n  const address = `${user}@${domain}`;\n\n  document.getElementById(\"mail-link\").innerHTML =\n    `<a href=\"mailto:${address}\" aria-label=\"E-Mail an ${address} senden\">${address}<\/a>`;\n<\/script>\n\t\t\t\t<\/div>\n\t\t\t\t<div class=\"elementor-element elementor-element-d4703bb elementor-widget elementor-widget-text-editor\" data-id=\"d4703bb\" data-element_type=\"widget\" data-e-type=\"widget\" data-widget_type=\"text-editor.default\">\n\t\t\t\t\t\t\t\t\t<p><strong>Postadresse:<\/strong> AsiaTalentBridge, Daniel Wei, 201, No.126, Juzi Street, Yanji City, Jilin Province, 133000, VR China<\/p><p>Wenn Sie einen Telefontermin vereinbaren m\u00f6chten oder einfach nur eine Frage haben, f\u00fcllen Sie bitte das untenstehende Formular aus.<\/p>\t\t\t\t\t\t\t\t<\/div>\n\t\t\t\t<\/div>\n\t\t\t\t<\/div>\n\t\t\t\t<div class=\"elementor-element elementor-element-8997692 elementor-widget elementor-widget-text-editor\" data-id=\"8997692\" data-element_type=\"widget\" data-e-type=\"widget\" data-widget_type=\"text-editor.default\">\n\t\t\t\t\t\t\t\t\t<p>Unternehmen, die Ausbildungspl\u00e4tze im Rahmen der dualen Berufsausbildung anbieten, bitten wir, <a href=\"\/en\/link\/\">dieses Formular<\/a> auszuf\u00fcllen. Wir k\u00f6nnen Ihnen dann detaillierte Bewerberprofile zukommen lassen.<\/p>\t\t\t\t\t\t\t\t<\/div>\n\t\t\t\t\t<\/div>\n\t\t\t\t<\/div>\n\t\t<div class=\"elementor-element elementor-element-79a0866 e-flex e-con-boxed e-con e-parent\" data-id=\"79a0866\" data-element_type=\"container\" data-e-type=\"container\" data-settings=\"{&quot;background_background&quot;:&quot;classic&quot;}\">\n\t\t\t\t\t<div class=\"e-con-inner\">\n\t\t\t\t<div class=\"elementor-element elementor-element-63676c8 elementor-widget elementor-widget-text-editor\" data-id=\"63676c8\" data-element_type=\"widget\" data-e-type=\"widget\" data-widget_type=\"text-editor.default\">\n\t\t\t\t\t\t\t\t\t<p><strong>Kontaktformular<\/strong><\/p>\t\t\t\t\t\t\t\t<\/div>\n\t\t\t\t<div class=\"elementor-element elementor-element-2e33518 elementor-widget elementor-widget-shortcode\" data-id=\"2e33518\" data-element_type=\"widget\" data-e-type=\"widget\" data-widget_type=\"shortcode.default\">\n\t\t\t\t\t\t\t<div class=\"elementor-shortcode\">\n<div class=\"wpcf7 no-js\" id=\"wpcf7-f960-o1\" lang=\"de-DE\" dir=\"ltr\" data-wpcf7-id=\"960\">\n<div class=\"screen-reader-response\"><p role=\"status\" aria-live=\"polite\" aria-atomic=\"true\"><\/p> <ul><\/ul><\/div>\n<form action=\"\/en\/wp-json\/wp\/v2\/pages\/114#wpcf7-f960-o1\" method=\"post\" class=\"wpcf7-form init\" aria-label=\"Kontaktformular\" novalidate=\"novalidate\" data-status=\"init\" data-trp-original-action=\"\/en\/wp-json\/wp\/v2\/pages\/114#wpcf7-f960-o1\">\n<fieldset class=\"hidden-fields-container\"><input type=\"hidden\" name=\"_wpcf7\" value=\"960\" \/><input type=\"hidden\" name=\"_wpcf7_version\" value=\"6.1.5\" \/><input type=\"hidden\" name=\"_wpcf7_locale\" value=\"de_DE\" \/><input type=\"hidden\" name=\"_wpcf7_unit_tag\" value=\"wpcf7-f960-o1\" \/><input type=\"hidden\" name=\"_wpcf7_container_post\" value=\"0\" \/><input type=\"hidden\" name=\"_wpcf7_posted_data_hash\" value=\"\" \/><input type=\"hidden\" name=\"_wpcf7cf_hidden_group_fields\" value=\"[]\" \/><input type=\"hidden\" name=\"_wpcf7cf_hidden_groups\" value=\"[]\" \/><input type=\"hidden\" name=\"_wpcf7cf_visible_groups\" value=\"[]\" \/><input type=\"hidden\" name=\"_wpcf7cf_repeaters\" value=\"[]\" \/><input type=\"hidden\" name=\"_wpcf7cf_steps\" value=\"{}\" \/><input type=\"hidden\" name=\"_wpcf7cf_options\" value=\"{&quot;form_id&quot;:960,&quot;conditions&quot;:[],&quot;settings&quot;:{&quot;animation&quot;:&quot;yes&quot;,&quot;animation_intime&quot;:200,&quot;animation_outtime&quot;:200,&quot;conditions_ui&quot;:&quot;normal&quot;,&quot;notice_dismissed&quot;:false}}\" \/>\n<\/fieldset>\n<div class=\"cf7-general-grid\">\n  <!-- Zeile 1 -->\n  <div class=\"cf7-general-row\">\n    <div class=\"cf7-general-half\">\n      <label>Unternehmen<\/label>\n      <span class=\"wpcf7-form-control-wrap\" data-name=\"company-name\"><input size=\"40\" maxlength=\"400\" class=\"wpcf7-form-control wpcf7-text\" aria-invalid=\"false\" value=\"\" type=\"text\" name=\"company-name\" \/><\/span>\n    <\/div>\n    <div class=\"cf7-general-half\">\n      <label>Ansprechpartner (Vorname, Nachname)*<\/label>\n      <span class=\"wpcf7-form-control-wrap\" data-name=\"contact-person\"><input size=\"40\" maxlength=\"400\" class=\"wpcf7-form-control wpcf7-text wpcf7-validates-as-required\" aria-required=\"true\" aria-invalid=\"false\" value=\"\" type=\"text\" name=\"contact-person\" \/><\/span>\n    <\/div>\n  <\/div>\n\n  <!-- Zeile 2 -->\n  <div class=\"cf7-general-row\">\n    <div class=\"cf7-general-half\">\n      <label>E-Mail-Adresse*<\/label>\n      <span class=\"wpcf7-form-control-wrap\" data-name=\"email\"><input size=\"40\" maxlength=\"400\" class=\"wpcf7-form-control wpcf7-email wpcf7-validates-as-required wpcf7-text wpcf7-validates-as-email\" aria-required=\"true\" aria-invalid=\"false\" value=\"\" type=\"email\" name=\"email\" \/><\/span>\n    <\/div>\n    <div class=\"cf7-general-half\">\n      <label>Telefonnummer<\/label>\n      <span class=\"wpcf7-form-control-wrap\" data-name=\"phone\"><input size=\"40\" maxlength=\"400\" class=\"wpcf7-form-control wpcf7-tel wpcf7-text wpcf7-validates-as-tel\" aria-invalid=\"false\" value=\"\" type=\"tel\" name=\"phone\" \/><\/span>\n    <\/div>\n  <\/div>\n\n  <!-- Zeile 3 -->\n  <div class=\"cf7-general-row\">\n    <div class=\"cf7-general-half\">\n      <label>Bevorzugter Tag f\u00fcr ein Telefonat (deutsche Zeit)<\/label>\n      <span class=\"wpcf7-form-control-wrap\" data-name=\"date-199\"><input class=\"wpcf7-form-control wpcf7-date wpcf7-validates-as-date\" aria-invalid=\"false\" value=\"\" type=\"date\" name=\"date-199\" \/><\/span>\n    <\/div>\n    <div class=\"cf7-general-half\">\n      <label>Bevorzugte Uhrzeit<\/label>\n      <span class=\"wpcf7-form-control-wrap\" data-name=\"select-980\"><select class=\"wpcf7-form-control wpcf7-select\" aria-invalid=\"false\" name=\"select-980\"><option value=\"Bitte Uhrzeit ausw\u00e4hlen\">Bitte Uhrzeit ausw\u00e4hlen<\/option><option value=\"07:30 Uhr\">07:30 Uhr<\/option><option value=\"08:00 Uhr\">08:00 Uhr<\/option><option value=\"08:30 Uhr\">08:30 Uhr<\/option><option value=\"09:00 Uhr\">09:00 Uhr<\/option><option value=\"09:30 Uhr\">09:30 Uhr<\/option><option value=\"10:00 Uhr\">10:00 Uhr<\/option><option value=\"10:30 Uhr\">10:30 Uhr<\/option><option value=\"11:00 Uhr\">11:00 Uhr<\/option><option value=\"11:30 Uhr\">11:30 Uhr<\/option><option value=\"Individuelle Anfrage\">Individuelle Anfrage<\/option><\/select><\/span>\n    <\/div>\n  <\/div>\n\n  <!-- Zeile 4 -->\n  <label>Betreff*<\/label>\n  <span class=\"wpcf7-form-control-wrap\" data-name=\"subject\"><input size=\"40\" maxlength=\"400\" class=\"wpcf7-form-control wpcf7-text wpcf7-validates-as-required\" aria-required=\"true\" aria-invalid=\"false\" value=\"\" type=\"text\" name=\"subject\" \/><\/span>\n\n  <!-- Zeile 5 -->\n  <label>Ihre Nachricht*<\/label>\n  <span class=\"wpcf7-form-control-wrap\" data-name=\"message\"><textarea cols=\"40\" rows=\"5\" maxlength=\"2000\" class=\"wpcf7-form-control wpcf7-textarea\" aria-invalid=\"false\" name=\"message\"><\/textarea><\/span>\n\n<div class=\"cf7-general-checkbox\">\n  <span class=\"wpcf7-form-control-wrap\" data-name=\"checkbox-473\"><span class=\"wpcf7-form-control wpcf7-checkbox wpcf7-validates-as-required\"><span class=\"wpcf7-list-item first last\"><label><input type=\"checkbox\" name=\"checkbox-473[]\" value=\"Ich bin einverstanden, dass meine Angaben zum Zweck der Kontaktaufnahme gespeichert und verarbeitet werden.*\" \/><span class=\"wpcf7-list-item-label\">Ich bin einverstanden, dass meine Angaben zum Zweck der Kontaktaufnahme gespeichert und verarbeitet werden.*<\/span><\/label><\/span><\/span><\/span>\n<\/div>\n  <div class=\"cf7-cf-turnstile\" style=\"margin-top: 0px; margin-bottom: -15px;\"> <div id=\"cf-turnstile-cf7-1309016836\" class=\"cf-turnstile\" data-sitekey=\"0x4AAAAAACHjUy_Y9byM-Yo6\" data-theme=\"light\" data-language=\"auto\" data-size=\"normal\" data-retry=\"auto\" data-retry-interval=\"1000\" data-refresh-expired=\"auto\" data-refresh-timeout=\"auto\" data-action=\"contact-form-7\" data-callback=\"turnstileCF7Callback\" data-appearance=\"always\"><\/div> <script>document.addEventListener(\"DOMContentLoaded\", function() { setTimeout(function(){ var e=document.getElementById(\"cf-turnstile-cf7-1309016836\"); if(e&&!e.innerHTML.trim()){turnstile.render(e, {sitekey:\"0x4AAAAAACHjUy_Y9byM-Yo6\"});} }, 200); });<\/script> <br class=\"cf-turnstile-br cf-turnstile-br-cf7-1309016836\"> <style>#cf-turnstile-cf7-1309016836 { margin-left: -15px; }<\/style> <script>document.addEventListener(\"DOMContentLoaded\",function(){document.querySelectorAll('.wpcf7-form').forEach(function(e){e.addEventListener('submit',function(){if(document.getElementById('cf-turnstile-cf7-1309016836')){setTimeout(function(){turnstile.reset('#cf-turnstile-cf7-1309016836');},1000)}})})});<\/script> <\/div><br\/><input class=\"wpcf7-form-control wpcf7-submit has-spinner\" type=\"submit\" value=\"Senden\" \/>\n<\/div><p style=\"display: none !important;\" class=\"akismet-fields-container\" data-prefix=\"_wpcf7_ak_\"><label>&#916;<textarea name=\"_wpcf7_ak_hp_textarea\" cols=\"45\" rows=\"8\" maxlength=\"100\"><\/textarea><\/label><input type=\"hidden\" id=\"ak_js_1\" name=\"_wpcf7_ak_js\" value=\"50\"\/><script>document.getElementById( \"ak_js_1\" ).setAttribute( \"value\", ( new Date() ).getTime() );<\/script><\/p><div class=\"wpcf7-response-output\" aria-hidden=\"true\"><\/div>\n<input type=\"hidden\" name=\"trp-form-language\" value=\"en\"\/><\/form>\n<\/div>\n<\/div>\n\t\t\t\t\t\t<\/div>\n\t\t\t\t<div class=\"elementor-element elementor-element-c528dd9 elementor-widget elementor-widget-text-editor\" data-id=\"c528dd9\" data-element_type=\"widget\" data-e-type=\"widget\" data-widget_type=\"text-editor.default\">\n\t\t\t\t\t\t\t\t\t<p>Bitte beachten Sie: Aufgrund der Zeitverschiebung von bis zu sieben Stunden sind Telefonate nur vormittags m\u00f6glich.<\/p><p>Wir freuen uns, von Ihnen zu h\u00f6ren!<\/p>\t\t\t\t\t\t\t\t<\/div>\n\t\t\t\t\t<\/div>\n\t\t\t\t<\/div>\n\t\t\t\t<\/div>","protected":false},"excerpt":{"rendered":"<p>Treten Sie mit uns in Kontakt! Haben Sie Fragen zu unseren Auszubildenden?M\u00f6chten Sie mehr dar\u00fcber erfahren m\u00f6chten, wie wir deutsche Unternehmen bei der Suche nach motivierten Fachkr\u00e4ften unterst\u00fctzen?Haben Sie ein anderes Anliegen? Wir stehen Ihnen gerne zur Verf\u00fcgung. E-Mail: Bitte JavaScript aktivieren, um die E-Mail-Adresse zu sehen. Postadresse: AsiaTalentBridge, Daniel Wei, 201, No.126, Juzi Street, [&hellip;]<\/p>\n","protected":false},"author":3,"featured_media":0,"parent":0,"menu_order":0,"comment_status":"closed","ping_status":"closed","template":"elementor_header_footer","meta":{"footnotes":""},"class_list":["post-114","page","type-page","status-publish","hentry"],"_links":{"self":[{"href":"https:\/\/www.asiatalentbridge.de\/en\/wp-json\/wp\/v2\/pages\/114","targetHints":{"allow":["GET"]}}],"collection":[{"href":"https:\/\/www.asiatalentbridge.de\/en\/wp-json\/wp\/v2\/pages"}],"about":[{"href":"https:\/\/www.asiatalentbridge.de\/en\/wp-json\/wp\/v2\/types\/page"}],"author":[{"embeddable":true,"href":"https:\/\/www.asiatalentbridge.de\/en\/wp-json\/wp\/v2\/users\/3"}],"replies":[{"embeddable":true,"href":"https:\/\/www.asiatalentbridge.de\/en\/wp-json\/wp\/v2\/comments?post=114"}],"version-history":[{"count":6,"href":"https:\/\/www.asiatalentbridge.de\/en\/wp-json\/wp\/v2\/pages\/114\/revisions"}],"predecessor-version":[{"id":15725,"href":"https:\/\/www.asiatalentbridge.de\/en\/wp-json\/wp\/v2\/pages\/114\/revisions\/15725"}],"wp:attachment":[{"href":"https:\/\/www.asiatalentbridge.de\/en\/wp-json\/wp\/v2\/media?parent=114"}],"curies":[{"name":"wp","href":"https:\/\/api.w.org\/{rel}","templated":true}]}}