{"id":116,"date":"2025-09-19T11:44:48","date_gmt":"2025-09-19T09:44:48","guid":{"rendered":"https:\/\/asiatalentbridge.de\/?page_id=116"},"modified":"2026-04-13T09:53:09","modified_gmt":"2026-04-13T07:53:09","slug":"auszubildende-finden","status":"publish","type":"page","link":"https:\/\/www.asiatalentbridge.de\/en\/auszubildende-finden\/","title":{"rendered":"Auszubildende finden"},"content":{"rendered":"<div data-elementor-type=\"wp-page\" data-elementor-id=\"116\" class=\"elementor elementor-116\">\n\t\t\t\t<div class=\"elementor-element elementor-element-6a3f3e7 e-flex e-con-boxed e-con e-parent\" data-id=\"6a3f3e7\" data-element_type=\"container\" data-e-type=\"container\">\n\t\t\t\t\t<div class=\"e-con-inner\">\n\t\t<div class=\"elementor-element elementor-element-6ca3ae3 e-con-full e-flex e-con e-child\" data-id=\"6ca3ae3\" data-element_type=\"container\" data-e-type=\"container\">\n\t\t\t\t<div class=\"elementor-element elementor-element-b726d98 elementor-widget elementor-widget-heading\" data-id=\"b726d98\" data-element_type=\"widget\" data-e-type=\"widget\" data-widget_type=\"heading.default\">\n\t\t\t\t\t<h2 class=\"elementor-heading-title elementor-size-default\">Finden Sie Ihre zuk\u00fcnftigen Auszubildenden!<\/h2>\t\t\t\t<\/div>\n\t\t\t\t<div class=\"elementor-element elementor-element-4ba2648 elementor-widget elementor-widget-text-editor\" data-id=\"4ba2648\" data-element_type=\"widget\" data-e-type=\"widget\" data-widget_type=\"text-editor.default\">\n\t\t\t\t\t\t\t\t\t<p><img decoding=\"async\" class=\"alignleft wp-image-111 lazyload\" data-src=\"https:\/\/www.asiatalentbridge.de\/wp-content\/uploads\/2025\/09\/Unknown-scaled-e1773047493314-252x300.jpeg\" alt=\"Auszubildender in der Gastronomie\" width=\"200\" height=\"238\" data-srcset=\"https:\/\/www.asiatalentbridge.de\/wp-content\/uploads\/2025\/09\/Unknown-scaled-e1773047493314-252x300.jpeg 252w, https:\/\/www.asiatalentbridge.de\/wp-content\/uploads\/2025\/09\/Unknown-scaled-e1773047493314-768x915.jpeg 768w, https:\/\/www.asiatalentbridge.de\/wp-content\/uploads\/2025\/09\/Unknown-scaled-e1773047493314-859x1024.jpeg 859w, https:\/\/www.asiatalentbridge.de\/wp-content\/uploads\/2025\/09\/Unknown-scaled-e1773047493314-10x12.jpeg 10w, https:\/\/www.asiatalentbridge.de\/wp-content\/uploads\/2025\/09\/Unknown-scaled-e1773047493314-600x715.jpeg 600w, https:\/\/www.asiatalentbridge.de\/wp-content\/uploads\/2025\/09\/Unknown-scaled-e1773047493314.jpeg 1200w\" data-sizes=\"(max-width: 200px) 100vw, 200px\" src=\"data:image\/svg+xml;base64,PHN2ZyB3aWR0aD0iMSIgaGVpZ2h0PSIxIiB4bWxucz0iaHR0cDovL3d3dy53My5vcmcvMjAwMC9zdmciPjwvc3ZnPg==\" style=\"--smush-placeholder-width: 200px; --smush-placeholder-aspect-ratio: 200\/238;\" \/>Den richtigen Auszubildenden zu gewinnen, bedeutet mehr, als nur eine offene Stelle zu besetzen.<\/p><p>Es geht darum, einen motivierten jungen Menschen f\u00fcr Ihr Unternehmen aufzunehmen \u2013 jemanden, der bereit ist zu lernen, sich zu einzubringen und mit Ihnen zu wachsen. Bei AsiaTalentBridge bereiten wir unsere Kandidaten sorgf\u00e4ltig auf ihre Ausbildung in Deutschland vor und begleiten sie auf diesem Weg. Alle unsere Sprachsch\u00fcler durchlaufen eine intensive Deutschausbildung bis mindestens zum Niveau B1. Damit sind sie in der Lage, sich im beruflichen Alltag zu verst\u00e4ndigen und sich gut in Deutschland einzuleben.<\/p><p>Unsere Sch\u00fcler sind hoch motiviert, ihre berufliche Laufbahn zu beginnen und verf\u00fcgen \u00fcber eine ausgepr\u00e4gte Arbeitsmotivation, Anpassungsf\u00e4higkeit und Lernbereitschaft.<\/p>\t\t\t\t\t\t\t\t<\/div>\n\t\t\t\t<\/div>\n\t\t\t\t\t<\/div>\n\t\t\t\t<\/div>\n\t\t<div class=\"elementor-element elementor-element-d43ae7e e-flex e-con-boxed e-con e-parent\" data-id=\"d43ae7e\" data-element_type=\"container\" data-e-type=\"container\" data-settings=\"{&quot;background_background&quot;:&quot;classic&quot;}\">\n\t\t\t\t\t<div class=\"e-con-inner\">\n\t\t<div class=\"elementor-element elementor-element-406f3c6 e-con-full e-flex e-con e-child\" data-id=\"406f3c6\" data-element_type=\"container\" data-e-type=\"container\">\n\t\t\t\t<div class=\"elementor-element elementor-element-87311be elementor-widget elementor-widget-heading\" data-id=\"87311be\" data-element_type=\"widget\" data-e-type=\"widget\" data-widget_type=\"heading.default\">\n\t\t\t\t\t<h3 class=\"elementor-heading-title elementor-size-default\"><h3 data-elementor-setting-key=\"title\" data-pen-placeholder=\"Eingabe hier...\" style=\"font-weight: 600;font-family: Roboto, sans-serif\">Warum sind unsere Kandidaten eine gute Wahl?<span><\/span><\/h3><\/h3>\t\t\t\t<\/div>\n\t\t\t\t<div class=\"elementor-element elementor-element-e933d41 elementor-widget__width-initial elementor-widget elementor-widget-text-editor\" data-id=\"e933d41\" data-element_type=\"widget\" data-e-type=\"widget\" data-widget_type=\"text-editor.default\">\n\t\t\t\t\t\t\t\t\t<p><img fetchpriority=\"high\" decoding=\"async\" class=\"alignright\" src=\"https:\/\/asiatalentbridge.de\/wp-content\/uploads\/2025\/09\/P4140022-scaled-e1761733291230-300x200.jpeg\" alt=\"\" width=\"379\" height=\"253\" \/><\/p><p><strong>Motiviert und engagiert<\/strong><br \/>Unsere Sprachsch\u00fcler sind fest entschlossen, sich in Deutschland eine berufliche Zukunft aufzubauen. Das Leben und Arbeiten in Deutschland ist ihr Traum, f\u00fcr den sie bereits viel investiert haben.<\/p><p><strong>Deutschkenntnisse<\/strong><br \/>Unsere Sprachsch\u00fcler lernen in China ausreichend Deutsch, um die Sprachpr\u00fcfungen zu bestehen. Sie werden insbesondere im H\u00f6ren und Sprechen geschult.<\/p><p><strong>Vorbereitung auf das Leben in Deutschland<\/strong><br \/>Neben der Sprache lernen unsere Sprachsch\u00fcler auch kulturelle Besonderheiten, Erwartungen im Arbeitsumfeld und Aspekte des t\u00e4glichen Lebens kennen.<\/p><p><strong>Umfassende Unterst\u00fctzung im Vermittlungsprozess<\/strong><br \/>Wir begleiten die administrativen Schritte sowie den Visumsantrag und sorgen daf\u00fcr, dass der \u00dcbergang f\u00fcr Ihr Unternehmen und den Auszubildenden reibungslos verl\u00e4uft.<\/p>\t\t\t\t\t\t\t\t<\/div>\n\t\t\t\t<\/div>\n\t\t\t\t\t<\/div>\n\t\t\t\t<\/div>\n\t\t<div class=\"elementor-element elementor-element-084fb01 e-flex e-con-boxed e-con e-parent\" data-id=\"084fb01\" data-element_type=\"container\" data-e-type=\"container\">\n\t\t\t\t\t<div class=\"e-con-inner\">\n\t\t\t\t<div class=\"elementor-element elementor-element-866e9ef elementor-widget elementor-widget-heading\" data-id=\"866e9ef\" data-element_type=\"widget\" data-e-type=\"widget\" data-widget_type=\"heading.default\">\n\t\t\t\t\t<h3 class=\"elementor-heading-title elementor-size-default\">Aktuelle Zahlen<\/h3>\t\t\t\t<\/div>\n\t\t\t\t<div class=\"elementor-element elementor-element-8e6e4d8 elementor-widget elementor-widget-text-editor\" data-id=\"8e6e4d8\" data-element_type=\"widget\" data-e-type=\"widget\" data-widget_type=\"text-editor.default\">\n\t\t\t\t\t\t\t\t\t<ul><li><strong>35 <\/strong>Sprachsch\u00fcler <strong>haben die Sprachpr\u00fcfung B1 bestanden.<\/strong><\/li><li><strong>6 <\/strong>Sprachsch\u00fcler <strong>haben die Sprachpr\u00fcfung A2 bestanden.<\/strong><\/li><li><strong>32 <\/strong>Sprachsch\u00fcler <strong>haben vor kurzem begonnen, Deutsch zu lernen.<\/strong><\/li><\/ul>\t\t\t\t\t\t\t\t<\/div>\n\t\t\t\t<div class=\"elementor-element elementor-element-a4ef29b elementor-widget elementor-widget-spacer\" data-id=\"a4ef29b\" data-element_type=\"widget\" data-e-type=\"widget\" data-widget_type=\"spacer.default\">\n\t\t\t\t\t\t\t<div class=\"elementor-spacer\">\n\t\t\t<div class=\"elementor-spacer-inner\"><\/div>\n\t\t<\/div>\n\t\t\t\t\t\t<\/div>\n\t\t\t\t<div class=\"elementor-element elementor-element-cc5e3cf elementor-widget elementor-widget-heading\" data-id=\"cc5e3cf\" data-element_type=\"widget\" data-e-type=\"widget\" data-widget_type=\"heading.default\">\n\t\t\t\t\t<h3 class=\"elementor-heading-title elementor-size-default\">Berufsfelder, f\u00fcr die sich unsere Kandidaten besonders interessieren:<\/h3>\t\t\t\t<\/div>\n\t\t<div class=\"elementor-element elementor-element-bccc316 e-con-full e-flex e-con e-child\" data-id=\"bccc316\" data-element_type=\"container\" data-e-type=\"container\">\n\t\t\t\t<div class=\"elementor-element elementor-element-81d51fc elementor-widget elementor-widget-text-editor\" data-id=\"81d51fc\" data-element_type=\"widget\" data-e-type=\"widget\" data-widget_type=\"text-editor.default\">\n\t\t\t\t\t\t\t\t\t<p><strong>Gastronomie und Hotellerie:<\/strong><\/p><ul><li>Hotellerie<\/li><li>K\u00fcche und Service<\/li><li>Hauswirtschaft<\/li><\/ul>\t\t\t\t\t\t\t\t<\/div>\n\t\t\t\t<div class=\"elementor-element elementor-element-8c9a081 elementor-widget elementor-widget-text-editor\" data-id=\"8c9a081\" data-element_type=\"widget\" data-e-type=\"widget\" data-widget_type=\"text-editor.default\">\n\t\t\t\t\t\t\t\t\t<p><strong>Pflege:<\/strong><\/p><ul><li>Krankenpflege<\/li><li>Altenpflege<\/li><\/ul>\t\t\t\t\t\t\t\t<\/div>\n\t\t\t\t<div class=\"elementor-element elementor-element-ab9e8fe elementor-widget elementor-widget-text-editor\" data-id=\"ab9e8fe\" data-element_type=\"widget\" data-e-type=\"widget\" data-widget_type=\"text-editor.default\">\n\t\t\t\t\t\t\t\t\t<p><strong>Technik und IT:<\/strong><\/p>\n<ul>\n<li>Automatisierungstechnik<\/li>\n<li>Informatik<\/li>\n<li>Mechanik<\/li>\n<li>Kraftfahrzeugtechnik<\/li>\n<\/ul>\t\t\t\t\t\t\t\t<\/div>\n\t\t\t\t<div class=\"elementor-element elementor-element-9805440 elementor-widget elementor-widget-text-editor\" data-id=\"9805440\" data-element_type=\"widget\" data-e-type=\"widget\" data-widget_type=\"text-editor.default\">\n\t\t\t\t\t\t\t\t\t<p><strong>Logistik und Transport:<\/strong><\/p>\n<ul>\n<li>Lagerlogistik<\/li>\n<li>Berufskraftverkehr<\/li>\n<\/ul>\t\t\t\t\t\t\t\t<\/div>\n\t\t\t\t<\/div>\n\t\t\t\t\t<\/div>\n\t\t\t\t<\/div>\n\t\t<div class=\"elementor-element elementor-element-c8765df e-flex e-con-boxed e-con e-parent\" data-id=\"c8765df\" data-element_type=\"container\" data-e-type=\"container\">\n\t\t\t\t\t<div class=\"e-con-inner\">\n\t\t\t\t<div class=\"elementor-element elementor-element-28f6591 elementor-widget elementor-widget-spacer\" data-id=\"28f6591\" data-element_type=\"widget\" data-e-type=\"widget\" data-widget_type=\"spacer.default\">\n\t\t\t\t\t\t\t<div class=\"elementor-spacer\">\n\t\t\t<div class=\"elementor-spacer-inner\"><\/div>\n\t\t<\/div>\n\t\t\t\t\t\t<\/div>\n\t\t\t\t<div class=\"elementor-element elementor-element-b8ad10f elementor-widget elementor-widget-heading\" data-id=\"b8ad10f\" data-element_type=\"widget\" data-e-type=\"widget\" data-widget_type=\"heading.default\">\n\t\t\t\t\t<h3 class=\"elementor-heading-title elementor-size-default\">Sind Sie an einem Auszubildenden interessiert?<\/h3>\t\t\t\t<\/div>\n\t\t\t\t<div class=\"elementor-element elementor-element-25efe92 elementor-widget elementor-widget-text-editor\" data-id=\"25efe92\" data-element_type=\"widget\" data-e-type=\"widget\" data-widget_type=\"text-editor.default\">\n\t\t\t\t\t\t\t\t\t<p>Wenn Sie einen zuverl\u00e4ssigen und motivierten Auszubildenden f\u00fcr Ihr Unternehmen suchen, stellen wir Ihnen gerne geeignete Kandidaten vor.<\/p><p><a href=\"https:\/\/www.asiatalentbridge.de\/en\/kontakt\/\">Kontaktieren Sie uns<\/a> und wir helfen Ihnen, die richtige Verst\u00e4rkung f\u00fcr Ihr Team zu finden.<\/p>\t\t\t\t\t\t\t\t<\/div>\n\t\t\t\t<div class=\"elementor-element elementor-element-d607bb1 elementor-widget elementor-widget-spacer\" data-id=\"d607bb1\" data-element_type=\"widget\" data-e-type=\"widget\" data-widget_type=\"spacer.default\">\n\t\t\t\t\t\t\t<div class=\"elementor-spacer\">\n\t\t\t<div class=\"elementor-spacer-inner\"><\/div>\n\t\t<\/div>\n\t\t\t\t\t\t<\/div>\n\t\t\t\t\t<\/div>\n\t\t\t\t<\/div>\n\t\t\t\t<\/div>","protected":false},"excerpt":{"rendered":"<p>Finden Sie Ihre zuk\u00fcnftigen Auszubildenden! Den richtigen Auszubildenden zu gewinnen, bedeutet mehr, als nur eine offene Stelle zu besetzen. Es geht darum, einen motivierten jungen Menschen f\u00fcr Ihr Unternehmen aufzunehmen \u2013 jemanden, der bereit ist zu lernen, sich zu einzubringen und mit Ihnen zu wachsen. Bei AsiaTalentBridge bereiten wir unsere Kandidaten sorgf\u00e4ltig auf ihre Ausbildung [&hellip;]<\/p>\n","protected":false},"author":3,"featured_media":0,"parent":0,"menu_order":0,"comment_status":"closed","ping_status":"closed","template":"elementor_header_footer","meta":{"footnotes":""},"class_list":["post-116","page","type-page","status-publish","hentry"],"_links":{"self":[{"href":"https:\/\/www.asiatalentbridge.de\/en\/wp-json\/wp\/v2\/pages\/116","targetHints":{"allow":["GET"]}}],"collection":[{"href":"https:\/\/www.asiatalentbridge.de\/en\/wp-json\/wp\/v2\/pages"}],"about":[{"href":"https:\/\/www.asiatalentbridge.de\/en\/wp-json\/wp\/v2\/types\/page"}],"author":[{"embeddable":true,"href":"https:\/\/www.asiatalentbridge.de\/en\/wp-json\/wp\/v2\/users\/3"}],"replies":[{"embeddable":true,"href":"https:\/\/www.asiatalentbridge.de\/en\/wp-json\/wp\/v2\/comments?post=116"}],"version-history":[{"count":10,"href":"https:\/\/www.asiatalentbridge.de\/en\/wp-json\/wp\/v2\/pages\/116\/revisions"}],"predecessor-version":[{"id":15931,"href":"https:\/\/www.asiatalentbridge.de\/en\/wp-json\/wp\/v2\/pages\/116\/revisions\/15931"}],"wp:attachment":[{"href":"https:\/\/www.asiatalentbridge.de\/en\/wp-json\/wp\/v2\/media?parent=116"}],"curies":[{"name":"wp","href":"https:\/\/api.w.org\/{rel}","templated":true}]}}