{"id":122,"date":"2025-09-19T11:46:37","date_gmt":"2025-09-19T09:46:37","guid":{"rendered":"https:\/\/asiatalentbridge.de\/?page_id=122"},"modified":"2026-02-09T10:08:21","modified_gmt":"2026-02-09T09:08:21","slug":"vermitteln","status":"publish","type":"page","link":"https:\/\/www.asiatalentbridge.de\/en\/vermitteln\/","title":{"rendered":"Vermitteln"},"content":{"rendered":"<div data-elementor-type=\"wp-page\" data-elementor-id=\"122\" class=\"elementor elementor-122\">\n\t\t\t\t<div class=\"elementor-element elementor-element-ae0aa9d e-flex e-con-boxed e-con e-parent\" data-id=\"ae0aa9d\" data-element_type=\"container\" data-e-type=\"container\">\n\t\t\t\t\t<div class=\"e-con-inner\">\n\t\t\t\t<div class=\"elementor-element elementor-element-b4359cf elementor-widget elementor-widget-heading\" data-id=\"b4359cf\" data-element_type=\"widget\" data-e-type=\"widget\" data-widget_type=\"heading.default\">\n\t\t\t\t\t<h2 class=\"elementor-heading-title elementor-size-default\">Helfen Sie, Auszubildende aus China an deutsche Unternehmen zu vermitteln<br><\/h2>\t\t\t\t<\/div>\n\t\t\t\t<div class=\"elementor-element elementor-element-f0a9d26 elementor-widget elementor-widget-text-editor\" data-id=\"f0a9d26\" data-element_type=\"widget\" data-e-type=\"widget\" data-widget_type=\"text-editor.default\">\n\t\t\t\t\t\t\t\t\t<p>Wir von AsiaTalentBridge sind darauf spezialisiert, motivierte junge Talente aus China mit deutschen Unternehmen zusammenzubringen.<br \/>Wenn Sie Kontakte zu Ausbildungsbetrieben herstellen k\u00f6nnen, laden wir Sie ein, Teil unseres Empfehlungsprogramms zu werden &#8211; mit der M\u00f6glichkeit, f\u00fcr jede erfolgreiche Vermittlung eine Provision zu erhalten.<br \/>\u00a0<\/p>\t\t\t\t\t\t\t\t<\/div>\n\t\t\t\t\t<\/div>\n\t\t\t\t<\/div>\n\t\t<div class=\"elementor-element elementor-element-b961e6a e-flex e-con-boxed e-con e-parent\" data-id=\"b961e6a\" data-element_type=\"container\" data-e-type=\"container\" data-settings=\"{&quot;background_background&quot;:&quot;classic&quot;}\">\n\t\t\t\t\t<div class=\"e-con-inner\">\n\t\t\t\t<div class=\"elementor-element elementor-element-9282310 elementor-widget elementor-widget-heading\" data-id=\"9282310\" data-element_type=\"widget\" data-e-type=\"widget\" data-widget_type=\"heading.default\">\n\t\t\t\t\t<h3 class=\"elementor-heading-title elementor-size-default\">Wie funktioniert es?<\/h3>\t\t\t\t<\/div>\n\t\t\t\t<div class=\"elementor-element elementor-element-0b6c827 elementor-widget elementor-widget-text-editor\" data-id=\"0b6c827\" data-element_type=\"widget\" data-e-type=\"widget\" data-widget_type=\"text-editor.default\">\n\t\t\t\t\t\t\t\t\t<p><img fetchpriority=\"high\" decoding=\"async\" class=\"alignleft wp-image-980\" src=\"https:\/\/asiatalentbridge.de\/wp-content\/uploads\/2025\/11\/PB040091-scaled-e1762510931326.jpg\" alt=\"Zwei Chinesen lernen Deutsch\" width=\"550\" height=\"379\" \/>Mit der Teilnahme an unserem Vermittlungsprogramm leisten Sie einen wertvollen Beitrag: Sie helfen Unternehmen, ihren Fachkr\u00e4ftebedarf zu decken und geben gleichzeitig gut vorbereiteten jungen Menschen die Chance auf eine Ausbildung und eine berufliche Zukunft in Deutschland.<\/p><p>Ihre Aufgabe ist einfach, aber wirkungsvoll:<\/p><p><strong>Unternehmen mit freien Ausbildungspl\u00e4tzen identifizieren<\/strong><strong>\u00a0<\/strong><strong><br \/><\/strong>Sie finden deutsche Unternehmen, die Ausbildungspl\u00e4tze in Bereichen wie Hotellerie, Kfz-Technik, Logistik, Pflege und anderen Branchen anbieten.<\/p><p><strong>Kontakt aufnehmen und Interesse erfragen<\/strong><br \/>Sprechen Sie Personalverantwortliche oder Betriebsinhaber an und machen Sie sie auf die M\u00f6glichkeit aufmerksam, motivierte chinesische Auszubildende einzustellen.<\/p><p><strong>Kontakt vermitteln<\/strong><br \/>Bei Interesse stellen Sie den Kontakt her und wir senden dem Unternehmen die Bewerbungsunterlagen zu. Danach findet ein Online-Vorstellungsgespr\u00e4ch zwischen dem Unternehmen und einem unserer Kandidaten statt.<\/p><p><strong>Provision f\u00fcr erfolgreiche Vermittlungen erhalten<\/strong><br \/>Sobald ein Unternehmen einen Auszubildenden einstellt und die Ausbildung beginnt, erhalten Sie als Anerkennung f\u00fcr Ihre Vermittlungsleistung eine attraktive Provision.\u00a0<\/p>\t\t\t\t\t\t\t\t<\/div>\n\t\t\t\t\t<\/div>\n\t\t\t\t<\/div>\n\t\t<div class=\"elementor-element elementor-element-ee9b835 e-flex e-con-boxed e-con e-parent\" data-id=\"ee9b835\" data-element_type=\"container\" data-e-type=\"container\">\n\t\t\t\t\t<div class=\"e-con-inner\">\n\t\t\t\t<div class=\"elementor-element elementor-element-85f1c5c elementor-widget elementor-widget-heading\" data-id=\"85f1c5c\" data-element_type=\"widget\" data-e-type=\"widget\" data-widget_type=\"heading.default\">\n\t\t\t\t\t<h3 class=\"elementor-heading-title elementor-size-default\">Warum mitmachen?<\/h3>\t\t\t\t<\/div>\n\t\t\t\t<div class=\"elementor-element elementor-element-b9db947 elementor-widget elementor-widget-text-editor\" data-id=\"b9db947\" data-element_type=\"widget\" data-e-type=\"widget\" data-widget_type=\"text-editor.default\">\n\t\t\t\t\t\t\t\t\t<p><strong>\u00a0 \u00a0 \u2022 Etwas bewirken<\/strong> &#8211; Unterst\u00fctzen Sie Unternehmen bei der Nachwuchssicherung und junge Menschen beim Start ins Berufsleben.<br \/><strong>\u00a0 \u00a0 \u2022 Faire Verg\u00fctung<\/strong> &#8211; F\u00fcr jede erfolgreiche Vermittlung erhalten Sie eine Provision.<br \/>\u00a0 \u00a0 <strong>\u2022 Verl\u00e4sslicher Partner<\/strong> &#8211; AsiaTalentBridge \u00fcbernimmt die gesamte Abwicklung, so dass der Prozess f\u00fcr Unternehmen einfach und\u00a0 \u00a0 \u00a0 \u00a0 \u00a0 \u00a0 \u00a0 \u00a0 \u00a0 \u00a0 \u00a0 \u00a0 \u00a0reibungslos verl\u00e4uft.\u00a0<\/p>\t\t\t\t\t\t\t\t<\/div>\n\t\t\t\t\t<\/div>\n\t\t\t\t<\/div>\n\t\t<div class=\"elementor-element elementor-element-5382aac e-flex e-con-boxed e-con e-parent\" data-id=\"5382aac\" data-element_type=\"container\" data-e-type=\"container\">\n\t\t\t\t\t<div class=\"e-con-inner\">\n\t\t\t\t<div class=\"elementor-element elementor-element-d0a24ee elementor-widget elementor-widget-heading\" data-id=\"d0a24ee\" data-element_type=\"widget\" data-e-type=\"widget\" data-widget_type=\"heading.default\">\n\t\t\t\t\t<h3 class=\"elementor-heading-title elementor-size-default\">Wer kann teilnehmen?<\/h3>\t\t\t\t<\/div>\n\t\t\t\t<div class=\"elementor-element elementor-element-9d3ca38 elementor-widget elementor-widget-text-editor\" data-id=\"9d3ca38\" data-element_type=\"widget\" data-e-type=\"widget\" data-widget_type=\"text-editor.default\">\n\t\t\t\t\t\t\t\t\t<p>Unser Vermittlungsprogramm richtet sich an:<\/p><p>\u00a0 \u00a0 \u00a0\u2022 Branchenkenner, die einen aktiven Beitrag zur L\u00f6sung des Fachkr\u00e4ftemangels in Deutschland leisten m\u00f6chten<br \/>\u00a0 \u00a0 \u00a0\u2022 Personen mit Netzwerken in den Bereichen Hotellerie, Logistik, Pflege oder in technischen Berufen<br \/>\u00a0 \u00a0 \u00a0\u2022 Unternehmensberater oder Recruiter mit Kontakten zu Ausbildungsbetrieben\u00a0\u00a0<\/p>\t\t\t\t\t\t\t\t<\/div>\n\t\t\t\t\t<\/div>\n\t\t\t\t<\/div>\n\t\t<div class=\"elementor-element elementor-element-5ebf345 e-flex e-con-boxed e-con e-parent\" data-id=\"5ebf345\" data-element_type=\"container\" data-e-type=\"container\">\n\t\t\t\t\t<div class=\"e-con-inner\">\n\t\t\t\t<div class=\"elementor-element elementor-element-0581b23 elementor-widget elementor-widget-heading\" data-id=\"0581b23\" data-element_type=\"widget\" data-e-type=\"widget\" data-widget_type=\"heading.default\">\n\t\t\t\t\t<h3 class=\"elementor-heading-title elementor-size-default\">Der n\u00e4chste Schritt?<\/h3>\t\t\t\t<\/div>\n\t\t\t\t<div class=\"elementor-element elementor-element-773abaf elementor-widget elementor-widget-text-editor\" data-id=\"773abaf\" data-element_type=\"widget\" data-e-type=\"widget\" data-widget_type=\"text-editor.default\">\n\t\t\t\t\t\t\t\t\t<p><a href=\"https:\/\/www.asiatalentbridge.de\/en\/kontakt\/\">Kontaktieren Sie uns<\/a>, um mehr \u00fcber das Programm zu erfahren oder ihre erste Empfehlung auszusprechen.<\/p><p>Lassen Sie uns gemeinsam Br\u00fccken bauen &#8211; zwischen deutschen Unternehmen und motivierten Auszubildenden aus China.<\/p>\t\t\t\t\t\t\t\t<\/div>\n\t\t\t\t\t<\/div>\n\t\t\t\t<\/div>\n\t\t\t\t<\/div>","protected":false},"excerpt":{"rendered":"<p>Helfen Sie, Auszubildende aus China an deutsche Unternehmen zu vermitteln Wir von AsiaTalentBridge sind darauf spezialisiert, motivierte junge Talente aus China mit deutschen Unternehmen zusammenzubringen.Wenn Sie Kontakte zu Ausbildungsbetrieben herstellen k\u00f6nnen, laden wir Sie ein, Teil unseres Empfehlungsprogramms zu werden &#8211; mit der M\u00f6glichkeit, f\u00fcr jede erfolgreiche Vermittlung eine Provision zu erhalten.\u00a0 Wie funktioniert es? [&hellip;]<\/p>\n","protected":false},"author":3,"featured_media":0,"parent":0,"menu_order":0,"comment_status":"closed","ping_status":"closed","template":"elementor_header_footer","meta":{"footnotes":""},"class_list":["post-122","page","type-page","status-publish","hentry"],"_links":{"self":[{"href":"https:\/\/www.asiatalentbridge.de\/en\/wp-json\/wp\/v2\/pages\/122","targetHints":{"allow":["GET"]}}],"collection":[{"href":"https:\/\/www.asiatalentbridge.de\/en\/wp-json\/wp\/v2\/pages"}],"about":[{"href":"https:\/\/www.asiatalentbridge.de\/en\/wp-json\/wp\/v2\/types\/page"}],"author":[{"embeddable":true,"href":"https:\/\/www.asiatalentbridge.de\/en\/wp-json\/wp\/v2\/users\/3"}],"replies":[{"embeddable":true,"href":"https:\/\/www.asiatalentbridge.de\/en\/wp-json\/wp\/v2\/comments?post=122"}],"version-history":[{"count":3,"href":"https:\/\/www.asiatalentbridge.de\/en\/wp-json\/wp\/v2\/pages\/122\/revisions"}],"predecessor-version":[{"id":15613,"href":"https:\/\/www.asiatalentbridge.de\/en\/wp-json\/wp\/v2\/pages\/122\/revisions\/15613"}],"wp:attachment":[{"href":"https:\/\/www.asiatalentbridge.de\/en\/wp-json\/wp\/v2\/media?parent=122"}],"curies":[{"name":"wp","href":"https:\/\/api.w.org\/{rel}","templated":true}]}}