{"id":124,"date":"2025-09-19T11:46:07","date_gmt":"2025-09-19T09:46:07","guid":{"rendered":"https:\/\/asiatalentbridge.de\/?page_id=124"},"modified":"2026-01-14T13:34:58","modified_gmt":"2026-01-14T12:34:58","slug":"service","status":"publish","type":"page","link":"https:\/\/www.asiatalentbridge.de\/en\/service\/","title":{"rendered":"Unser Service"},"content":{"rendered":"<div data-elementor-type=\"wp-page\" data-elementor-id=\"124\" class=\"elementor elementor-124\">\n\t\t\t\t<div class=\"elementor-element elementor-element-1280a44 e-flex e-con-boxed e-con e-parent\" data-id=\"1280a44\" data-element_type=\"container\" data-e-type=\"container\">\n\t\t\t\t\t<div class=\"e-con-inner\">\n\t\t\t\t<div class=\"elementor-element elementor-element-354a163 elementor-widget elementor-widget-heading\" data-id=\"354a163\" data-element_type=\"widget\" data-e-type=\"widget\" data-widget_type=\"heading.default\">\n\t\t\t\t\t<h1 class=\"elementor-heading-title elementor-size-default\">Der Service von AsiaTalentBridge <\/h1>\t\t\t\t<\/div>\n\t\t\t\t<div class=\"elementor-element elementor-element-c3f2123 elementor-widget elementor-widget-text-editor\" data-id=\"c3f2123\" data-element_type=\"widget\" data-e-type=\"widget\" data-widget_type=\"text-editor.default\">\n\t\t\t\t\t\t\t\t\t<p><img fetchpriority=\"high\" decoding=\"async\" class=\"alignleft wp-image-549\" src=\"https:\/\/asiatalentbridge.de\/wp-content\/uploads\/2025\/10\/Pfleger-mit-Klemmbrett-scaled-e1761120389564-1024x802.jpg\" alt=\"Pfleger mit Klemmbrett\" width=\"400\" height=\"313\" srcset=\"https:\/\/www.asiatalentbridge.de\/wp-content\/uploads\/2025\/10\/Pfleger-mit-Klemmbrett-scaled-e1761120389564-1024x802.jpg 1024w, https:\/\/www.asiatalentbridge.de\/wp-content\/uploads\/2025\/10\/Pfleger-mit-Klemmbrett-scaled-e1761120389564-300x235.jpg 300w, https:\/\/www.asiatalentbridge.de\/wp-content\/uploads\/2025\/10\/Pfleger-mit-Klemmbrett-scaled-e1761120389564-768x601.jpg 768w, https:\/\/www.asiatalentbridge.de\/wp-content\/uploads\/2025\/10\/Pfleger-mit-Klemmbrett-scaled-e1761120389564-1536x1203.jpg 1536w, https:\/\/www.asiatalentbridge.de\/wp-content\/uploads\/2025\/10\/Pfleger-mit-Klemmbrett-scaled-e1761120389564-2048x1604.jpg 2048w, https:\/\/www.asiatalentbridge.de\/wp-content\/uploads\/2025\/10\/Pfleger-mit-Klemmbrett-scaled-e1761120389564-15x12.jpg 15w, https:\/\/www.asiatalentbridge.de\/wp-content\/uploads\/2025\/10\/Pfleger-mit-Klemmbrett-scaled-e1761120389564-600x470.jpg 600w\" sizes=\"(max-width: 400px) 100vw, 400px\" \/>Wir bieten ein umfassendes Servicepaket, um deutsche Unternehmen bei der Bereitstellung von Ausbildungspl\u00e4tzen zu unterst\u00fctzen.<\/p><p>Wir \u00fcbernehmen den gesamten Rekrutierungsprozess f\u00fcr junge Menschen aus China.<br \/>Mit unserer Herangehensweise stellen wir sicher, dass jeder Kandidat sorgf\u00e4ltig auf die Anforderungen einer Ausbildung in Deutschland vorbereitet wird.<\/p>\t\t\t\t\t\t\t\t<\/div>\n\t\t\t\t\t<\/div>\n\t\t\t\t<\/div>\n\t\t<div class=\"elementor-element elementor-element-6d31e3c e-con-full e-flex e-con e-parent\" data-id=\"6d31e3c\" data-element_type=\"container\" data-e-type=\"container\" data-settings=\"{&quot;background_background&quot;:&quot;classic&quot;}\">\n\t\t<div class=\"elementor-element elementor-element-3371b4f e-flex e-con-boxed e-con e-child\" data-id=\"3371b4f\" data-element_type=\"container\" data-e-type=\"container\">\n\t\t\t\t\t<div class=\"e-con-inner\">\n\t\t\t\t<div class=\"elementor-element elementor-element-8385b2d elementor-widget elementor-widget-heading\" data-id=\"8385b2d\" data-element_type=\"widget\" data-e-type=\"widget\" data-widget_type=\"heading.default\">\n\t\t\t\t\t<h3 class=\"elementor-heading-title elementor-size-default\">Unsere Kernleistungen umfassen:<\/h3>\t\t\t\t<\/div>\n\t\t\t\t<div class=\"elementor-element elementor-element-00aa10a elementor-widget elementor-widget-text-editor\" data-id=\"00aa10a\" data-element_type=\"widget\" data-e-type=\"widget\" data-widget_type=\"text-editor.default\">\n\t\t\t\t\t\t\t\t\t<p><strong><img decoding=\"async\" class=\"alignright wp-image-987 lazyload\" data-src=\"https:\/\/asiatalentbridge.de\/wp-content\/uploads\/2025\/11\/PB040059-scaled-e1762511187927.jpg\" alt=\"Chinesische Deutschsch\u00fcler\" width=\"550\" height=\"315\" data-srcset=\"https:\/\/www.asiatalentbridge.de\/wp-content\/uploads\/2025\/11\/PB040059-scaled-e1762511187927.jpg 2500w, https:\/\/www.asiatalentbridge.de\/wp-content\/uploads\/2025\/11\/PB040059-scaled-e1762511187927-300x172.jpg 300w, https:\/\/www.asiatalentbridge.de\/wp-content\/uploads\/2025\/11\/PB040059-scaled-e1762511187927-768x441.jpg 768w, https:\/\/www.asiatalentbridge.de\/wp-content\/uploads\/2025\/11\/PB040059-scaled-e1762511187927-1024x587.jpg 1024w, https:\/\/www.asiatalentbridge.de\/wp-content\/uploads\/2025\/11\/PB040059-scaled-e1762511187927-1536x881.jpg 1536w, https:\/\/www.asiatalentbridge.de\/wp-content\/uploads\/2025\/11\/PB040059-scaled-e1762511187927-2048x1175.jpg 2048w, https:\/\/www.asiatalentbridge.de\/wp-content\/uploads\/2025\/11\/PB040059-scaled-e1762511187927-18x10.jpg 18w, https:\/\/www.asiatalentbridge.de\/wp-content\/uploads\/2025\/11\/PB040059-scaled-e1762511187927-600x344.jpg 600w\" data-sizes=\"(max-width: 550px) 100vw, 550px\" src=\"data:image\/svg+xml;base64,PHN2ZyB3aWR0aD0iMSIgaGVpZ2h0PSIxIiB4bWxucz0iaHR0cDovL3d3dy53My5vcmcvMjAwMC9zdmciPjwvc3ZnPg==\" style=\"--smush-placeholder-width: 550px; --smush-placeholder-aspect-ratio: 550\/315;\" \/><\/strong><\/p><p><strong>Rekrutierung von Auszubildenden<\/strong><br \/>Auswahl motivierter chinesischer Bewerber, die sich gezielt f\u00fcr eine duale Berufsausbildung interessieren.<\/p><p><strong>Ausbildung in deutscher Sprache<\/strong>\u00a0<br \/>Durchf\u00fchrung ma\u00dfgeschneiderter Sprachkurse, so dass die Bewerber in der Regel das Niveau B1, in Einzelf\u00e4llen B2 erreichen.<\/p><p><strong>Unterst\u00fctzung bei der Vorbereitung von Dokumenten<\/strong><br \/>Beglaubigung von Zeugnissen und Abschl\u00fcssen sowie Erledigung aller notwendigen Formalit\u00e4ten.<\/p><p><strong>Begleitung im Visumsprozess<br \/><\/strong>Unterst\u00fctzung bei der Beantragung des Visums und Begleitung bei allen notwendigen Schritten, um die Einreise nach Deutschland zu erm\u00f6glichen.<\/p><p>AsiaTalentBridge \u00fcbernimmt die komplette Vorbereitung &#8211; von der Organisation der Sprachpr\u00fcfungen bis hin zur passgenauen Vermittlung von Kandidaten, die ihre B1-Qualifikation erfolgreich abgeschlossen haben.<\/p>\t\t\t\t\t\t\t\t<\/div>\n\t\t\t\t\t<\/div>\n\t\t\t\t<\/div>\n\t\t\t\t<\/div>\n\t\t<div class=\"elementor-element elementor-element-e940dd2 e-flex e-con-boxed e-con e-parent\" data-id=\"e940dd2\" data-element_type=\"container\" data-e-type=\"container\">\n\t\t\t\t\t<div class=\"e-con-inner\">\n\t\t\t\t<div class=\"elementor-element elementor-element-6129e4e elementor-widget elementor-widget-text-editor\" data-id=\"6129e4e\" data-element_type=\"widget\" data-e-type=\"widget\" data-widget_type=\"text-editor.default\">\n\t\t\t\t\t\t\t\t\t<p>Wir konnten bisher zehn Auszubildende erfolgreich in verschiedene deutsche Bundesl\u00e4nder vermitteln. Im kommenden Jahr werden viele weitere Kursteilnehmer eine Ausbildung beginnen. Sie machen unter anderem folgende Berufsausbildungen:<\/p><p>\u00a0 \u00a0 \u2022 Koch\/K\u00f6chin<br \/>\u00a0 \u00a0 \u2022 Elektroniker\/-in f\u00fcr Automatisierungstechnik<br \/>\u00a0 \u00a0 \u2022 Kfz-Mechatroniker\/-in<br \/>\u00a0 \u00a0 \u2022 Automobilkaufmann\/-frau<br \/>\u00a0 \u00a0 \u2022 Fachkraft f\u00fcr Lagerlogistik<\/p><p>Unser Ansatz erleichtert nicht nur den Rekrutierungsprozess, sondern tr\u00e4gt auch dazu bei, dem Fachkr\u00e4ftemangel in Deutschland entgegenzuwirken \u2013 insbesondere in Ausbildungsberufen, die bei lokalen Bewerbern weniger gefragt sind.<\/p><p>Wenn Sie Interesse haben, <a href=\"https:\/\/www.asiatalentbridge.de\/en\/kontakt\/\">nehmen Sie gerne Kontakt mit uns auf<\/a>. Wir senden Ihnen geeignete Bewerbungen und Unterlagen zur Sichtung zu, auf deren Basis Sie Vorstellungsgespr\u00e4che f\u00fchren k\u00f6nnen.<\/p><p>Sollten Sie sich f\u00fcr eine Einstellung entscheiden, begleiten wir Sie bei allen weiteren Schritten.<\/p>\t\t\t\t\t\t\t\t<\/div>\n\t\t\t\t\t<\/div>\n\t\t\t\t<\/div>\n\t\t\t\t<\/div>","protected":false},"excerpt":{"rendered":"<p>Der Service von AsiaTalentBridge Wir bieten ein umfassendes Servicepaket, um deutsche Unternehmen bei der Bereitstellung von Ausbildungspl\u00e4tzen zu unterst\u00fctzen. Wir \u00fcbernehmen den gesamten Rekrutierungsprozess f\u00fcr junge Menschen aus China.Mit unserer Herangehensweise stellen wir sicher, dass jeder Kandidat sorgf\u00e4ltig auf die Anforderungen einer Ausbildung in Deutschland vorbereitet wird. Unsere Kernleistungen umfassen: Rekrutierung von AuszubildendenAuswahl motivierter chinesischer [&hellip;]<\/p>\n","protected":false},"author":3,"featured_media":0,"parent":0,"menu_order":0,"comment_status":"closed","ping_status":"closed","template":"elementor_header_footer","meta":{"footnotes":""},"class_list":["post-124","page","type-page","status-publish","hentry"],"_links":{"self":[{"href":"https:\/\/www.asiatalentbridge.de\/en\/wp-json\/wp\/v2\/pages\/124","targetHints":{"allow":["GET"]}}],"collection":[{"href":"https:\/\/www.asiatalentbridge.de\/en\/wp-json\/wp\/v2\/pages"}],"about":[{"href":"https:\/\/www.asiatalentbridge.de\/en\/wp-json\/wp\/v2\/types\/page"}],"author":[{"embeddable":true,"href":"https:\/\/www.asiatalentbridge.de\/en\/wp-json\/wp\/v2\/users\/3"}],"replies":[{"embeddable":true,"href":"https:\/\/www.asiatalentbridge.de\/en\/wp-json\/wp\/v2\/comments?post=124"}],"version-history":[{"count":0,"href":"https:\/\/www.asiatalentbridge.de\/en\/wp-json\/wp\/v2\/pages\/124\/revisions"}],"wp:attachment":[{"href":"https:\/\/www.asiatalentbridge.de\/en\/wp-json\/wp\/v2\/media?parent=124"}],"curies":[{"name":"wp","href":"https:\/\/api.w.org\/{rel}","templated":true}]}}