{"id":1309,"date":"2025-11-24T10:34:40","date_gmt":"2025-11-24T09:34:40","guid":{"rendered":"https:\/\/www.asiatalentbridge.de\/?page_id=1309"},"modified":"2026-01-05T11:35:31","modified_gmt":"2026-01-05T10:35:31","slug":"fuer-privatpersonen","status":"publish","type":"page","link":"https:\/\/www.asiatalentbridge.de\/en\/fuer-privatpersonen\/","title":{"rendered":"F\u00fcr Privatpersonen"},"content":{"rendered":"<div data-elementor-type=\"wp-page\" data-elementor-id=\"1309\" class=\"elementor elementor-1309\">\n\t\t\t\t<div class=\"elementor-element elementor-element-9de3218 e-flex e-con-boxed e-con e-parent\" data-id=\"9de3218\" data-element_type=\"container\" data-e-type=\"container\">\n\t\t\t\t\t<div class=\"e-con-inner\">\n\t\t\t\t<div class=\"elementor-element elementor-element-f77a753 elementor-widget elementor-widget-heading\" data-id=\"f77a753\" data-element_type=\"widget\" data-e-type=\"widget\" data-widget_type=\"heading.default\">\n\t\t\t\t\t<h2 class=\"elementor-heading-title elementor-size-default\">Infos f\u00fcr Privatpersonen<\/h2>\t\t\t\t<\/div>\n\t\t<div class=\"elementor-element elementor-element-5fc602d e-con-full e-flex e-con e-child\" data-id=\"5fc602d\" data-element_type=\"container\" data-e-type=\"container\">\n\t\t<div class=\"elementor-element elementor-element-56c0431 e-con-full e-flex e-con e-child\" data-id=\"56c0431\" data-element_type=\"container\" data-e-type=\"container\">\n\t\t<div class=\"elementor-element elementor-element-5fa25ad e-con-full e-flex e-con e-child\" data-id=\"5fa25ad\" data-element_type=\"container\" data-e-type=\"container\">\n\t\t\t\t<div class=\"elementor-element elementor-element-7faeaf9 elementor-widget elementor-widget-image\" data-id=\"7faeaf9\" data-element_type=\"widget\" data-e-type=\"widget\" data-widget_type=\"image.default\">\n\t\t\t\t\t\t\t\t\t\t\t\t\t\t\t<img fetchpriority=\"high\" decoding=\"async\" width=\"640\" height=\"396\" src=\"https:\/\/www.asiatalentbridge.de\/wp-content\/uploads\/2025\/11\/Gruppenfoto2025.jpeg\" class=\"attachment-large size-large wp-image-997\" alt=\"Gruppenfoto AsiaTalentBridge\" \/>\t\t\t\t\t\t\t\t\t\t\t\t\t\t\t<\/div>\n\t\t\t\t<\/div>\n\t\t<div class=\"elementor-element elementor-element-b4d1fda e-con-full e-flex e-con e-child\" data-id=\"b4d1fda\" data-element_type=\"container\" data-e-type=\"container\">\n\t\t<div class=\"elementor-element elementor-element-fea4b63 e-con-full e-flex e-con e-child\" data-id=\"fea4b63\" data-element_type=\"container\" data-e-type=\"container\">\n\t\t\t\t<div class=\"elementor-element elementor-element-73808cf elementor-widget elementor-widget-text-editor\" data-id=\"73808cf\" data-element_type=\"widget\" data-e-type=\"widget\" data-widget_type=\"text-editor.default\">\n\t\t\t\t\t\t\t\t\t<p><span data-contrast=\"auto\">Wir freuen uns, wenn Sie junge Chinesen auf ihrem Weg nach Deutschland unterst\u00fctzen m\u00f6chten.\u00a0<\/span><\/p>\t\t\t\t\t\t\t\t<\/div>\n\t\t\t\t<\/div>\n\t\t<div class=\"elementor-element elementor-element-16585b5 e-con-full e-flex e-con e-child\" data-id=\"16585b5\" data-element_type=\"container\" data-e-type=\"container\">\n\t\t\t\t<div class=\"elementor-element elementor-element-9ecc1ff elementor-view-default elementor-widget elementor-widget-icon\" data-id=\"9ecc1ff\" data-element_type=\"widget\" data-e-type=\"widget\" data-widget_type=\"icon.default\">\n\t\t\t\t\t\t\t<div class=\"elementor-icon-wrapper\">\n\t\t\t<div class=\"elementor-icon\">\n\t\t\t<svg xmlns=\"http:\/\/www.w3.org\/2000\/svg\" id=\"Layer_1\" data-name=\"Layer 1\" viewbox=\"0 0 24 24\"><path d=\"M15.251,19.801c0,1.299-1.552,3.114-2.519,3.924-.438,.367-1.072,.367-1.51,0-.967-.81-2.519-2.625-2.519-3.924,0-.995,.733-1.801,1.637-1.801s1.637,.806,1.637,1.801c0-.995,.733-1.801,1.637-1.801s1.637,.806,1.637,1.801ZM6,6C6,2.691,8.691,0,12,0s6,2.691,6,6-2.691,6-6,6-6-2.691-6-6Zm2,0c0,2.206,1.794,4,4,4s4-1.794,4-4-1.794-4-4-4-4,1.794-4,4Zm4,8c-4.963,0-9,4.038-9,9,0,.552,.447,1,1,1s1-.448,1-1c0-3.86,3.141-7,7-7s7,3.14,7,7c0,.552,.447,1,1,1s1-.448,1-1c0-4.962-4.037-9-9-9Z\"><\/path><\/svg>\t\t\t<\/div>\n\t\t<\/div>\n\t\t\t\t\t\t<\/div>\n\t\t\t\t<div class=\"elementor-element elementor-element-3763bdb elementor-widget elementor-widget-text-editor\" data-id=\"3763bdb\" data-element_type=\"widget\" data-e-type=\"widget\" data-widget_type=\"text-editor.default\">\n\t\t\t\t\t\t\t\t\t<p><b><span data-contrast=\"auto\">Wie k\u00f6nnen Sie sich als Sprachpartner engagieren?<\/span><\/b>\u00a0<br \/><span data-contrast=\"auto\">Einfach mit einem chinesischen Deutschlerner per Zoom ins Gespr\u00e4ch kommen und Sprache wie Kultur im direkten Austausch erleben \u2013 flexibel, pers\u00f6nlich und bereichernd. <a href=\"https:\/\/www.asiatalentbridge.de\/en\/sprachpaten\/\">Erfahren Sie mehr dazu.<\/a><\/span><span data-ccp-props=\"{}\">\u00a0<\/span><\/p>\t\t\t\t\t\t\t\t<\/div>\n\t\t\t\t<\/div>\n\t\t<div class=\"elementor-element elementor-element-c62ad44 e-con-full e-flex e-con e-child\" data-id=\"c62ad44\" data-element_type=\"container\" data-e-type=\"container\">\n\t\t\t\t<div class=\"elementor-element elementor-element-db1f3ad elementor-view-default elementor-widget elementor-widget-icon\" data-id=\"db1f3ad\" data-element_type=\"widget\" data-e-type=\"widget\" data-widget_type=\"icon.default\">\n\t\t\t\t\t\t\t<div class=\"elementor-icon-wrapper\">\n\t\t\t<div class=\"elementor-icon\">\n\t\t\t<svg xmlns=\"http:\/\/www.w3.org\/2000\/svg\" id=\"Layer_1\" data-name=\"Layer 1\" viewbox=\"0 0 24 24\"><path d=\"m6,0C2.691,0,0,2.691,0,6s2.691,6,6,6,6-2.691,6-6S9.309,0,6,0Zm2.776,8.87c-.445-1.095-1.514-1.87-2.768-1.87h-.016c-1.254,0-2.325.773-2.769,1.868-.751-.728-1.222-1.742-1.222-2.868,0-2.206,1.794-4,4-4s4,1.794,4,4c0,1.127-.472,2.142-1.224,2.87Zm-1.276-4.37c0,.828-.672,1.5-1.5,1.5s-1.5-.672-1.5-1.5.672-1.5,1.5-1.5,1.5.672,1.5,1.5Zm10.5,7.5c-3.309,0-6,2.691-6,6s2.691,6,6,6,6-2.691,6-6-2.691-6-6-6Zm2.776,8.87c-.445-1.095-1.514-1.87-2.768-1.87h-.016c-1.254,0-2.325.773-2.769,1.868-.751-.728-1.222-1.742-1.222-2.868,0-2.206,1.794-4,4-4s4,1.794,4,4c0,1.127-.472,2.142-1.224,2.87Zm-1.276-4.37c0,.828-.672,1.5-1.5,1.5s-1.5-.672-1.5-1.5.672-1.5,1.5-1.5,1.5.672,1.5,1.5Zm-5.5-12.5c0-.552.447-1,1-1h2c2.206,0,4,1.794,4,4v2c0,.552-.447,1-1,1s-1-.448-1-1v-2c0-1.103-.897-2-2-2h-2c-.553,0-1-.448-1-1Zm-4,16c0,.552-.447,1-1,1h-2c-2.206,0-4-1.794-4-4v-2c0-.552.447-1,1-1s1,.448,1,1v2c0,1.103.897,2,2,2h2c.553,0,1,.448,1,1Z\"><\/path><\/svg>\t\t\t<\/div>\n\t\t<\/div>\n\t\t\t\t\t\t<\/div>\n\t\t\t\t<div class=\"elementor-element elementor-element-77ffa8f elementor-widget elementor-widget-text-editor\" data-id=\"77ffa8f\" data-element_type=\"widget\" data-e-type=\"widget\" data-widget_type=\"text-editor.default\">\n\t\t\t\t\t\t\t\t\t<p><b><span data-contrast=\"auto\">K\u00f6nnten Sie Ausbildungspl\u00e4tze oder Stellen f\u00fcr Fachkr\u00e4fte vermitteln?<\/span><\/b>\u00a0<br \/><span data-contrast=\"auto\">Bringen Sie Unternehmen und motivierte Auszubildende oder Fachkr\u00e4fte aus China zusammen \u2013 wir \u00fcbernehmen den Rest. F\u00fcr jede erfolgreiche Vermittlung gibt es eine attraktive Provision. <a href=\"https:\/\/www.asiatalentbridge.de\/en\/vermitteln\/\">Jetzt mitmachen.<\/a><\/span><\/p>\t\t\t\t\t\t\t\t<\/div>\n\t\t\t\t<\/div>\n\t\t\t\t<\/div>\n\t\t\t\t<\/div>\n\t\t\t\t<\/div>\n\t\t\t\t\t<\/div>\n\t\t\t\t<\/div>\n\t\t<div class=\"elementor-element elementor-element-6701b96 e-flex e-con-boxed e-con e-parent\" data-id=\"6701b96\" data-element_type=\"container\" data-e-type=\"container\">\n\t\t\t\t\t<div class=\"e-con-inner\">\n\t\t<div class=\"elementor-element elementor-element-8be2909 e-con-full e-flex e-con e-child\" data-id=\"8be2909\" data-element_type=\"container\" data-e-type=\"container\">\n\t\t\t\t<div class=\"elementor-element elementor-element-f61bf4e elementor-view-default elementor-widget elementor-widget-icon\" data-id=\"f61bf4e\" data-element_type=\"widget\" data-e-type=\"widget\" data-widget_type=\"icon.default\">\n\t\t\t\t\t\t\t<div class=\"elementor-icon-wrapper\">\n\t\t\t<div class=\"elementor-icon\">\n\t\t\t<svg xmlns=\"http:\/\/www.w3.org\/2000\/svg\" id=\"Layer_1\" data-name=\"Layer 1\" viewbox=\"0 0 24 24\"><path d=\"m22,5.735v-3.735c0-.553-.447-1-1-1s-1,.447-1,1v2.367L14.797.855c-1.699-1.146-3.895-1.146-5.594,0L2.204,5.579c-1.38.931-2.204,2.479-2.204,4.145v9.276c0,2.757,2.243,5,5,5h14c2.757,0,5-2.243,5-5v-9.276c0-1.579-.748-3.047-2-3.989Zm0,13.265c0,1.654-1.346,3-3,3H5c-1.654,0-3-1.346-3-3v-9.276c0-.999.494-1.928,1.322-2.486l7-4.724c.51-.345,1.094-.517,1.678-.517s1.168.172,1.678.517l7.001,4.724c.827.558,1.321,1.487,1.321,2.486v9.276Zm-7.788-10.077c-.906,0-1.684.284-2.25.775-.567-.491-1.344-.775-2.25-.775-1.792,0-3.25,1.56-3.25,3.476,0,2.205,2.271,4.491,4.177,6.021.383.308.853.461,1.323.461s.94-.153,1.324-.462c1.905-1.529,4.177-3.815,4.177-6.021,0-1.916-1.458-3.476-3.25-3.476Zm-2.178,7.937c-.041.033-.103.032-.144,0-2.115-1.698-3.428-3.408-3.428-4.462,0-.813.561-1.476,1.25-1.476.57,0,1.25.187,1.25,1.077,0,.553.448,1,1,1s1-.447,1-1c0-.891.68-1.077,1.25-1.077.689,0,1.25.662,1.25,1.476,0,1.054-1.313,2.764-3.428,4.461Z\"><\/path><\/svg>\t\t\t<\/div>\n\t\t<\/div>\n\t\t\t\t\t\t<\/div>\n\t\t\t\t<div class=\"elementor-element elementor-element-321a8fc elementor-widget elementor-widget-text-editor\" data-id=\"321a8fc\" data-element_type=\"widget\" data-e-type=\"widget\" data-widget_type=\"text-editor.default\">\n\t\t\t\t\t\t\t\t\t<p><span data-contrast=\"auto\"><b>Wie funktioniert das Au-pair-Programm?<\/b>\u00a0<br \/>Junge Menschen aus China leben f\u00fcr mehrere Monate in einer deutschen Familie, betreuen Kinder, unterst\u00fctzen im Alltag und vertiefen Sprache und Kultur direkt vor Ort. <a href=\"https:\/\/www.asiatalentbridge.de\/en\/au-pair\/\">Informieren Sie sich hier.<\/a><a href=\"https:\/\/www.asiatalentbridge.de\/en\/vermitteln\/\">\u00a0<\/a><\/span><\/p>\t\t\t\t\t\t\t\t<\/div>\n\t\t\t\t<\/div>\n\t\t<div class=\"elementor-element elementor-element-00e9c55 e-con-full e-flex e-con e-child\" data-id=\"00e9c55\" data-element_type=\"container\" data-e-type=\"container\">\n\t\t\t\t<div class=\"elementor-element elementor-element-937aa7f elementor-view-default elementor-widget elementor-widget-icon\" data-id=\"937aa7f\" data-element_type=\"widget\" data-e-type=\"widget\" data-widget_type=\"icon.default\">\n\t\t\t\t\t\t\t<div class=\"elementor-icon-wrapper\">\n\t\t\t<div class=\"elementor-icon\">\n\t\t\t<svg xmlns=\"http:\/\/www.w3.org\/2000\/svg\" id=\"Layer_1\" data-name=\"Layer 1\" viewbox=\"0 0 24 24\"><path d=\"m21,11H2V2H0v20h2v-3h20v3h2v-8c0-1.654-1.346-3-3-3ZM2,17v-4h19c.552,0,1,.449,1,1v3H2Z\"><\/path><\/svg>\t\t\t<\/div>\n\t\t<\/div>\n\t\t\t\t\t\t<\/div>\n\t\t\t\t<div class=\"elementor-element elementor-element-3d4fba1 elementor-widget elementor-widget-text-editor\" data-id=\"3d4fba1\" data-element_type=\"widget\" data-e-type=\"widget\" data-widget_type=\"text-editor.default\">\n\t\t\t\t\t\t\t\t\t<p><b><span data-contrast=\"auto\">Haben Sie ein Zimmer frei?<\/span><\/b>\u00a0<br \/><span data-contrast=\"auto\">Gastfreundschaft zeigen, einen jungen Menschen aus China aufnehmen und ihm den Start in Deutschland erleichtern \u2013 organisatorisch unterst\u00fctzt und sicher begleitet. <a href=\"https:\/\/www.asiatalentbridge.de\/en\/zimmer\/\">M\u00f6chten Sie mehr erfahren?<\/a><\/span><\/p>\t\t\t\t\t\t\t\t<\/div>\n\t\t\t\t<\/div>\n\t\t<div class=\"elementor-element elementor-element-44b74df e-con-full e-flex e-con e-child\" data-id=\"44b74df\" data-element_type=\"container\" data-e-type=\"container\">\n\t\t\t\t<div class=\"elementor-element elementor-element-3845ce5 elementor-view-default elementor-widget elementor-widget-icon\" data-id=\"3845ce5\" data-element_type=\"widget\" data-e-type=\"widget\" data-widget_type=\"icon.default\">\n\t\t\t\t\t\t\t<div class=\"elementor-icon-wrapper\">\n\t\t\t<div class=\"elementor-icon\">\n\t\t\t<svg xmlns=\"http:\/\/www.w3.org\/2000\/svg\" id=\"Layer_1\" data-name=\"Layer 1\" viewbox=\"0 0 24 24\" width=\"512\" height=\"512\"><path d=\"m23.298,11.078c-.575-.681-1.414-1.07-2.303-1.07h-8.99v-3.001h11.995v-2h-11.995v-1.929l11.978-.572-.096-1.998L2.951,1.508l.096,1.998,1.959-.094v1.595h-2.007v2h2.007v3.001h-1.991c-.889,0-1.729.391-2.304,1.07-.568.672-.81,1.553-.664,2.415.778,4.601,3.866,8.689,7.733,10.515h8.45c3.867-1.826,6.955-5.914,7.733-10.515.146-.863-.096-1.743-.665-2.415ZM7.005,3.317l3-.143v1.833h-3v-1.69Zm0,3.69h3v3.001h-3v-3.001Zm14.986,6.152c-.647,3.826-3.077,7.273-6.216,8.849h-7.541c-3.14-1.574-5.568-5.021-6.216-8.849-.065-.384.11-.66.22-.79.194-.229.477-.361.776-.361h17.981c.299,0,.582.132.776.361.11.13.285.406.22.79Z\"><\/path><\/svg>\t\t\t<\/div>\n\t\t<\/div>\n\t\t\t\t\t\t<\/div>\n\t\t\t\t<div class=\"elementor-element elementor-element-f7f55a9 elementor-widget elementor-widget-text-editor\" data-id=\"f7f55a9\" data-element_type=\"widget\" data-e-type=\"widget\" data-widget_type=\"text-editor.default\">\n\t\t\t\t\t\t\t\t\t<p><b><span data-contrast=\"auto\">M\u00f6chten Sie China pers\u00f6nlich erleben?<\/span><\/b>\u00a0<br \/><span data-contrast=\"auto\">Besucher sind bei uns in Yanji im Nordosten Chinas herzlich willkommen und k\u00f6nnen Land, Menschen und unsere Arbeit direkt kennenlernen \u2013 mit kostenloser Unterkunft und Betreuung vor Ort. <a href=\"https:\/\/www.asiatalentbridge.de\/en\/besucher\/\">Hier erz\u00e4hlen wir mehr.<\/a><\/span><\/p>\t\t\t\t\t\t\t\t<\/div>\n\t\t\t\t<\/div>\n\t\t<div class=\"elementor-element elementor-element-e3ab1fe e-con-full e-flex e-con e-child\" data-id=\"e3ab1fe\" data-element_type=\"container\" data-e-type=\"container\">\n\t\t\t\t<div class=\"elementor-element elementor-element-9fb2d5b elementor-view-default elementor-widget elementor-widget-icon\" data-id=\"9fb2d5b\" data-element_type=\"widget\" data-e-type=\"widget\" data-widget_type=\"icon.default\">\n\t\t\t\t\t\t\t<div class=\"elementor-icon-wrapper\">\n\t\t\t<div class=\"elementor-icon\">\n\t\t\t<svg xmlns=\"http:\/\/www.w3.org\/2000\/svg\" id=\"Layer_1\" data-name=\"Layer 1\" viewbox=\"0 0 24 24\"><path d=\"m8.5,13.5c0,1.93,1.57,3.5,3.5,3.5s3.5-1.57,3.5-3.5-1.57-3.5-3.5-3.5-3.5,1.57-3.5,3.5Zm5,0c0,.827-.673,1.5-1.5,1.5s-1.5-.673-1.5-1.5.673-1.5,1.5-1.5,1.5.673,1.5,1.5Zm.914-13.5H5c-1.654,0-3,1.346-3,3v21h20V7.586L14.414,0Zm.586,3.414l3.586,3.586h-3.586v-3.586Zm0,18.586h-6v-1c0-.551.449-1,1-1h4c.552,0,1,.449,1,1v1Zm5,0h-3v-1c0-1.654-1.346-3-3-3h-4c-1.654,0-3,1.346-3,3v1h-3V3c0-.551.449-1,1-1h8v7h7v13Z\"><\/path><\/svg>\t\t\t<\/div>\n\t\t<\/div>\n\t\t\t\t\t\t<\/div>\n\t\t\t\t<div class=\"elementor-element elementor-element-c889a1b elementor-widget elementor-widget-text-editor\" data-id=\"c889a1b\" data-element_type=\"widget\" data-e-type=\"widget\" data-widget_type=\"text-editor.default\">\n\t\t\t\t\t\t\t\t\t<p><b><span data-contrast=\"auto\">Wer steht hinter AsiaTalentBridge?<\/span><\/b>\u00a0<br \/><span data-contrast=\"auto\">Ein Team, das Begegnung, Austausch und Verl\u00e4sslichkeit in den Mittelpunkt stellt \u2013 mit Erfahrung auf beiden Seiten. <a href=\"https:\/\/www.asiatalentbridge.de\/en\/ueber-uns\/\">Lernen Sie uns etwas kennen!<\/a><\/span><span data-ccp-props=\"{}\">\u00a0<\/span><\/p>\t\t\t\t\t\t\t\t<\/div>\n\t\t\t\t<\/div>\n\t\t\t\t\t<\/div>\n\t\t\t\t<\/div>\n\t\t\t\t<\/div>","protected":false},"excerpt":{"rendered":"<p>Infos f\u00fcr Privatpersonen Wir freuen uns, wenn Sie junge Chinesen auf ihrem Weg nach Deutschland unterst\u00fctzen m\u00f6chten.\u00a0 Wie k\u00f6nnen Sie sich als Sprachpartner engagieren?\u00a0Einfach mit einem chinesischen Deutschlerner per Zoom ins Gespr\u00e4ch kommen und Sprache wie Kultur im direkten Austausch erleben \u2013 flexibel, pers\u00f6nlich und bereichernd. Erfahren Sie mehr dazu.\u00a0 K\u00f6nnten Sie Ausbildungspl\u00e4tze oder Stellen [&hellip;]<\/p>\n","protected":false},"author":3,"featured_media":0,"parent":0,"menu_order":0,"comment_status":"closed","ping_status":"closed","template":"","meta":{"footnotes":""},"class_list":["post-1309","page","type-page","status-publish","hentry"],"_links":{"self":[{"href":"https:\/\/www.asiatalentbridge.de\/en\/wp-json\/wp\/v2\/pages\/1309","targetHints":{"allow":["GET"]}}],"collection":[{"href":"https:\/\/www.asiatalentbridge.de\/en\/wp-json\/wp\/v2\/pages"}],"about":[{"href":"https:\/\/www.asiatalentbridge.de\/en\/wp-json\/wp\/v2\/types\/page"}],"author":[{"embeddable":true,"href":"https:\/\/www.asiatalentbridge.de\/en\/wp-json\/wp\/v2\/users\/3"}],"replies":[{"embeddable":true,"href":"https:\/\/www.asiatalentbridge.de\/en\/wp-json\/wp\/v2\/comments?post=1309"}],"version-history":[{"count":0,"href":"https:\/\/www.asiatalentbridge.de\/en\/wp-json\/wp\/v2\/pages\/1309\/revisions"}],"wp:attachment":[{"href":"https:\/\/www.asiatalentbridge.de\/en\/wp-json\/wp\/v2\/media?parent=1309"}],"curies":[{"name":"wp","href":"https:\/\/api.w.org\/{rel}","templated":true}]}}