{"id":1317,"date":"2025-11-24T10:37:32","date_gmt":"2025-11-24T09:37:32","guid":{"rendered":"https:\/\/www.asiatalentbridge.de\/?page_id=1317"},"modified":"2026-01-05T11:52:39","modified_gmt":"2026-01-05T10:52:39","slug":"fuer-unternehmen","status":"publish","type":"page","link":"https:\/\/www.asiatalentbridge.de\/en\/fuer-unternehmen\/","title":{"rendered":"F\u00fcr Unternehmen"},"content":{"rendered":"<div data-elementor-type=\"wp-page\" data-elementor-id=\"1317\" class=\"elementor elementor-1317\">\n\t\t\t\t<div class=\"elementor-element elementor-element-b2ea3d0 e-flex e-con-boxed e-con e-parent\" data-id=\"b2ea3d0\" data-element_type=\"container\" data-e-type=\"container\">\n\t\t\t\t\t<div class=\"e-con-inner\">\n\t\t\t\t<div class=\"elementor-element elementor-element-2dc9673 elementor-widget elementor-widget-heading\" data-id=\"2dc9673\" data-element_type=\"widget\" data-e-type=\"widget\" data-widget_type=\"heading.default\">\n\t\t\t\t\t<h2 class=\"elementor-heading-title elementor-size-default\">Informationen f\u00fcr Unternehmen<\/h2>\t\t\t\t<\/div>\n\t\t\t\t\t<\/div>\n\t\t\t\t<\/div>\n\t\t<div class=\"elementor-element elementor-element-14b083b e-flex e-con-boxed e-con e-parent\" data-id=\"14b083b\" data-element_type=\"container\" data-e-type=\"container\">\n\t\t\t\t\t<div class=\"e-con-inner\">\n\t\t<div class=\"elementor-element elementor-element-9385d08 e-con-full e-flex e-con e-child\" data-id=\"9385d08\" data-element_type=\"container\" data-e-type=\"container\">\n\t\t<div class=\"elementor-element elementor-element-4d04eb5 e-con-full e-flex e-con e-child\" data-id=\"4d04eb5\" data-element_type=\"container\" data-e-type=\"container\">\n\t\t\t\t<div class=\"elementor-element elementor-element-533baac elementor-widget elementor-widget-image\" data-id=\"533baac\" data-element_type=\"widget\" data-e-type=\"widget\" data-widget_type=\"image.default\">\n\t\t\t\t\t\t\t\t\t\t\t\t\t\t\t<img fetchpriority=\"high\" decoding=\"async\" width=\"640\" height=\"394\" src=\"https:\/\/www.asiatalentbridge.de\/wp-content\/uploads\/2025\/11\/PB040091-scaled-e1767607629242-1024x631.jpg\" class=\"attachment-large size-large wp-image-980\" alt=\"Zwei Chinesen lernen Deutsch\" srcset=\"https:\/\/www.asiatalentbridge.de\/wp-content\/uploads\/2025\/11\/PB040091-scaled-e1767607629242-1024x631.jpg 1024w, https:\/\/www.asiatalentbridge.de\/wp-content\/uploads\/2025\/11\/PB040091-scaled-e1767607629242-300x185.jpg 300w, https:\/\/www.asiatalentbridge.de\/wp-content\/uploads\/2025\/11\/PB040091-scaled-e1767607629242-768x473.jpg 768w, https:\/\/www.asiatalentbridge.de\/wp-content\/uploads\/2025\/11\/PB040091-scaled-e1767607629242-1536x947.jpg 1536w, https:\/\/www.asiatalentbridge.de\/wp-content\/uploads\/2025\/11\/PB040091-scaled-e1767607629242-2048x1263.jpg 2048w, https:\/\/www.asiatalentbridge.de\/wp-content\/uploads\/2025\/11\/PB040091-scaled-e1767607629242-18x12.jpg 18w, https:\/\/www.asiatalentbridge.de\/wp-content\/uploads\/2025\/11\/PB040091-scaled-e1767607629242-600x370.jpg 600w\" sizes=\"(max-width: 640px) 100vw, 640px\" \/>\t\t\t\t\t\t\t\t\t\t\t\t\t\t\t<\/div>\n\t\t\t\t<\/div>\n\t\t<div class=\"elementor-element elementor-element-fa6ff65 e-con-full e-flex e-con e-child\" data-id=\"fa6ff65\" data-element_type=\"container\" data-e-type=\"container\">\n\t\t<div class=\"elementor-element elementor-element-bcc0ab7 e-con-full e-flex e-con e-child\" data-id=\"bcc0ab7\" data-element_type=\"container\" data-e-type=\"container\">\n\t\t\t\t<div class=\"elementor-element elementor-element-f9982e7 elementor-view-default elementor-widget elementor-widget-icon\" data-id=\"f9982e7\" data-element_type=\"widget\" data-e-type=\"widget\" data-widget_type=\"icon.default\">\n\t\t\t\t\t\t\t<div class=\"elementor-icon-wrapper\">\n\t\t\t<div class=\"elementor-icon\">\n\t\t\t<svg xmlns=\"http:\/\/www.w3.org\/2000\/svg\" id=\"Layer_1\" data-name=\"Layer 1\" viewbox=\"0 0 24 24\"><path d=\"m19.052,6.666c.556.446,1.339.446,1.895,0,1.183-.948,3.052-3.071,3.052-4.666,0-1.105-.895-2-2-2s-2,.895-2,2c0-1.105-.895-2-2-2s-2,.895-2,2c0,1.595,1.87,3.718,3.052,4.666Z\"><\/path><path d=\"m21.362,9.072c-.428-.048-.886-.072-1.362-.072-2.835,0-5.166,2.751-5.604,3.302-.529-.178-1.227-.302-1.896-.302-1.447.032-2.714.386-3.708.8.306-1.538.266-2.988.231-4.16-.021-.642-.039-1.257.01-1.713l2.29-.729c.415-.132.696-.517.696-.953v-.28l.79-.288c.475-.189.857-.568,1.052-1.041.191-.469.187-.98-.015-1.439C13.255.848,11.745-.024,10-.024c-1.825,0-3.223,1.187-3.323,1.279C.695,5.855-.004,12.011-.01,16.241c0,1.353.557,2.662,1.529,3.59,1.63,1.557,5.158,4.169,10.48,4.169,4.684,0,7.965-1.223,9.894-2.25,1.299-.692,2.106-2.043,2.106-3.526v-6.172c0-1.53-1.134-2.812-2.638-2.98Zm.638,9.152c0,.742-.401,1.417-1.047,1.761-1.727.919-4.682,2.015-8.953,2.015-4.624,0-7.686-2.265-9.1-3.615-.588-.561-.911-1.322-.91-2.142.006-4.129.682-9.385,5.954-13.442.01-.008.967-.825,2.056-.825.985,0,1.662.427,1.943.889l-1.267.46c-.395.144-.658.519-.658.94v.25l-2.143.682c-.298.095-.534.324-.639.619-.279.787-.249,1.76-.214,2.886.052,1.699.117,3.814-.913,5.817-.001.002,0,.004-.002.006-.059.117-.095.243-.105.372-.009.119.008.237.04.351.003.01,0,.02.003.029.078.246.248.462.496.589.373.192.805.127,1.104-.127,0,0,0,0,0,0,.021-.017,1.993-1.673,4.853-1.738,1.95,0,3.119,1.485,3.173,1.562.193.285.508.438.828.438.191,0,.386-.055.557-.17.458-.308.58-.929.272-1.387-.032-.048-.423-.604-1.139-1.172.742-.846,2.304-2.271,3.809-2.271.402,0,.786.02,1.14.06.49.055.86.482.86.993v6.172Z\"><\/path><\/svg>\t\t\t<\/div>\n\t\t<\/div>\n\t\t\t\t\t\t<\/div>\n\t\t\t\t<div class=\"elementor-element elementor-element-a141832 elementor-widget elementor-widget-text-editor\" data-id=\"a141832\" data-element_type=\"widget\" data-e-type=\"widget\" data-widget_type=\"text-editor.default\">\n\t\t\t\t\t\t\t\t\t<p><b><span data-contrast=\"auto\">Warum AsiaTalentBridge f\u00fcr Ihre Personalgewinnung?<\/span><\/b>\u00a0<br \/><span data-contrast=\"auto\">Gut vorbereitete Bewerber aus China, die motiviert starten, schnell ins Team passen und langfristig bleiben. Ideal f\u00fcr Personalabteilungen, die zuverl\u00e4ssige Azubis oder Fachkr\u00e4fte suchen \u2013 ohne hohen Aufwand.<\/span><span data-ccp-props=\"{&quot;201341983&quot;:0,&quot;335559739&quot;:0,&quot;335559740&quot;:240}\">\u00a0<\/span><\/p>\t\t\t\t\t\t\t\t<\/div>\n\t\t\t\t<\/div>\n\t\t<div class=\"elementor-element elementor-element-61f0c18 e-con-full e-flex e-con e-child\" data-id=\"61f0c18\" data-element_type=\"container\" data-e-type=\"container\">\n\t\t\t\t<div class=\"elementor-element elementor-element-3aef749 elementor-view-default elementor-widget elementor-widget-icon\" data-id=\"3aef749\" data-element_type=\"widget\" data-e-type=\"widget\" data-widget_type=\"icon.default\">\n\t\t\t\t\t\t\t<div class=\"elementor-icon-wrapper\">\n\t\t\t<div class=\"elementor-icon\">\n\t\t\t<svg xmlns=\"http:\/\/www.w3.org\/2000\/svg\" id=\"Layer_1\" data-name=\"Layer 1\" viewbox=\"0 0 24 24\"><path d=\"M9,12c3.309,0,6-2.691,6-6S12.309,0,9,0,3,2.691,3,6s2.691,6,6,6Zm0-10c2.206,0,4,1.794,4,4s-1.794,4-4,4-4-1.794-4-4,1.794-4,4-4Zm14.959,20.545l-3.792-3.792c.524-.791,.833-1.736,.833-2.753,0-2.757-2.243-5-5-5s-5,2.243-5,5,2.243,5,5,5c1.017,0,1.962-.309,2.753-.833l3.792,3.792,1.414-1.414Zm-7.959-3.545c-1.654,0-3-1.346-3-3s1.346-3,3-3,3,1.346,3,3-1.346,3-3,3Zm-6.706-5c-.189,.634-.294,1.305-.294,2H5c-1.654,0-3,1.346-3,3v5H0v-5c0-2.757,2.243-5,5-5h4.294Z\"><\/path><\/svg>\t\t\t<\/div>\n\t\t<\/div>\n\t\t\t\t\t\t<\/div>\n\t\t\t\t<div class=\"elementor-element elementor-element-018767c elementor-widget elementor-widget-text-editor\" data-id=\"018767c\" data-element_type=\"widget\" data-e-type=\"widget\" data-widget_type=\"text-editor.default\">\n\t\t\t\t\t\t\t\t\t<p><b><span data-contrast=\"auto\">Sie suchen passende Auszubildende?<br \/><\/span><\/b><span data-contrast=\"auto\">Bei uns finden Sie junge Talente, die sich bewusst f\u00fcr eine Ausbildung in Deutschland entschieden haben, zuverl\u00e4ssig, motiviert und sprachlich sowie kulturell vorbereitet sind. <a href=\"https:\/\/www.asiatalentbridge.de\/en\/auszubildende-finden\/\">Erfahren Sie mehr \u00fcber Auszubildende.<\/a><\/span><span data-ccp-props=\"{&quot;201341983&quot;:0,&quot;335559739&quot;:0,&quot;335559740&quot;:240}\">\u00a0<\/span><b><\/b><\/p>\t\t\t\t\t\t\t\t<\/div>\n\t\t\t\t<\/div>\n\t\t\t\t<\/div>\n\t\t\t\t<\/div>\n\t\t\t\t\t<\/div>\n\t\t\t\t<\/div>\n\t\t<div class=\"elementor-element elementor-element-64b0ab8 e-flex e-con-boxed e-con e-parent\" data-id=\"64b0ab8\" data-element_type=\"container\" data-e-type=\"container\" data-settings=\"{&quot;background_background&quot;:&quot;classic&quot;}\">\n\t\t\t\t\t<div class=\"e-con-inner\">\n\t\t<div class=\"elementor-element elementor-element-8f2a9e2 e-con-full e-flex e-con e-child\" data-id=\"8f2a9e2\" data-element_type=\"container\" data-e-type=\"container\">\n\t\t\t\t<div class=\"elementor-element elementor-element-ec3a2ca elementor-view-default elementor-widget elementor-widget-icon\" data-id=\"ec3a2ca\" data-element_type=\"widget\" data-e-type=\"widget\" data-widget_type=\"icon.default\">\n\t\t\t\t\t\t\t<div class=\"elementor-icon-wrapper\">\n\t\t\t<div class=\"elementor-icon\">\n\t\t\t<svg xmlns=\"http:\/\/www.w3.org\/2000\/svg\" id=\"Layer_1\" data-name=\"Layer 1\" viewbox=\"0 0 24 24\"><path d=\"m4.5,18c-1.381,0-2.5-1.119-2.5-2.5s1.119-2.5,2.5-2.5,2.5,1.119,2.5,2.5-1.119,2.5-2.5,2.5Zm15,1c-1.472,0-2.797.735-3.624,1.864-.927-1.145-2.328-1.864-3.876-1.864s-2.949.719-3.876,1.864c-.827-1.129-2.152-1.864-3.624-1.864-2.225,0-4.14,1.659-4.454,3.858-.079.547.301,1.054.848,1.132.541.073,1.053-.302,1.131-.849.175-1.221,1.239-2.142,2.475-2.142s2.3.921,2.475,2.142c.071.499.536.858,1.025.858.446,0,.979-.3,1.094-.751.341-1.324,1.536-2.249,2.906-2.249s2.564.925,2.906,2.249c.116.45.65.749,1.094.751.539.073.947-.312,1.025-.858.175-1.221,1.239-2.142,2.475-2.142s2.3.921,2.475,2.142c.071.499.536.858,1.025.858.547-.078,1.033-.595.954-1.142-.314-2.199-2.229-3.858-4.454-3.858Zm2.5-3.5c0-1.381-1.119-2.5-2.5-2.5s-2.5,1.119-2.5,2.5,1.119,2.5,2.5,2.5,2.5-1.119,2.5-2.5Zm-7.5,0c0-1.381-1.119-2.5-2.5-2.5s-2.5,1.119-2.5,2.5,1.119,2.5,2.5,2.5,2.5-1.119,2.5-2.5ZM19,0H5C2.243,0,0,2.243,0,5v6c0,.553.448,1,1,1s1-.447,1-1v-6c0-1.654,1.346-3,3-3h14c1.654,0,3,1.346,3,3v6c0,.553.448,1,1,1s1-.447,1-1v-6c0-2.757-2.243-5-5-5Z\"><\/path><\/svg>\t\t\t<\/div>\n\t\t<\/div>\n\t\t\t\t\t\t<\/div>\n\t\t\t\t<div class=\"elementor-element elementor-element-6bee2ce elementor-widget elementor-widget-text-editor\" data-id=\"6bee2ce\" data-element_type=\"widget\" data-e-type=\"widget\" data-widget_type=\"text-editor.default\">\n\t\t\t\t\t\t\t\t\t<p><b><span data-contrast=\"auto\">Haben Sie unbesetzte Ausbildungsstellen?<br \/><\/span><\/b><span data-contrast=\"auto\">Unternehmen k\u00f6nnen ihre freien Stellen mitteilen und erhalten Vorschl\u00e4ge aus unserem Bewerberpool. <a href=\"https:\/\/www.asiatalentbridge.de\/en\/ausbildungsstellen-anbieten\/\">Melden Sie uns gerne Ihre offenen Ausbildungsstellen.<\/a><\/span><span data-ccp-props=\"{&quot;201341983&quot;:0,&quot;335559739&quot;:0,&quot;335559740&quot;:240}\">\u00a0<\/span><\/p>\t\t\t\t\t\t\t\t<\/div>\n\t\t\t\t<\/div>\n\t\t<div class=\"elementor-element elementor-element-2dce1da e-con-full e-flex e-con e-child\" data-id=\"2dce1da\" data-element_type=\"container\" data-e-type=\"container\">\n\t\t\t\t<div class=\"elementor-element elementor-element-7a505b7 elementor-view-default elementor-widget elementor-widget-icon\" data-id=\"7a505b7\" data-element_type=\"widget\" data-e-type=\"widget\" data-widget_type=\"icon.default\">\n\t\t\t\t\t\t\t<div class=\"elementor-icon-wrapper\">\n\t\t\t<div class=\"elementor-icon\">\n\t\t\t<svg xmlns=\"http:\/\/www.w3.org\/2000\/svg\" id=\"Layer_1\" height=\"512\" viewbox=\"0 0 24 24\" width=\"512\" data-name=\"Layer 1\"><path d=\"m4 6a2.982 2.982 0 0 1 -2.122-.879l-1.544-1.374a1 1 0 0 1 1.332-1.494l1.585 1.414a1 1 0 0 0 1.456.04l3.604-3.431a1 1 0 0 1 1.378 1.448l-3.589 3.414a2.964 2.964 0 0 1 -2.1.862zm20-2a1 1 0 0 0 -1-1h-10a1 1 0 0 0 0 2h10a1 1 0 0 0 1-1zm-17.9 9.138 3.589-3.414a1 1 0 1 0 -1.378-1.448l-3.6 3.431a1.023 1.023 0 0 1 -1.414 0l-1.59-1.585a1 1 0 0 0 -1.414 1.414l1.585 1.585a3 3 0 0 0 4.226.017zm17.9-1.138a1 1 0 0 0 -1-1h-10a1 1 0 0 0 0 2h10a1 1 0 0 0 1-1zm-17.9 9.138 3.585-3.414a1 1 0 1 0 -1.378-1.448l-3.6 3.431a1 1 0 0 1 -1.456-.04l-1.585-1.414a1 1 0 0 0 -1.332 1.494l1.544 1.374a3 3 0 0 0 4.226.017zm17.9-1.138a1 1 0 0 0 -1-1h-10a1 1 0 0 0 0 2h10a1 1 0 0 0 1-1z\"><\/path><\/svg>\t\t\t<\/div>\n\t\t<\/div>\n\t\t\t\t\t\t<\/div>\n\t\t\t\t<div class=\"elementor-element elementor-element-626760d elementor-widget elementor-widget-text-editor\" data-id=\"626760d\" data-element_type=\"widget\" data-e-type=\"widget\" data-widget_type=\"text-editor.default\">\n\t\t\t\t\t\t\t\t\t<p><b><span data-contrast=\"auto\">Wie gewinnt man internationale Fachkr\u00e4fte?<\/span><\/b>\u00a0<br \/><span data-contrast=\"auto\">Erfahrene Bewerber aus Bereichen mit hohem Bedarf \u2013 engagiert und belastbar. <a href=\"https:\/\/www.asiatalentbridge.de\/en\/fachkraefte\/\">Mehr dazu hier.<\/a><\/span> <b><span data-contrast=\"auto\">\u00a0<\/span><\/b><\/p>\t\t\t\t\t\t\t\t<\/div>\n\t\t\t\t<\/div>\n\t\t<div class=\"elementor-element elementor-element-69498ff e-con-full e-flex e-con e-child\" data-id=\"69498ff\" data-element_type=\"container\" data-e-type=\"container\">\n\t\t\t\t<div class=\"elementor-element elementor-element-5ecdd93 elementor-view-default elementor-widget elementor-widget-icon\" data-id=\"5ecdd93\" data-element_type=\"widget\" data-e-type=\"widget\" data-widget_type=\"icon.default\">\n\t\t\t\t\t\t\t<div class=\"elementor-icon-wrapper\">\n\t\t\t<div class=\"elementor-icon\">\n\t\t\t<svg xmlns=\"http:\/\/www.w3.org\/2000\/svg\" id=\"Layer_1\" data-name=\"Layer 1\" viewbox=\"0 0 24 24\"><path d=\"m23.751,20.08l-2.509-5.529c-.418-.921-1.271-1.527-2.281-1.623-1.021-.097-1.965.343-2.549,1.17l-1.842,2.61-8.064-4.981,1.099-3.064c.096-.269.304-.483.569-.59.116-.05.241-.074.368-.074.152,0,.306.035.448.106l.47.177c.687.342,1.211.929,1.474,1.652l1.093,3.18c.182.529.762.806,1.288.615.513-.186.782-.75.604-1.266l-1.105-3.213c-.438-1.207-1.312-2.187-2.461-2.759l-.47-.177c-.767-.382-1.661-.418-2.456-.098-.795.319-1.416.965-1.705,1.771l-.956,2.664-3.241-2.002c-.47-.29-1.086-.146-1.376.325-.29.47-.145,1.086.325,1.376l12.94,7.994-.904,1.281c-.6.848-.675,1.947-.198,2.868.481.929,1.433,1.506,2.482,1.506h6.411c.956,0,1.835-.479,2.351-1.279.512-.795.584-1.782.194-2.641Zm-1.876,1.558c-.069.109-.275.362-.669.362h-6.411c-.438,0-.64-.298-.706-.426-.064-.124-.188-.45.056-.795l3.902-5.529c.202-.286.483-.334.649-.334.029,0,.056,0,.076.003.139.014.479.084.648.458l2.509,5.53c.155.342.014.625-.055.73ZM9,2.5c0-1.381,1.119-2.5,2.5-2.5s2.5,1.119,2.5,2.5-1.119,2.5-2.5,2.5-2.5-1.119-2.5-2.5Zm1,16.5v4c0,.553-.447,1-1,1s-1-.447-1-1v-4c0-.553.447-1,1-1s1,.447,1,1Zm-5.141-2.797l-2.532,7.132c-.146.409-.531.665-.942.665-.111,0-.224-.019-.335-.058-.521-.185-.792-.757-.607-1.277l2.532-7.132c.185-.521.753-.791,1.277-.607.521.185.792.757.607,1.277Z\"><\/path><\/svg>\t\t\t<\/div>\n\t\t<\/div>\n\t\t\t\t\t\t<\/div>\n\t\t\t\t<div class=\"elementor-element elementor-element-c9644ce elementor-widget elementor-widget-text-editor\" data-id=\"c9644ce\" data-element_type=\"widget\" data-e-type=\"widget\" data-widget_type=\"text-editor.default\">\n\t\t\t\t\t\t\t\t\t<p><b><span data-contrast=\"auto\">Wie unterst\u00fctzen wir Personalabteilungen im Prozess?<\/span><\/b>\u00a0<br \/><span data-contrast=\"auto\">Strukturierte Vorauswahl, Online-Interviews, Visa- und Dokumentenbegleitung sowie Vorbereitung auf den Arbeitsstart \u2013 schnell, transparent und entlastend f\u00fcr HR. <a href=\"https:\/\/www.asiatalentbridge.de\/en\/service\/\">So funktioniert es.<\/a><\/span><span data-ccp-props=\"{&quot;201341983&quot;:0,&quot;335559739&quot;:0,&quot;335559740&quot;:240}\">\u00a0<\/span><\/p>\t\t\t\t\t\t\t\t<\/div>\n\t\t\t\t<\/div>\n\t\t\t\t\t<\/div>\n\t\t\t\t<\/div>\n\t\t<div class=\"elementor-element elementor-element-0a56054 e-flex e-con-boxed e-con e-parent\" data-id=\"0a56054\" data-element_type=\"container\" data-e-type=\"container\">\n\t\t\t\t\t<div class=\"e-con-inner\">\n\t\t<div class=\"elementor-element elementor-element-f3ad858 e-con-full e-flex e-con e-child\" data-id=\"f3ad858\" data-element_type=\"container\" data-e-type=\"container\">\n\t\t\t\t<div class=\"elementor-element elementor-element-a9793f6 elementor-view-default elementor-widget elementor-widget-icon\" data-id=\"a9793f6\" data-element_type=\"widget\" data-e-type=\"widget\" data-widget_type=\"icon.default\">\n\t\t\t\t\t\t\t<div class=\"elementor-icon-wrapper\">\n\t\t\t<div class=\"elementor-icon\">\n\t\t\t<svg xmlns=\"http:\/\/www.w3.org\/2000\/svg\" id=\"Layer_1\" data-name=\"Layer 1\" viewbox=\"0 0 24 24\"><path d=\"m19.052,6.666c.556.446,1.339.446,1.895,0,1.183-.948,3.052-3.071,3.052-4.666,0-1.105-.895-2-2-2s-2,.895-2,2c0-1.105-.895-2-2-2s-2,.895-2,2c0,1.595,1.87,3.718,3.052,4.666Z\"><\/path><path d=\"m21.362,9.072c-.428-.048-.886-.072-1.362-.072-2.835,0-5.166,2.751-5.604,3.302-.529-.178-1.227-.302-1.896-.302-1.447.032-2.714.386-3.708.8.306-1.538.266-2.988.231-4.16-.021-.642-.039-1.257.01-1.713l2.29-.729c.415-.132.696-.517.696-.953v-.28l.79-.288c.475-.189.857-.568,1.052-1.041.191-.469.187-.98-.015-1.439C13.255.848,11.745-.024,10-.024c-1.825,0-3.223,1.187-3.323,1.279C.695,5.855-.004,12.011-.01,16.241c0,1.353.557,2.662,1.529,3.59,1.63,1.557,5.158,4.169,10.48,4.169,4.684,0,7.965-1.223,9.894-2.25,1.299-.692,2.106-2.043,2.106-3.526v-6.172c0-1.53-1.134-2.812-2.638-2.98Zm.638,9.152c0,.742-.401,1.417-1.047,1.761-1.727.919-4.682,2.015-8.953,2.015-4.624,0-7.686-2.265-9.1-3.615-.588-.561-.911-1.322-.91-2.142.006-4.129.682-9.385,5.954-13.442.01-.008.967-.825,2.056-.825.985,0,1.662.427,1.943.889l-1.267.46c-.395.144-.658.519-.658.94v.25l-2.143.682c-.298.095-.534.324-.639.619-.279.787-.249,1.76-.214,2.886.052,1.699.117,3.814-.913,5.817-.001.002,0,.004-.002.006-.059.117-.095.243-.105.372-.009.119.008.237.04.351.003.01,0,.02.003.029.078.246.248.462.496.589.373.192.805.127,1.104-.127,0,0,0,0,0,0,.021-.017,1.993-1.673,4.853-1.738,1.95,0,3.119,1.485,3.173,1.562.193.285.508.438.828.438.191,0,.386-.055.557-.17.458-.308.58-.929.272-1.387-.032-.048-.423-.604-1.139-1.172.742-.846,2.304-2.271,3.809-2.271.402,0,.786.02,1.14.06.49.055.86.482.86.993v6.172Z\"><\/path><\/svg>\t\t\t<\/div>\n\t\t<\/div>\n\t\t\t\t\t\t<\/div>\n\t\t\t\t<div class=\"elementor-element elementor-element-dfed318 elementor-widget elementor-widget-text-editor\" data-id=\"dfed318\" data-element_type=\"widget\" data-e-type=\"widget\" data-widget_type=\"text-editor.default\">\n\t\t\t\t\t\t\t\t\t<p><b><span data-contrast=\"auto\">Was macht uns aus?<\/span><\/b>\u00a0<br \/><span data-contrast=\"auto\">Ganzheitliche Begleitung statt reiner Vermittlung \u2013 damit neue Mitarbeiter wirklich ankommen und langfristig Teil des Unternehmens werden. <a href=\"https:\/\/www.asiatalentbridge.de\/en\/unser-ansatz\/\">Lesen Sie mehr \u00fcber unseren Ansatz.<\/a><\/span> <b><span data-contrast=\"auto\">\u00a0<\/span><\/b><\/p>\t\t\t\t\t\t\t\t<\/div>\n\t\t\t\t<\/div>\n\t\t<div class=\"elementor-element elementor-element-41749c7 e-con-full e-flex e-con e-child\" data-id=\"41749c7\" data-element_type=\"container\" data-e-type=\"container\">\n\t\t\t\t<div class=\"elementor-element elementor-element-eef7419 elementor-view-default elementor-widget elementor-widget-icon\" data-id=\"eef7419\" data-element_type=\"widget\" data-e-type=\"widget\" data-widget_type=\"icon.default\">\n\t\t\t\t\t\t\t<div class=\"elementor-icon-wrapper\">\n\t\t\t<div class=\"elementor-icon\">\n\t\t\t<svg xmlns=\"http:\/\/www.w3.org\/2000\/svg\" id=\"Layer_1\" data-name=\"Layer 1\" viewbox=\"0 0 24 24\" width=\"512\" height=\"512\"><path d=\"m24,12c0,.552-.447,1-1,1h-2.466c-.452,0-.849.305-.966.74l-1.677,6.242c-.191.625-.725,1.018-1.341,1.018h-.017c-.623-.007-1.155-.415-1.324-1.014l-3.274-13.226-3.178,11.239c-.191.597-.69.976-1.28.999-.612.033-1.119-.315-1.345-.862l-1.6-4.474c-.143-.396-.521-.663-.942-.663H1c-.553,0-1-.448-1-1s.447-1,1-1h2.591c1.264,0,2.398.799,2.825,1.989l.938,2.626,3.284-11.615c.201-.625.727-1.027,1.361-1,.618.011,1.146.418,1.315,1.012l3.259,13.166,1.062-3.956c.351-1.308,1.542-2.222,2.897-2.222h2.466c.553,0,1,.448,1,1Z\"><\/path><\/svg>\t\t\t<\/div>\n\t\t<\/div>\n\t\t\t\t\t\t<\/div>\n\t\t\t\t<div class=\"elementor-element elementor-element-d0dca5a elementor-widget elementor-widget-text-editor\" data-id=\"d0dca5a\" data-element_type=\"widget\" data-e-type=\"widget\" data-widget_type=\"text-editor.default\">\n\t\t\t\t\t\t\t\t\t<p><b><span data-contrast=\"auto\">Wer steht hinter AsiaTalentBridge?<\/span><\/b>\u00a0<br \/><span data-contrast=\"auto\">Ein erfahrenes Team, das Sprache, Betreuung und Vermittlung aus einer Hand bietet \u2013 mit klaren Strukturen und hoher Verl\u00e4sslichkeit. <a href=\"https:\/\/www.asiatalentbridge.de\/en\/ueber-uns\/\">Lernen Sie uns etwas mehr kennen.<\/a><\/span><span data-ccp-props=\"{&quot;201341983&quot;:0,&quot;335559739&quot;:0,&quot;335559740&quot;:240}\">\u00a0<\/span><\/p>\t\t\t\t\t\t\t\t<\/div>\n\t\t\t\t<\/div>\n\t\t\t\t\t<\/div>\n\t\t\t\t<\/div>\n\t\t\t\t<\/div>","protected":false},"excerpt":{"rendered":"<p>Informationen f\u00fcr Unternehmen Warum AsiaTalentBridge f\u00fcr Ihre Personalgewinnung?\u00a0Gut vorbereitete Bewerber aus China, die motiviert starten, schnell ins Team passen und langfristig bleiben. Ideal f\u00fcr Personalabteilungen, die zuverl\u00e4ssige Azubis oder Fachkr\u00e4fte suchen \u2013 ohne hohen Aufwand.\u00a0 Sie suchen passende Auszubildende?Bei uns finden Sie junge Talente, die sich bewusst f\u00fcr eine Ausbildung in Deutschland entschieden haben, zuverl\u00e4ssig, [&hellip;]<\/p>\n","protected":false},"author":3,"featured_media":0,"parent":0,"menu_order":0,"comment_status":"closed","ping_status":"closed","template":"elementor_header_footer","meta":{"footnotes":""},"class_list":["post-1317","page","type-page","status-publish","hentry"],"_links":{"self":[{"href":"https:\/\/www.asiatalentbridge.de\/en\/wp-json\/wp\/v2\/pages\/1317","targetHints":{"allow":["GET"]}}],"collection":[{"href":"https:\/\/www.asiatalentbridge.de\/en\/wp-json\/wp\/v2\/pages"}],"about":[{"href":"https:\/\/www.asiatalentbridge.de\/en\/wp-json\/wp\/v2\/types\/page"}],"author":[{"embeddable":true,"href":"https:\/\/www.asiatalentbridge.de\/en\/wp-json\/wp\/v2\/users\/3"}],"replies":[{"embeddable":true,"href":"https:\/\/www.asiatalentbridge.de\/en\/wp-json\/wp\/v2\/comments?post=1317"}],"version-history":[{"count":0,"href":"https:\/\/www.asiatalentbridge.de\/en\/wp-json\/wp\/v2\/pages\/1317\/revisions"}],"wp:attachment":[{"href":"https:\/\/www.asiatalentbridge.de\/en\/wp-json\/wp\/v2\/media?parent=1317"}],"curies":[{"name":"wp","href":"https:\/\/api.w.org\/{rel}","templated":true}]}}