{"id":877,"date":"2025-11-07T08:18:48","date_gmt":"2025-11-07T07:18:48","guid":{"rendered":"https:\/\/asiatalentbridge.de\/?page_id=877"},"modified":"2026-02-09T11:24:07","modified_gmt":"2026-02-09T10:24:07","slug":"au-pair","status":"publish","type":"page","link":"https:\/\/www.asiatalentbridge.de\/en\/au-pair\/","title":{"rendered":"Au-Pair"},"content":{"rendered":"<div data-elementor-type=\"wp-page\" data-elementor-id=\"877\" class=\"elementor elementor-877\">\n\t\t\t\t<div class=\"elementor-element elementor-element-d539a97 e-flex e-con-boxed e-con e-parent\" data-id=\"d539a97\" data-element_type=\"container\" data-e-type=\"container\">\n\t\t\t\t\t<div class=\"e-con-inner\">\n\t\t\t\t<div class=\"elementor-element elementor-element-d8e8e55 elementor-widget elementor-widget-heading\" data-id=\"d8e8e55\" data-element_type=\"widget\" data-e-type=\"widget\" data-widget_type=\"heading.default\">\n\t\t\t\t\t<h2 class=\"elementor-heading-title elementor-size-default\">Au-pairs aus China f\u00fcr deutsche Familien<\/h2>\t\t\t\t<\/div>\n\t\t\t\t\t<\/div>\n\t\t\t\t<\/div>\n\t\t<div class=\"elementor-element elementor-element-c5249a5 e-flex e-con-boxed e-con e-parent\" data-id=\"c5249a5\" data-element_type=\"container\" data-e-type=\"container\">\n\t\t\t\t\t<div class=\"e-con-inner\">\n\t\t\t\t<div class=\"elementor-element elementor-element-9a10a0f elementor-widget elementor-widget-text-editor\" data-id=\"9a10a0f\" data-element_type=\"widget\" data-e-type=\"widget\" data-widget_type=\"text-editor.default\">\n\t\t\t\t\t\t\t\t\t<p><span data-contrast=\"none\">Immer mehr Familien in Deutschland w\u00fcnschen sich eine verl\u00e4ssliche Unterst\u00fctzung im Alltag und m\u00f6chten ihren Kindern gleichzeitig den Kontakt zu anderen Kulturen erm\u00f6glichen. AsiaTalentBridge vermittelt junge, motivierte Menschen aus China, die als Au-pairs in Deutschland leben und Familien tatkr\u00e4ftig im Alltag unterst\u00fctzen m\u00f6chten.<\/span><span data-ccp-props=\"{&quot;134233117&quot;:true,&quot;134233118&quot;:true,&quot;201341983&quot;:0,&quot;335559740&quot;:240}\">\u00a0<\/span><\/p><p><span data-contrast=\"none\">Unsere Au-pairs sind sorgf\u00e4ltig ausgew\u00e4hlt, verf\u00fcgen \u00fcber Grundkenntnisse der deutschen Sprache und bringen ein echtes Interesse an Familienleben und Kinderbetreuung mit. Viele von ihnen nutzen das Au-pair-Jahr, um sich auf eine sp\u00e4tere Ausbildung oder ein Studium in Deutschland vorzubereiten.<\/span><span data-ccp-props=\"{&quot;134233117&quot;:true,&quot;134233118&quot;:true,&quot;201341983&quot;:0,&quot;335559740&quot;:240}\">\u00a0<br \/>\u00a0<\/span><\/p><h3><span data-contrast=\"none\">Was wir anbieten:<\/span><span data-ccp-props=\"{&quot;134233117&quot;:true,&quot;134233118&quot;:true,&quot;201341983&quot;:0,&quot;335559740&quot;:240}\">\u00a0<\/span><\/h3><ul><li><span data-contrast=\"none\">Vorauswahl geeigneter, motivierter Bewerberinnen und Bewerber<\/span><span data-ccp-props=\"{&quot;134233117&quot;:true,&quot;134233118&quot;:true,&quot;201341983&quot;:0,&quot;335559740&quot;:240}\">\u00a0<\/span><\/li><li><span data-contrast=\"none\">Unterst\u00fctzung bei allen administrativen Schritten (Bewerbung, Vertrag, Visum)<\/span><span data-ccp-props=\"{&quot;134233117&quot;:true,&quot;134233118&quot;:true,&quot;201341983&quot;:0,&quot;335559740&quot;:240}\">\u00a0<\/span><\/li><li><span data-contrast=\"none\">Sprachliche und kulturelle Vorbereitung in China<\/span><span data-ccp-props=\"{&quot;134233117&quot;:true,&quot;134233118&quot;:true,&quot;201341983&quot;:0,&quot;335559740&quot;:240}\">\u00a0<\/span><\/li><li><span data-contrast=\"none\">Begleitung und Unterst\u00fctzung w\u00e4hrend des gesamten Aufenthalts<\/span><span data-ccp-props=\"{&quot;134233117&quot;:true,&quot;134233118&quot;:true,&quot;201341983&quot;:0,&quot;335559740&quot;:240}\">\u00a0<\/span><\/li><\/ul>\t\t\t\t\t\t\t\t<\/div>\n\t\t\t\t\t<\/div>\n\t\t\t\t<\/div>\n\t\t<div class=\"elementor-element elementor-element-9a7beca e-flex e-con-boxed e-con e-parent\" data-id=\"9a7beca\" data-element_type=\"container\" data-e-type=\"container\" data-settings=\"{&quot;background_background&quot;:&quot;classic&quot;}\">\n\t\t\t\t\t<div class=\"e-con-inner\">\n\t\t\t\t<div class=\"elementor-element elementor-element-b82c4e0 elementor-widget elementor-widget-text-editor\" data-id=\"b82c4e0\" data-element_type=\"widget\" data-e-type=\"widget\" data-widget_type=\"text-editor.default\">\n\t\t\t\t\t\t\t\t\t<h3><span data-contrast=\"none\">Vorteile f\u00fcr Familien<\/span><\/h3><ul><li><span data-contrast=\"none\">Entlastung im Familienalltag durch engagierte Unterst\u00fctzung (30 Stunden pro Woche)<\/span><span data-ccp-props=\"{&quot;134233117&quot;:true,&quot;134233118&quot;:true,&quot;201341983&quot;:0,&quot;335559740&quot;:240}\">\u00a0<\/span><\/li><li><span data-contrast=\"none\">Interkultureller Austausch: Alle Familienmitglieder lernen Offenheit und neue Perspektiven kennen.<\/span><span data-ccp-props=\"{&quot;134233117&quot;:true,&quot;134233118&quot;:true,&quot;201341983&quot;:0,&quot;335559740&quot;:240}\">\u00a0<\/span><\/li><li><span data-contrast=\"none\">Keine Vermittlungsgeb\u00fchr oder Flugkosten f\u00fcr Gastfamilien \u2013 die Vorbereitungskosten tragen die Au-pairs und ihre Eltern<\/span><span data-ccp-props=\"{&quot;134233117&quot;:true,&quot;134233118&quot;:true,&quot;201341983&quot;:0,&quot;335559740&quot;:240}\">\u00a0<br \/>\u00a0<\/span><\/li><\/ul><h3><span data-contrast=\"none\">Kosten f\u00fcr Gastfamilien<\/span><span data-ccp-props=\"{&quot;134233117&quot;:true,&quot;134233118&quot;:true,&quot;201341983&quot;:0,&quot;335559740&quot;:240}\">\u00a0<\/span><\/h3><p><span data-contrast=\"none\">Die rechtlichen Rahmenbedingungen f\u00fcr Au-pairs in Deutschland sind klar geregelt. F\u00fcr Gastfamilien entstehen folgende Kosten:<\/span><span data-ccp-props=\"{&quot;134233117&quot;:true,&quot;134233118&quot;:true,&quot;201341983&quot;:0,&quot;335559740&quot;:240}\">\u00a0<\/span><\/p><ul><li><span data-contrast=\"none\">Taschengeld: mindestens 280 \u20ac pro Monat (gesetzlich vorgeschrieben).<\/span><span data-ccp-props=\"{&quot;134233117&quot;:true,&quot;134233118&quot;:true,&quot;201341983&quot;:0,&quot;335559740&quot;:240}\">\u00a0<\/span><\/li><li><span data-contrast=\"none\">Freie Unterkunft und Verpflegung<\/span><span data-ccp-props=\"{&quot;134233117&quot;:true,&quot;134233118&quot;:true,&quot;201341983&quot;:0,&quot;335559740&quot;:240}\">\u00a0<\/span><\/li><li><span data-contrast=\"none\">\u00dcbernahme der H\u00e4lfte der Sprachkurskosten (in der Regel ca. 50 \u20ac pro Monat).<\/span><span data-ccp-props=\"{&quot;134233117&quot;:true,&quot;134233118&quot;:true,&quot;201341983&quot;:0,&quot;335559740&quot;:240}\">\u00a0<\/span><\/li><li><span data-contrast=\"none\">Versicherungskosten (Kranken-, Unfall- und Haftpflichtversicherung, ca. 40\u201360 \u20ac pro Monat)<\/span><span data-ccp-props=\"{&quot;134233117&quot;:true,&quot;134233118&quot;:true,&quot;201341983&quot;:0,&quot;335559740&quot;:240}\">\u00a0<\/span><\/li><li><span data-contrast=\"none\">Fahrtkostenbeteiligung: optional (z. B. Monatskarte oder Beitrag zu \u00f6ffentlichen Verkehrsmitteln).<\/span><span data-ccp-props=\"{&quot;134233117&quot;:true,&quot;134233118&quot;:true,&quot;201341983&quot;:0,&quot;335559740&quot;:240}\">\u00a0<\/span><\/li><\/ul><p><span data-contrast=\"none\">Damit liegen die monatlichen Gesamtkosten f\u00fcr Familien meist zwischen 370 und 420 Euro, abh\u00e4ngig von individuellen Vereinbarungen.<br \/>\u00a0<\/span><\/p><h3><span data-contrast=\"none\">F\u00fcr welche Familien eignen sich Au-pairs?<\/span><\/h3><ul><li><span data-contrast=\"none\">Familien mit kleinen oder schulpflichtigen Kindern<\/span><span data-ccp-props=\"{&quot;134233117&quot;:true,&quot;134233118&quot;:true,&quot;201341983&quot;:0,&quot;335559740&quot;:240}\">\u00a0<\/span><\/li><li><span data-contrast=\"none\">Familien, die gerne internationale Erfahrungen machen<\/span><span data-ccp-props=\"{&quot;134233117&quot;:true,&quot;134233118&quot;:true,&quot;201341983&quot;:0,&quot;335559740&quot;:240}\">\u00a0<\/span><\/li><li><span data-contrast=\"none\">Familien, die Wert auf Sprache, Kultur und gegenseitiges Lernen legen.<\/span><span data-ccp-props=\"{&quot;134233117&quot;:true,&quot;134233118&quot;:true,&quot;201341983&quot;:0,&quot;335559740&quot;:240}\">\u00a0<\/span><\/li><\/ul>\t\t\t\t\t\t\t\t<\/div>\n\t\t\t\t\t<\/div>\n\t\t\t\t<\/div>\n\t\t<div class=\"elementor-element elementor-element-e7ca555 e-flex e-con-boxed e-con e-parent\" data-id=\"e7ca555\" data-element_type=\"container\" data-e-type=\"container\">\n\t\t\t\t\t<div class=\"e-con-inner\">\n\t\t\t\t<div class=\"elementor-element elementor-element-4e09579 elementor-widget elementor-widget-text-editor\" data-id=\"4e09579\" data-element_type=\"widget\" data-e-type=\"widget\" data-widget_type=\"text-editor.default\">\n\t\t\t\t\t\t\t\t\t<h3><span data-contrast=\"none\">Interessiert? Dann nehmen Sie gerne Kontakt auf!<\/span><span data-ccp-props=\"{&quot;134233117&quot;:true,&quot;134233118&quot;:true,&quot;201341983&quot;:0,&quot;335559740&quot;:240}\">\u00a0<\/span><\/h3><p><span data-contrast=\"none\">Wenn Sie ein Au-pair aus China bei sich aufnehmen m\u00f6chten, f\u00fcllen Sie bitte das folgende Formular aus. Anschlie\u00dfend stellen wir Ihnen passende Bewerberprofile vor.<\/span><\/p>\t\t\t\t\t\t\t\t<\/div>\n\t\t\t\t<div class=\"elementor-element elementor-element-38955e4 elementor-widget elementor-widget-shortcode\" data-id=\"38955e4\" data-element_type=\"widget\" data-e-type=\"widget\" data-widget_type=\"shortcode.default\">\n\t\t\t\t\t\t\t<div class=\"elementor-shortcode\">\n<div class=\"wpcf7 no-js\" id=\"wpcf7-f895-o1\" lang=\"de-DE\" dir=\"ltr\" data-wpcf7-id=\"895\">\n<div class=\"screen-reader-response\"><p role=\"status\" aria-live=\"polite\" aria-atomic=\"true\"><\/p> <ul><\/ul><\/div>\n<form action=\"\/en\/wp-json\/wp\/v2\/pages\/877#wpcf7-f895-o1\" method=\"post\" class=\"wpcf7-form init\" aria-label=\"Kontaktformular\" novalidate=\"novalidate\" data-status=\"init\" data-trp-original-action=\"\/en\/wp-json\/wp\/v2\/pages\/877#wpcf7-f895-o1\">\n<fieldset class=\"hidden-fields-container\"><input type=\"hidden\" name=\"_wpcf7\" value=\"895\" \/><input type=\"hidden\" name=\"_wpcf7_version\" value=\"6.1.5\" \/><input type=\"hidden\" name=\"_wpcf7_locale\" value=\"de_DE\" \/><input type=\"hidden\" name=\"_wpcf7_unit_tag\" value=\"wpcf7-f895-o1\" \/><input type=\"hidden\" name=\"_wpcf7_container_post\" value=\"0\" \/><input type=\"hidden\" name=\"_wpcf7_posted_data_hash\" value=\"\" \/><input type=\"hidden\" name=\"_wpcf7cf_hidden_group_fields\" value=\"[]\" \/><input type=\"hidden\" name=\"_wpcf7cf_hidden_groups\" value=\"[]\" \/><input type=\"hidden\" name=\"_wpcf7cf_visible_groups\" value=\"[]\" \/><input type=\"hidden\" name=\"_wpcf7cf_repeaters\" value=\"[]\" \/><input type=\"hidden\" name=\"_wpcf7cf_steps\" value=\"{}\" \/><input type=\"hidden\" name=\"_wpcf7cf_options\" value=\"{&quot;form_id&quot;:895,&quot;conditions&quot;:[],&quot;settings&quot;:{&quot;animation&quot;:&quot;yes&quot;,&quot;animation_intime&quot;:200,&quot;animation_outtime&quot;:200,&quot;conditions_ui&quot;:&quot;normal&quot;,&quot;notice_dismissed&quot;:false}}\" \/>\n<\/fieldset>\n<div class=\"cf7-aup-grid\">\n  <label>Name der Familie*<\/label>\n  <span class=\"wpcf7-form-control-wrap\" data-name=\"family-name\"><input size=\"40\" maxlength=\"400\" class=\"wpcf7-form-control wpcf7-text wpcf7-validates-as-required\" aria-required=\"true\" aria-invalid=\"false\" value=\"\" type=\"text\" name=\"family-name\" \/><\/span>\n\n  <div class=\"cf7-aup-row\">\n    <div class=\"cf7-aup-half\">\n      <label>Ansprechpartner (Vorname, ggf. Nachname)*<\/label>\n      <span class=\"wpcf7-form-control-wrap\" data-name=\"contact-person\"><input size=\"40\" maxlength=\"400\" class=\"wpcf7-form-control wpcf7-text wpcf7-validates-as-required\" aria-required=\"true\" aria-invalid=\"false\" value=\"\" type=\"text\" name=\"contact-person\" \/><\/span>\n    <\/div>\n    <div class=\"cf7-aup-half\">\n      <label>Telefonnummer<\/label>\n      <span class=\"wpcf7-form-control-wrap\" data-name=\"phone\"><input size=\"40\" maxlength=\"400\" class=\"wpcf7-form-control wpcf7-tel wpcf7-text wpcf7-validates-as-tel\" aria-invalid=\"false\" value=\"\" type=\"tel\" name=\"phone\" \/><\/span>\n    <\/div>\n  <\/div>\n\n  <div class=\"cf7-aup-row\">\n    <div class=\"cf7-aup-half\">\n      <label>Deine E-Mail-Adresse*<\/label>\n      <span class=\"wpcf7-form-control-wrap\" data-name=\"email\"><input size=\"40\" maxlength=\"400\" class=\"wpcf7-form-control wpcf7-email wpcf7-validates-as-required wpcf7-text wpcf7-validates-as-email\" aria-required=\"true\" aria-invalid=\"false\" value=\"\" type=\"email\" name=\"email\" \/><\/span>\n    <\/div>\n    <div class=\"cf7-aup-half\">\n      <label>Wohnort\/Bundesland*<\/label>\n      <span class=\"wpcf7-form-control-wrap\" data-name=\"location\"><input size=\"40\" maxlength=\"400\" class=\"wpcf7-form-control wpcf7-text wpcf7-validates-as-required\" aria-required=\"true\" aria-invalid=\"false\" value=\"\" type=\"text\" name=\"location\" \/><\/span>\n    <\/div>\n  <\/div>\n\n  <label>Anzahl und Alter der Kinder*<\/label>\n  <span class=\"wpcf7-form-control-wrap\" data-name=\"children\"><input size=\"40\" maxlength=\"400\" class=\"wpcf7-form-control wpcf7-text wpcf7-validates-as-required\" aria-required=\"true\" aria-invalid=\"false\" value=\"\" type=\"text\" name=\"children\" \/><\/span>\n\n  <label>Beschreibung der Familie (kurz)<\/label>\n  <span class=\"wpcf7-form-control-wrap\" data-name=\"family-description\"><textarea cols=\"40\" rows=\"5\" maxlength=\"2000\" class=\"wpcf7-form-control wpcf7-textarea\" aria-invalid=\"false\" name=\"family-description\"><\/textarea><\/span>\n\n<div class=\"cf7-aup-row\">\n  <div class=\"cf7-aup-half\">\n  <label>Zeitraum, in dem ein Au-pair willkommen ist*<\/label>\n  <span class=\"wpcf7-form-control-wrap\" data-name=\"period\"><input size=\"40\" maxlength=\"400\" class=\"wpcf7-form-control wpcf7-text wpcf7-validates-as-required\" aria-required=\"true\" aria-invalid=\"false\" value=\"\" type=\"text\" name=\"period\" \/><\/span>\n    <\/div>\n    <div class=\"cf7-aup-half\">\n  <label>Unterkunft \/ eigenes Zimmer vorhanden?<\/label>\n  <span class=\"wpcf7-form-control-wrap\" data-name=\"radio-951\"><span class=\"wpcf7-form-control wpcf7-radio\"><span class=\"wpcf7-list-item first\"><label><input type=\"radio\" name=\"radio-951\" value=\"Ja\" \/><span class=\"wpcf7-list-item-label\">Ja<\/span><\/label><\/span><span class=\"wpcf7-list-item last\"><label><input type=\"radio\" name=\"radio-951\" value=\"Nein\" \/><span class=\"wpcf7-list-item-label\">Nein<\/span><\/label><\/span><\/span><\/span>\n    <\/div>\n  <\/div>\n\n  <label>Weitere Anmerkungen oder W\u00fcnsche<\/label>\n  <span class=\"wpcf7-form-control-wrap\" data-name=\"notes\"><textarea cols=\"40\" rows=\"5\" maxlength=\"2000\" class=\"wpcf7-form-control wpcf7-textarea\" aria-invalid=\"false\" name=\"notes\"><\/textarea><\/span>\n\n<div class=\"cf7-aup-checkbox\">\n  <span class=\"wpcf7-form-control-wrap\" data-name=\"datenschutz\"><span class=\"wpcf7-form-control wpcf7-checkbox wpcf7-validates-as-required\"><span class=\"wpcf7-list-item first last\"><label><input type=\"checkbox\" name=\"datenschutz[]\" value=\"Ich habe die Datenschutzbestimmungen zur Kenntnis genommen und akzeptiere sie.*\" \/><span class=\"wpcf7-list-item-label\">Ich habe die Datenschutzbestimmungen zur Kenntnis genommen und akzeptiere sie.*<\/span><\/label><\/span><\/span><\/span>\n<\/div>\n\n <br> \n<div class=\"cf7-cf-turnstile\" style=\"margin-top: 0px; margin-bottom: -15px;\"> <div id=\"cf-turnstile-cf7-123271452\" class=\"cf-turnstile\" data-sitekey=\"0x4AAAAAACHjUy_Y9byM-Yo6\" data-theme=\"light\" data-language=\"auto\" data-size=\"normal\" data-retry=\"auto\" data-retry-interval=\"1000\" data-refresh-expired=\"auto\" data-refresh-timeout=\"auto\" data-action=\"contact-form-7\" data-callback=\"turnstileCF7Callback\" data-appearance=\"always\"><\/div> <script>document.addEventListener(\"DOMContentLoaded\", function() { setTimeout(function(){ var e=document.getElementById(\"cf-turnstile-cf7-123271452\"); if(e&&!e.innerHTML.trim()){turnstile.render(e, {sitekey:\"0x4AAAAAACHjUy_Y9byM-Yo6\"});} }, 200); });<\/script> <br class=\"cf-turnstile-br cf-turnstile-br-cf7-123271452\"> <style>#cf-turnstile-cf7-123271452 { margin-left: -15px; }<\/style> <script>document.addEventListener(\"DOMContentLoaded\",function(){document.querySelectorAll('.wpcf7-form').forEach(function(e){e.addEventListener('submit',function(){if(document.getElementById('cf-turnstile-cf7-123271452')){setTimeout(function(){turnstile.reset('#cf-turnstile-cf7-123271452');},1000)}})})});<\/script> <\/div><br\/><input class=\"wpcf7-form-control wpcf7-submit has-spinner\" type=\"submit\" value=\"Senden\" \/>\n<\/div><p style=\"display: none !important;\" class=\"akismet-fields-container\" data-prefix=\"_wpcf7_ak_\"><label>&#916;<textarea name=\"_wpcf7_ak_hp_textarea\" cols=\"45\" rows=\"8\" maxlength=\"100\"><\/textarea><\/label><input type=\"hidden\" id=\"ak_js_1\" name=\"_wpcf7_ak_js\" value=\"93\"\/><script>document.getElementById( \"ak_js_1\" ).setAttribute( \"value\", ( new Date() ).getTime() );<\/script><\/p><div class=\"wpcf7-response-output\" aria-hidden=\"true\"><\/div>\n<input type=\"hidden\" name=\"trp-form-language\" value=\"en\"\/><\/form>\n<\/div>\n\u00a0<\/div>\n\t\t\t\t\t\t<\/div>\n\t\t\t\t\t<\/div>\n\t\t\t\t<\/div>\n\t\t\t\t<\/div>","protected":false},"excerpt":{"rendered":"<p>Au-pairs aus China f\u00fcr deutsche Familien Immer mehr Familien in Deutschland w\u00fcnschen sich eine verl\u00e4ssliche Unterst\u00fctzung im Alltag und m\u00f6chten ihren Kindern gleichzeitig den Kontakt zu anderen Kulturen erm\u00f6glichen. AsiaTalentBridge vermittelt junge, motivierte Menschen aus China, die als Au-pairs in Deutschland leben und Familien tatkr\u00e4ftig im Alltag unterst\u00fctzen m\u00f6chten.\u00a0 Unsere Au-pairs sind sorgf\u00e4ltig ausgew\u00e4hlt, verf\u00fcgen [&hellip;]<\/p>\n","protected":false},"author":3,"featured_media":0,"parent":0,"menu_order":0,"comment_status":"closed","ping_status":"closed","template":"elementor_header_footer","meta":{"footnotes":""},"class_list":["post-877","page","type-page","status-publish","hentry"],"_links":{"self":[{"href":"https:\/\/www.asiatalentbridge.de\/en\/wp-json\/wp\/v2\/pages\/877","targetHints":{"allow":["GET"]}}],"collection":[{"href":"https:\/\/www.asiatalentbridge.de\/en\/wp-json\/wp\/v2\/pages"}],"about":[{"href":"https:\/\/www.asiatalentbridge.de\/en\/wp-json\/wp\/v2\/types\/page"}],"author":[{"embeddable":true,"href":"https:\/\/www.asiatalentbridge.de\/en\/wp-json\/wp\/v2\/users\/3"}],"replies":[{"embeddable":true,"href":"https:\/\/www.asiatalentbridge.de\/en\/wp-json\/wp\/v2\/comments?post=877"}],"version-history":[{"count":6,"href":"https:\/\/www.asiatalentbridge.de\/en\/wp-json\/wp\/v2\/pages\/877\/revisions"}],"predecessor-version":[{"id":15698,"href":"https:\/\/www.asiatalentbridge.de\/en\/wp-json\/wp\/v2\/pages\/877\/revisions\/15698"}],"wp:attachment":[{"href":"https:\/\/www.asiatalentbridge.de\/en\/wp-json\/wp\/v2\/media?parent=877"}],"curies":[{"name":"wp","href":"https:\/\/api.w.org\/{rel}","templated":true}]}}