{"id":901,"date":"2025-11-07T09:12:14","date_gmt":"2025-11-07T08:12:14","guid":{"rendered":"https:\/\/asiatalentbridge.de\/?page_id=901"},"modified":"2026-02-09T10:15:10","modified_gmt":"2026-02-09T09:15:10","slug":"freiwilligendienst","status":"publish","type":"page","link":"https:\/\/www.asiatalentbridge.de\/en\/freiwilligendienst\/","title":{"rendered":"Freiwilligendienst"},"content":{"rendered":"<div data-elementor-type=\"wp-page\" data-elementor-id=\"901\" class=\"elementor elementor-901\">\n\t\t\t\t<div class=\"elementor-element elementor-element-a757922 e-flex e-con-boxed e-con e-parent\" data-id=\"a757922\" data-element_type=\"container\" data-e-type=\"container\">\n\t\t\t\t\t<div class=\"e-con-inner\">\n\t\t\t\t<div class=\"elementor-element elementor-element-518a4a1 elementor-widget elementor-widget-heading\" data-id=\"518a4a1\" data-element_type=\"widget\" data-e-type=\"widget\" data-widget_type=\"heading.default\">\n\t\t\t\t\t<h2 class=\"elementor-heading-title elementor-size-default\">Freiwillige aus China f\u00fcr Ihre BFD bzw. FSJ-Stellen <\/h2>\t\t\t\t<\/div>\n\t\t\t\t<div class=\"elementor-element elementor-element-2d1c9d2 elementor-widget elementor-widget-text-editor\" data-id=\"2d1c9d2\" data-element_type=\"widget\" data-e-type=\"widget\" data-widget_type=\"text-editor.default\">\n\t\t\t\t\t\t\t\t\t<p><span data-contrast=\"none\"><img fetchpriority=\"high\" decoding=\"async\" class=\"alignleft wp-image-15408\" src=\"https:\/\/www.asiatalentbridge.de\/wp-content\/uploads\/2026\/01\/PB040019-scaled-e1768386288670-300x277.jpg\" alt=\"Chinesischer Freiwilliger\" width=\"320\" height=\"295\" srcset=\"https:\/\/www.asiatalentbridge.de\/wp-content\/uploads\/2026\/01\/PB040019-scaled-e1768386288670-300x277.jpg 300w, https:\/\/www.asiatalentbridge.de\/wp-content\/uploads\/2026\/01\/PB040019-scaled-e1768386288670-768x709.jpg 768w, https:\/\/www.asiatalentbridge.de\/wp-content\/uploads\/2026\/01\/PB040019-scaled-e1768386288670-1024x945.jpg 1024w, https:\/\/www.asiatalentbridge.de\/wp-content\/uploads\/2026\/01\/PB040019-scaled-e1768386288670-13x12.jpg 13w, https:\/\/www.asiatalentbridge.de\/wp-content\/uploads\/2026\/01\/PB040019-scaled-e1768386288670-600x554.jpg 600w, https:\/\/www.asiatalentbridge.de\/wp-content\/uploads\/2026\/01\/PB040019-scaled-e1768386288670.jpg 1327w\" sizes=\"(max-width: 320px) 100vw, 320px\" \/>Viele soziale Einrichtungen in\u00a0<\/span><span data-contrast=\"none\">Deutschland haben Schwierigkeiten, ihre Stellen f\u00fcr FSJ (Freiwilliges Soziales Jahr) bzw. BFD (Bundesfreiwilligendienst) zu besetzen. Gleichzeitig gibt es in China junge Menschen, die sich mit gro\u00dfem Interesse und Einsatzbereitschaft in Deutschland engagieren m\u00f6chten.<\/span><span data-ccp-props=\"{&quot;134233117&quot;:true,&quot;134233118&quot;:true,&quot;201341983&quot;:0,&quot;335559740&quot;:240}\">\u00a0<\/span><\/p><p><span data-contrast=\"none\">AsiaTalentBridge vermittelt motivierte junge Freiwillige aus China, die nach intensiver Vorbereitung in Deutschland einen Freiwilligendienst absolvieren m\u00f6chten. Wir begleiten den gesamten Prozess \u2013 von der Sprachausbildung \u00fcber die Dokumentenvorbereitung bis hin zur Visabeantragung.<\/span><span data-ccp-props=\"{&quot;134233117&quot;:true,&quot;134233118&quot;:true,&quot;201341983&quot;:0,&quot;335559740&quot;:240}\">\u00a0<\/span><\/p><p><span data-contrast=\"none\">Unsere Teilnehmenden verf\u00fcgen in der Regel \u00fcber Deutschkenntnisse auf A2 oder B1-Niveau, sind verantwortungsbewusst, zuverl\u00e4ssig und lernbereit. Sie m\u00f6chten neue Erfahrungen sammeln, anderen Menschen helfen und die deutsche Sprache sowie Kultur im Alltag erleben.<\/span><\/p>\t\t\t\t\t\t\t\t<\/div>\n\t\t\t\t\t<\/div>\n\t\t\t\t<\/div>\n\t\t<div class=\"elementor-element elementor-element-dbf5423 e-flex e-con-boxed e-con e-parent\" data-id=\"dbf5423\" data-element_type=\"container\" data-e-type=\"container\" data-settings=\"{&quot;background_background&quot;:&quot;classic&quot;}\">\n\t\t\t\t\t<div class=\"e-con-inner\">\n\t\t\t\t<div class=\"elementor-element elementor-element-9f3280c elementor-widget elementor-widget-text-editor\" data-id=\"9f3280c\" data-element_type=\"widget\" data-e-type=\"widget\" data-widget_type=\"text-editor.default\">\n\t\t\t\t\t\t\t\t\t<h3><span data-contrast=\"none\">Was wir anbieten<\/span><span data-ccp-props=\"{&quot;134233117&quot;:true,&quot;134233118&quot;:true,&quot;201341983&quot;:0,&quot;335559740&quot;:240}\">\u00a0<\/span><\/h3><ul><li><span data-contrast=\"none\">Vorauswahl geeigneter, motivierter Freiwilliger<\/span><span data-ccp-props=\"{&quot;134233117&quot;:true,&quot;134233118&quot;:true,&quot;201341983&quot;:0,&quot;335559740&quot;:240}\">\u00a0<\/span><\/li><li><span data-contrast=\"none\">Unterst\u00fctzung bei den Bewerbungsunterlagen und den Visaformalit\u00e4ten<\/span><span data-ccp-props=\"{&quot;134233117&quot;:true,&quot;134233118&quot;:true,&quot;201341983&quot;:0,&quot;335559740&quot;:240}\">\u00a0<\/span><\/li><li><span data-contrast=\"none\">Sprachliche und interkulturelle Vorbereitung in China<\/span><span data-ccp-props=\"{&quot;134233117&quot;:true,&quot;134233118&quot;:true,&quot;201341983&quot;:0,&quot;335559740&quot;:240}\">\u00a0<\/span><\/li><li><span data-contrast=\"none\">Begleitung bis zur Ankunft in Ihrer Einrichtung<\/span><span data-ccp-props=\"{&quot;134233117&quot;:true,&quot;134233118&quot;:true,&quot;201341983&quot;:0,&quot;335559740&quot;:240}\">\u00a0<br \/>\u00a0<\/span><\/li><\/ul><h3><span data-ccp-props=\"{&quot;134233117&quot;:true,&quot;134233118&quot;:true,&quot;201341983&quot;:0,&quot;335559740&quot;:240}\">\u00a0<\/span><span data-contrast=\"none\">Vorteile f\u00fcr Ihre Organisation<\/span><span data-ccp-props=\"{&quot;134233117&quot;:true,&quot;134233118&quot;:true,&quot;201341983&quot;:0,&quot;335559740&quot;:240}\">\u00a0<\/span><\/h3><ul><li><span data-contrast=\"none\">Besetzung freier FSJ-\/ BFD-Stellen mit engagierten jungen Menschen<\/span><span data-ccp-props=\"{&quot;134233117&quot;:true,&quot;134233118&quot;:true,&quot;201341983&quot;:0,&quot;335559740&quot;:240}\">\u00a0<\/span><\/li><li><span data-contrast=\"none\">Unterst\u00fctzung bei organisatorischen und sprachlichen Fragen<\/span><span data-ccp-props=\"{&quot;134233117&quot;:true,&quot;134233118&quot;:true,&quot;201341983&quot;:0,&quot;335559740&quot;:240}\">\u00a0<\/span><\/li><li><span data-contrast=\"none\">Keine Vermittlungsgeb\u00fchr f\u00fcr deutsche Einrichtungen \u2013 die Vorbereitungskosten tragen die Teilnehmenden selbst<\/span><span data-ccp-props=\"{&quot;134233117&quot;:true,&quot;134233118&quot;:true,&quot;201341983&quot;:0,&quot;335559740&quot;:240}\">\u00a0<\/span><\/li><\/ul>\t\t\t\t\t\t\t\t<\/div>\n\t\t\t\t\t<\/div>\n\t\t\t\t<\/div>\n\t\t<div class=\"elementor-element elementor-element-d1174b8 e-flex e-con-boxed e-con e-parent\" data-id=\"d1174b8\" data-element_type=\"container\" data-e-type=\"container\">\n\t\t\t\t\t<div class=\"e-con-inner\">\n\t\t\t\t<div class=\"elementor-element elementor-element-c22f180 elementor-widget elementor-widget-text-editor\" data-id=\"c22f180\" data-element_type=\"widget\" data-e-type=\"widget\" data-widget_type=\"text-editor.default\">\n\t\t\t\t\t\t\t\t\t<h3><span data-contrast=\"none\">Interessiert? Dann nehmen Sie gerne Kontakt auf!<\/span><span data-ccp-props=\"{&quot;134233117&quot;:true,&quot;134233118&quot;:true,&quot;201341983&quot;:0,&quot;335559740&quot;:240}\">\u00a0<\/span><\/h3><p><span data-contrast=\"none\">Wenn Ihre Organisation \u00fcber freie BFD- bzw. FSJ-Stellen verf\u00fcgt und offen f\u00fcr Freiwillige aus China ist, f\u00fcllen Sie bitte das folgende Formular aus. Wir setzen uns mit Ihnen in Verbindung, um passende Bewerber vorzustellen.<\/span><span data-ccp-props=\"{&quot;134233117&quot;:true,&quot;134233118&quot;:true,&quot;201341983&quot;:0,&quot;335559740&quot;:240}\">\u00a0<\/span><\/p>\t\t\t\t\t\t\t\t<\/div>\n\t\t\t\t<div class=\"elementor-element elementor-element-8f07668 elementor-widget__width-inherit elementor-widget elementor-widget-shortcode\" data-id=\"8f07668\" data-element_type=\"widget\" data-e-type=\"widget\" data-widget_type=\"shortcode.default\">\n\t\t\t\t\t\t\t<div class=\"elementor-shortcode\">\n<div class=\"wpcf7 no-js\" id=\"wpcf7-f1054-o1\" lang=\"de-DE\" dir=\"ltr\" data-wpcf7-id=\"1054\">\n<div class=\"screen-reader-response\"><p role=\"status\" aria-live=\"polite\" aria-atomic=\"true\"><\/p> <ul><\/ul><\/div>\n<form action=\"\/en\/wp-json\/wp\/v2\/pages\/901#wpcf7-f1054-o1\" method=\"post\" class=\"wpcf7-form init\" aria-label=\"Kontaktformular\" novalidate=\"novalidate\" data-status=\"init\" data-trp-original-action=\"\/en\/wp-json\/wp\/v2\/pages\/901#wpcf7-f1054-o1\">\n<fieldset class=\"hidden-fields-container\"><input type=\"hidden\" name=\"_wpcf7\" value=\"1054\" \/><input type=\"hidden\" name=\"_wpcf7_version\" value=\"6.1.5\" \/><input type=\"hidden\" name=\"_wpcf7_locale\" value=\"de_DE\" \/><input type=\"hidden\" name=\"_wpcf7_unit_tag\" value=\"wpcf7-f1054-o1\" \/><input type=\"hidden\" name=\"_wpcf7_container_post\" value=\"0\" \/><input type=\"hidden\" name=\"_wpcf7_posted_data_hash\" value=\"\" \/><input type=\"hidden\" name=\"_wpcf7cf_hidden_group_fields\" value=\"[]\" \/><input type=\"hidden\" name=\"_wpcf7cf_hidden_groups\" value=\"[]\" \/><input type=\"hidden\" name=\"_wpcf7cf_visible_groups\" value=\"[]\" \/><input type=\"hidden\" name=\"_wpcf7cf_repeaters\" value=\"[]\" \/><input type=\"hidden\" name=\"_wpcf7cf_steps\" value=\"{}\" \/><input type=\"hidden\" name=\"_wpcf7cf_options\" value=\"{&quot;form_id&quot;:1054,&quot;conditions&quot;:[],&quot;settings&quot;:{&quot;animation&quot;:&quot;yes&quot;,&quot;animation_intime&quot;:200,&quot;animation_outtime&quot;:200,&quot;conditions_ui&quot;:&quot;normal&quot;,&quot;notice_dismissed&quot;:false}}\" \/>\n<\/fieldset>\n<div class=\"cf7-fsj-grid\">\n\n  <!-- Name der Organisation + Ort in einer Zeile -->\n  <div class=\"cf7-fsj-row\">\n    <div class=\"cf7-fsj-half\">\n      <label>Name der Organisation*<\/label>\n       <span class=\"wpcf7-form-control-wrap\" data-name=\"organisation-name\"><input size=\"40\" maxlength=\"400\" class=\"wpcf7-form-control wpcf7-text wpcf7-validates-as-required\" aria-required=\"true\" aria-invalid=\"false\" value=\"\" type=\"text\" name=\"organisation-name\" \/><\/span>\n    <\/div>\n    <div class=\"cf7-fsj-half\">\n      <label>Ort\/Bundesland*<\/label>\n       <span class=\"wpcf7-form-control-wrap\" data-name=\"location\"><input size=\"40\" maxlength=\"400\" class=\"wpcf7-form-control wpcf7-text wpcf7-validates-as-required\" aria-required=\"true\" aria-invalid=\"false\" value=\"\" type=\"text\" name=\"location\" \/><\/span>\n    <\/div>\n  <\/div>\n\n  <!-- Ansprechpartner + E-Mail -->\n  <div class=\"cf7-fsj-row\">\n    <div class=\"cf7-fsj-half\">\n      <label>Ansprechpartner (Vorname, Nachname)*<\/label>\n       <span class=\"wpcf7-form-control-wrap\" data-name=\"contact-person\"><input size=\"40\" maxlength=\"400\" class=\"wpcf7-form-control wpcf7-text wpcf7-validates-as-required\" aria-required=\"true\" aria-invalid=\"false\" value=\"\" type=\"text\" name=\"contact-person\" \/><\/span>\n    <\/div>\n    <div class=\"cf7-fsj-half\">\n      <label>Ihre E-Mail-Adresse*<\/label>\n       <span class=\"wpcf7-form-control-wrap\" data-name=\"email\"><input size=\"40\" maxlength=\"400\" class=\"wpcf7-form-control wpcf7-email wpcf7-validates-as-required wpcf7-text wpcf7-validates-as-email\" aria-required=\"true\" aria-invalid=\"false\" value=\"\" type=\"email\" name=\"email\" \/><\/span>\n    <\/div>\n  <\/div>\n\n  <!-- Telefon + Anzahl Stellen -->\n  <div class=\"cf7-fsj-row\">\n    <div class=\"cf7-fsj-half\">\n      <label>Telefonnummer<\/label>\n       <span class=\"wpcf7-form-control-wrap\" data-name=\"phone\"><input size=\"40\" maxlength=\"400\" class=\"wpcf7-form-control wpcf7-tel wpcf7-text wpcf7-validates-as-tel\" aria-invalid=\"false\" value=\"\" type=\"tel\" name=\"phone\" \/><\/span>\n    <\/div>\n    <div class=\"cf7-fsj-half\">\n      <label>Anzahl der freien Stellen<\/label>\n      <span class=\"wpcf7-form-control-wrap\" data-name=\"number-917\"><input class=\"wpcf7-form-control wpcf7-number wpcf7-validates-as-number\" min=\"1\" max=\"20\" aria-invalid=\"false\" value=\"1\" type=\"number\" name=\"number-917\" \/><\/span>\n    <\/div>\n  <\/div>\n\n  <!-- Starttermin + Unterkunft -->\n  <div class=\"cf7-fsj-row\">\n    <div class=\"cf7-fsj-half\">\n      <label>Gew\u00fcnschter Starttermin<\/label>\n      <span class=\"wpcf7-form-control-wrap\" data-name=\"date-874\"><input class=\"wpcf7-form-control wpcf7-date wpcf7-validates-as-date\" aria-invalid=\"false\" placeholder=\"TT.MM.JJJJ\" value=\"\" type=\"date\" name=\"date-874\" \/><\/span>\n    <\/div>\n    <div class=\"cf7-fsj-half\">\n      <label>Unterkunft vorhanden?<\/label>\n      <span class=\"wpcf7-form-control-wrap\" data-name=\"radio-629\"><span class=\"wpcf7-form-control wpcf7-radio\"><span class=\"wpcf7-list-item first\"><label><input type=\"radio\" name=\"radio-629\" value=\"Ja\" \/><span class=\"wpcf7-list-item-label\">Ja<\/span><\/label><\/span><span class=\"wpcf7-list-item last\"><label><input type=\"radio\" name=\"radio-629\" value=\"Nein\" checked=\"checked\" \/><span class=\"wpcf7-list-item-label\">Nein<\/span><\/label><\/span><\/span><\/span>\n    <\/div>\n  <\/div>\n\n  <!-- Textfeld mit ausf\u00fchrlicher Beschreibung -->\n  <div class=\"cf7-fsj-row full\">\n    <label>Angaben oder W\u00fcnsche (z. B. gew\u00fcnschtes Geschlecht, Alter, besondere Anforderungen)<\/label>\n  <\/div>\n  <div class=\"cf7-fsj-row full\">\n    <span class=\"wpcf7-form-control-wrap\" data-name=\"notes\"><textarea cols=\"40\" rows=\"5\" maxlength=\"2000\" class=\"wpcf7-form-control wpcf7-textarea\" aria-invalid=\"false\" placeholder=\"Hier k\u00f6nnen Sie weitere Infos angeben...\" name=\"notes\"><\/textarea><\/span>\n  <\/div>\n\n<!-- Checkbox linksb\u00fcndig -->\n  <div class=\"cf7-fsj-row\">\n    <div class=\"cf7-fsj-checkbox\" style=\"text-align: left !important; display: block;\">\n      <span class=\"wpcf7-form-control-wrap\" data-name=\"checkbox-473\"><span class=\"wpcf7-form-control wpcf7-checkbox wpcf7-validates-as-required\"><span class=\"wpcf7-list-item first last\"><label><input type=\"checkbox\" name=\"checkbox-473[]\" value=\"Ich bin einverstanden, dass meine Angaben zum Zweck der Kontaktaufnahme gespeichert und verarbeitet werden.*\" \/><span class=\"wpcf7-list-item-label\">Ich bin einverstanden, dass meine Angaben zum Zweck der Kontaktaufnahme gespeichert und verarbeitet werden.*<\/span><\/label><\/span><\/span><\/span>\n    <\/div>\n  <\/div>\n\n  <!-- Submit-Button -->\n  <div class=\"cf7-fsj-row cf7-fsj-submit\">\n    <div class=\"cf7-cf-turnstile\" style=\"margin-top: 0px; margin-bottom: -15px;\"> <div id=\"cf-turnstile-cf7-151723928\" class=\"cf-turnstile\" data-sitekey=\"0x4AAAAAACHjUy_Y9byM-Yo6\" data-theme=\"light\" data-language=\"auto\" data-size=\"normal\" data-retry=\"auto\" data-retry-interval=\"1000\" data-refresh-expired=\"auto\" data-refresh-timeout=\"auto\" data-action=\"contact-form-7\" data-callback=\"turnstileCF7Callback\" data-appearance=\"always\"><\/div> <script>document.addEventListener(\"DOMContentLoaded\", function() { setTimeout(function(){ var e=document.getElementById(\"cf-turnstile-cf7-151723928\"); if(e&&!e.innerHTML.trim()){turnstile.render(e, {sitekey:\"0x4AAAAAACHjUy_Y9byM-Yo6\"});} }, 200); });<\/script> <br class=\"cf-turnstile-br cf-turnstile-br-cf7-151723928\"> <style>#cf-turnstile-cf7-151723928 { margin-left: -15px; }<\/style> <script>document.addEventListener(\"DOMContentLoaded\",function(){document.querySelectorAll('.wpcf7-form').forEach(function(e){e.addEventListener('submit',function(){if(document.getElementById('cf-turnstile-cf7-151723928')){setTimeout(function(){turnstile.reset('#cf-turnstile-cf7-151723928');},1000)}})})});<\/script> <\/div><br\/><input class=\"wpcf7-form-control wpcf7-submit has-spinner\" type=\"submit\" value=\"Senden\" \/>\n  <\/div>\n\n<\/div><p style=\"display: none !important;\" class=\"akismet-fields-container\" data-prefix=\"_wpcf7_ak_\"><label>&#916;<textarea name=\"_wpcf7_ak_hp_textarea\" cols=\"45\" rows=\"8\" maxlength=\"100\"><\/textarea><\/label><input type=\"hidden\" id=\"ak_js_1\" name=\"_wpcf7_ak_js\" value=\"13\"\/><script>document.getElementById( \"ak_js_1\" ).setAttribute( \"value\", ( new Date() ).getTime() );<\/script><\/p><div class=\"wpcf7-response-output\" aria-hidden=\"true\"><\/div>\n<input type=\"hidden\" name=\"trp-form-language\" value=\"en\"\/><\/form>\n<\/div>\n<\/div>\n\t\t\t\t\t\t<\/div>\n\t\t\t\t\t<\/div>\n\t\t\t\t<\/div>\n\t\t\t\t<\/div>","protected":false},"excerpt":{"rendered":"<p>Freiwillige aus China f\u00fcr Ihre BFD bzw. FSJ-Stellen Viele soziale Einrichtungen in\u00a0Deutschland haben Schwierigkeiten, ihre Stellen f\u00fcr FSJ (Freiwilliges Soziales Jahr) bzw. BFD (Bundesfreiwilligendienst) zu besetzen. Gleichzeitig gibt es in China junge Menschen, die sich mit gro\u00dfem Interesse und Einsatzbereitschaft in Deutschland engagieren m\u00f6chten.\u00a0 AsiaTalentBridge vermittelt motivierte junge Freiwillige aus China, die nach intensiver Vorbereitung [&hellip;]<\/p>\n","protected":false},"author":3,"featured_media":0,"parent":0,"menu_order":0,"comment_status":"closed","ping_status":"closed","template":"elementor_header_footer","meta":{"footnotes":""},"class_list":["post-901","page","type-page","status-publish","hentry"],"_links":{"self":[{"href":"https:\/\/www.asiatalentbridge.de\/en\/wp-json\/wp\/v2\/pages\/901","targetHints":{"allow":["GET"]}}],"collection":[{"href":"https:\/\/www.asiatalentbridge.de\/en\/wp-json\/wp\/v2\/pages"}],"about":[{"href":"https:\/\/www.asiatalentbridge.de\/en\/wp-json\/wp\/v2\/types\/page"}],"author":[{"embeddable":true,"href":"https:\/\/www.asiatalentbridge.de\/en\/wp-json\/wp\/v2\/users\/3"}],"replies":[{"embeddable":true,"href":"https:\/\/www.asiatalentbridge.de\/en\/wp-json\/wp\/v2\/comments?post=901"}],"version-history":[{"count":4,"href":"https:\/\/www.asiatalentbridge.de\/en\/wp-json\/wp\/v2\/pages\/901\/revisions"}],"predecessor-version":[{"id":15732,"href":"https:\/\/www.asiatalentbridge.de\/en\/wp-json\/wp\/v2\/pages\/901\/revisions\/15732"}],"wp:attachment":[{"href":"https:\/\/www.asiatalentbridge.de\/en\/wp-json\/wp\/v2\/media?parent=901"}],"curies":[{"name":"wp","href":"https:\/\/api.w.org\/{rel}","templated":true}]}}