{"id":910,"date":"2025-11-07T09:25:09","date_gmt":"2025-11-07T08:25:09","guid":{"rendered":"https:\/\/asiatalentbridge.de\/?page_id=910"},"modified":"2026-04-15T16:20:16","modified_gmt":"2026-04-15T14:20:16","slug":"sprachpaten","status":"publish","type":"page","link":"https:\/\/www.asiatalentbridge.de\/en\/sprachpaten\/","title":{"rendered":"Sprachpaten"},"content":{"rendered":"<div data-elementor-type=\"wp-page\" data-elementor-id=\"910\" class=\"elementor elementor-910\">\n\t\t\t\t<div class=\"elementor-element elementor-element-7345167 e-flex e-con-boxed e-con e-parent\" data-id=\"7345167\" data-element_type=\"container\" data-e-type=\"container\">\n\t\t\t\t\t<div class=\"e-con-inner\">\n\t\t\t\t<div class=\"elementor-element elementor-element-6ec0b56 elementor-widget elementor-widget-heading\" data-id=\"6ec0b56\" data-element_type=\"widget\" data-e-type=\"widget\" data-widget_type=\"heading.default\">\n\t\t\t\t\t<h2 class=\"elementor-heading-title elementor-size-default\">Ehrenamtliche Sprachpartner gesucht <\/h2>\t\t\t\t<\/div>\n\t\t\t\t\t<\/div>\n\t\t\t\t<\/div>\n\t\t<div class=\"elementor-element elementor-element-c1d23a8 e-flex e-con-boxed e-con e-parent\" data-id=\"c1d23a8\" data-element_type=\"container\" data-e-type=\"container\">\n\t\t\t\t\t<div class=\"e-con-inner\">\n\t\t\t\t<div class=\"elementor-element elementor-element-9c36bb2 elementor-widget elementor-widget-text-editor\" data-id=\"9c36bb2\" data-element_type=\"widget\" data-e-type=\"widget\" data-widget_type=\"text-editor.default\">\n\t\t\t\t\t\t\t\t\t<img fetchpriority=\"high\" decoding=\"async\" class=\"img-padding alignright wp-image-14596\" src=\"https:\/\/www.asiatalentbridge.de\/wp-content\/uploads\/2025\/12\/DE_Language-Partners2-schaerfer-scaled-e1764939312382-300x255.jpg\" alt=\"Chinesin im Gespr\u00e4ch mit einer Sprachpatin\" width=\"420\" height=\"356\" srcset=\"https:\/\/www.asiatalentbridge.de\/wp-content\/uploads\/2025\/12\/DE_Language-Partners2-schaerfer-scaled-e1764939312382-300x255.jpg 300w, https:\/\/www.asiatalentbridge.de\/wp-content\/uploads\/2025\/12\/DE_Language-Partners2-schaerfer-scaled-e1764939312382-768x652.jpg 768w, https:\/\/www.asiatalentbridge.de\/wp-content\/uploads\/2025\/12\/DE_Language-Partners2-schaerfer-scaled-e1764939312382-1024x869.jpg 1024w, https:\/\/www.asiatalentbridge.de\/wp-content\/uploads\/2025\/12\/DE_Language-Partners2-schaerfer-scaled-e1764939312382-1536x1303.jpg 1536w, https:\/\/www.asiatalentbridge.de\/wp-content\/uploads\/2025\/12\/DE_Language-Partners2-schaerfer-scaled-e1764939312382-14x12.jpg 14w, https:\/\/www.asiatalentbridge.de\/wp-content\/uploads\/2025\/12\/DE_Language-Partners2-schaerfer-scaled-e1764939312382-600x509.jpg 600w, https:\/\/www.asiatalentbridge.de\/wp-content\/uploads\/2025\/12\/DE_Language-Partners2-schaerfer-scaled-e1764939312382.jpg 1638w\" sizes=\"(max-width: 420px) 100vw, 420px\" \/>\n\nEs gibt zwei M\u00f6glichkeiten, wie du \u00fcber Videoanrufe Chinesen helfen kannst:\n<ul>\n \t<li><span style=\"text-align: var(--text-align);\">Zum einen kannst du Sprachpate werden. Das sind Personen, die jungen Chinesen beim Erlernen der deutschen Sprache helfen wollen.<\/span><\/li>\n \t<li><span style=\"text-align: var(--text-align);\">Zum anderen als Sprachtandempartner. Hier treffen sich zwei Personen, die die Landessprache des anderen erlernen wollen. Dabei k\u00f6nnen sich chinesische\nDeutschlernende mit Deutschen, die Chinesisch oder Koreanisch lernen, treffen.<\/span><\/li>\n<\/ul>\n<p style=\"font-weight: 400;\"><br><strong>Alternative A: Sprachpaten f\u00fchren Gespr\u00e4che auf Deutsch<\/strong><\/p>\n<p style=\"font-weight: 400;\">F\u00fcr unsere Deutschlernenden in China suchen wir engagierte Freiwillige, die einmal pro Woche etwa 40 Minuten Zeit haben, um per Videoanruf (z. B. Zoom) ein lockeres Gespr\u00e4ch auf Deutsch zu f\u00fchren. Gerne helfen wir dir bei Bedarf auch mit der Technik.<\/p>\n<p style=\"font-weight: 400;\">Die Treffen finden vormittags oder am fr\u00fchen Nachmittag deutscher Zeit statt \u2013 wegen der Zeitverschiebung zu China. Es geht nicht um formellen Unterricht, sondern um einen einfachen Austausch \u00fcber Alltag, Hobbys, Kultur oder andere Themen, die dich gerade interessieren. Ziel ist es, die Sprachkenntnisse der Chinesen zu festigen, Sprechpraxis zu sammeln und voneinander zu lernen.<\/p>\n<p style=\"font-weight: 400;\">Als Sprachpartner kannst du den jungen Chinesen den Einstieg in die Ausbildung in Deutschland erleichtern, ihre Fragen beantworten, ihnen Tipps geben und dabei helfen, sich im Gespr\u00e4ch sicherer zu f\u00fchlen. Regelm\u00e4\u00dfige Gespr\u00e4che sind sehr willkommen, aber ein einmaliges Kennenlernen ist nat\u00fcrlich auch m\u00f6glich.<\/p>\n<p style=\"font-weight: 400;\"><strong>Alternative B: Sprachtandems f\u00fchren Gespr\u00e4che auf Deutsch sowie Chinesisc<\/strong><strong>h oder Koreanisch <\/strong><\/p>\n<p style=\"font-weight: 400;\"><img decoding=\"async\" class=\"img-padding alignright wp-image-15842 lazyload\" data-src=\"https:\/\/www.asiatalentbridge.de\/wp-content\/uploads\/2026\/03\/DE_Language-Partners3.jpeg\" alt=\"Ein Chinese und eine Chinesin im Gespr\u00e4ch mit einem Sprachtandempartner\" width=\"420\" height=\"315\" src=\"data:image\/svg+xml;base64,PHN2ZyB3aWR0aD0iMSIgaGVpZ2h0PSIxIiB4bWxucz0iaHR0cDovL3d3dy53My5vcmcvMjAwMC9zdmciPjwvc3ZnPg==\" style=\"--smush-placeholder-width: 420px; --smush-placeholder-aspect-ratio: 420\/315;\" \/>Bei einem Sprachtandem triffst du dich regelm\u00e4\u00dfig mit einer Person, die Chinesisch oder Koreanisch spricht und gerade Deutsch lernt. Ihr sprecht miteinander, helft euch gegenseitig beim Lernen und erlangt so viel mehr Sicherheit in der Sprache \u2013 ganz ohne das Gef\u00fchl, Unterricht zu haben.<\/p>\n<p style=\"font-weight: 400;\">Ein Sprachtandem ist weder ein Sprachkurs noch Nachhilfe. Es ist eine entspannte M\u00f6glichkeit, Sprache im Alltag zu benutzen, Fragen zu stellen und voneinander zu lernen.<\/p>\n<p style=\"font-weight: 400;\">Das Sprachtandem bietet dir die Gelegenheit, Sprache au\u00dferhalb des Unterrichts lebendig zu erleben, neue Perspektiven kennenzulernen und in entspannter Atmosph\u00e4re dazuzulernen.<\/p>\n<p style=\"font-weight: 400;\"><strong>So l\u00e4uft es ab:<\/strong><\/p>\n\n<ol>\n \t<li style=\"font-weight: 400;\">Du f\u00fcllst das Formular unten aus.<\/li>\n \t<li style=\"font-weight: 400;\">Wir nehmen Kontakt mit dir auf, um alles Weitere zu besprechen, und geben dir eine kurze, leicht verst\u00e4ndliche Einf\u00fchrung mit Tipps f\u00fcr gute Gespr\u00e4che.<\/li>\n \t<li style=\"font-weight: 400;\">Wir vermitteln dir Deutschlernende. Die ersten beiden Treffen dienen dem gegenseitigen Kennenlernen. Danach k\u00f6nnt ihr unkompliziert entscheiden, ob ihr weitermachen m\u00f6chtet. Wenn die Chemie stimmt, trefft ihr euch regelm\u00e4\u00dfig \u2013 meist einmal pro Woche f\u00fcr ca. 45 Minuten.<\/li>\n<\/ol>\n<p style=\"font-weight: 400;\"><strong>Was du mitbringen solltest:<\/strong><\/p>\n\n<ul>\n \t<li style=\"font-weight: 400;\">Interesse an Sprache und interkulturellem Austausch<\/li>\n \t<li style=\"font-weight: 400;\">etwas Zeit und Verbindlichkeit<\/li>\n \t<li style=\"font-weight: 400;\">Offenheit, Geduld und Lust auf Gespr\u00e4che<\/li>\n \t<li style=\"font-weight: 400;\">keine didaktischen Vorkenntnisse \u2013 Du musst weder Unterricht geben noch deutsche Grammatik erkl\u00e4ren.<\/li>\n<\/ul>\n<p style=\"transition-delay: 0s; transition-property: all;\">Du kannst es einfach mal ausprobieren \u2013 ganz ohne Verpflichtung. Wir freuen uns \u00fcber deine Nachricht!<\/p>\t\t\t\t\t\t\t\t<\/div>\n\t\t\t\t\t<\/div>\n\t\t\t\t<\/div>\n\t\t<div class=\"elementor-element elementor-element-a4df3fa e-flex e-con-boxed e-con e-parent\" data-id=\"a4df3fa\" data-element_type=\"container\" data-e-type=\"container\" data-settings=\"{&quot;background_background&quot;:&quot;classic&quot;}\">\n\t\t\t\t\t<div class=\"e-con-inner\">\n\t\t\t\t<div class=\"elementor-element elementor-element-2947a3a elementor-widget elementor-widget-shortcode\" data-id=\"2947a3a\" data-element_type=\"widget\" data-e-type=\"widget\" data-widget_type=\"shortcode.default\">\n\t\t\t\t\t\t\t<div class=\"elementor-shortcode\">\n<div class=\"wpcf7 no-js\" id=\"wpcf7-f915-o1\" lang=\"de-DE\" dir=\"ltr\" data-wpcf7-id=\"915\">\n<div class=\"screen-reader-response\"><p role=\"status\" aria-live=\"polite\" aria-atomic=\"true\"><\/p> <ul><\/ul><\/div>\n<form action=\"\/en\/wp-json\/wp\/v2\/pages\/910#wpcf7-f915-o1\" method=\"post\" class=\"wpcf7-form init\" aria-label=\"Kontaktformular\" novalidate=\"novalidate\" data-status=\"init\" data-trp-original-action=\"\/en\/wp-json\/wp\/v2\/pages\/910#wpcf7-f915-o1\">\n<fieldset class=\"hidden-fields-container\"><input type=\"hidden\" name=\"_wpcf7\" value=\"915\" \/><input type=\"hidden\" name=\"_wpcf7_version\" value=\"6.1.5\" \/><input type=\"hidden\" name=\"_wpcf7_locale\" value=\"de_DE\" \/><input type=\"hidden\" name=\"_wpcf7_unit_tag\" value=\"wpcf7-f915-o1\" \/><input type=\"hidden\" name=\"_wpcf7_container_post\" value=\"0\" \/><input type=\"hidden\" name=\"_wpcf7_posted_data_hash\" value=\"\" \/><input type=\"hidden\" name=\"_wpcf7cf_hidden_group_fields\" value=\"[]\" \/><input type=\"hidden\" name=\"_wpcf7cf_hidden_groups\" value=\"[]\" \/><input type=\"hidden\" name=\"_wpcf7cf_visible_groups\" value=\"[]\" \/><input type=\"hidden\" name=\"_wpcf7cf_repeaters\" value=\"[]\" \/><input type=\"hidden\" name=\"_wpcf7cf_steps\" value=\"{}\" \/><input type=\"hidden\" name=\"_wpcf7cf_options\" value=\"{&quot;form_id&quot;:915,&quot;conditions&quot;:[],&quot;settings&quot;:{&quot;animation&quot;:&quot;yes&quot;,&quot;animation_intime&quot;:200,&quot;animation_outtime&quot;:200,&quot;conditions_ui&quot;:&quot;normal&quot;,&quot;notice_dismissed&quot;:false}}\" \/>\n<\/fieldset>\n<div id=\"langpartner\" class=\"langpartner-form\">\n\n  <div class=\"form-row full\">\n    <label for=\"fullname\">Vorname, Nachname*<\/label>\n    <span class=\"wpcf7-form-control-wrap\" data-name=\"fullname\"><input size=\"40\" maxlength=\"400\" class=\"wpcf7-form-control wpcf7-text wpcf7-validates-as-required\" id=\"fullname\" aria-required=\"true\" aria-invalid=\"false\" value=\"\" type=\"text\" name=\"fullname\" \/><\/span>\n  <\/div>\n\n  <div class=\"form-row split\">\n    <div class=\"half\">\n      <label for=\"email\">E-Mail-Adresse*<\/label>\n      <span class=\"wpcf7-form-control-wrap\" data-name=\"email\"><input size=\"40\" maxlength=\"400\" class=\"wpcf7-form-control wpcf7-email wpcf7-validates-as-required wpcf7-text wpcf7-validates-as-email\" id=\"email\" aria-required=\"true\" aria-invalid=\"false\" value=\"\" type=\"email\" name=\"email\" \/><\/span>\n    <\/div>\n    <div class=\"half\">\n      <label for=\"phone\">Telefonnummer<\/label>\n      <span class=\"wpcf7-form-control-wrap\" data-name=\"phone\"><input size=\"40\" maxlength=\"400\" class=\"wpcf7-form-control wpcf7-tel wpcf7-text wpcf7-validates-as-tel\" id=\"phone\" aria-invalid=\"false\" value=\"\" type=\"tel\" name=\"phone\" \/><\/span>\n    <\/div>\n  <\/div>\n\n  <div class=\"form-row\">\n    <p><strong>M\u00f6gliche Wochentage<\/strong><\/p>\n    <div class=\"checkbox-group\">\n      <span class=\"wpcf7-form-control-wrap\" data-name=\"wochentag\"><span class=\"wpcf7-form-control wpcf7-checkbox\"><span class=\"wpcf7-list-item first\"><label><input type=\"checkbox\" name=\"wochentag[]\" value=\"Montag\" \/><span class=\"wpcf7-list-item-label\">Montag<\/span><\/label><\/span><span class=\"wpcf7-list-item\"><label><input type=\"checkbox\" name=\"wochentag[]\" value=\"Dienstag\" \/><span class=\"wpcf7-list-item-label\">Dienstag<\/span><\/label><\/span><span class=\"wpcf7-list-item\"><label><input type=\"checkbox\" name=\"wochentag[]\" value=\"Mittwoch\" \/><span class=\"wpcf7-list-item-label\">Mittwoch<\/span><\/label><\/span><span class=\"wpcf7-list-item\"><label><input type=\"checkbox\" name=\"wochentag[]\" value=\"Donnerstag\" \/><span class=\"wpcf7-list-item-label\">Donnerstag<\/span><\/label><\/span><span class=\"wpcf7-list-item\"><label><input type=\"checkbox\" name=\"wochentag[]\" value=\"Freitag\" \/><span class=\"wpcf7-list-item-label\">Freitag<\/span><\/label><\/span><span class=\"wpcf7-list-item last\"><label><input type=\"checkbox\" name=\"wochentag[]\" value=\"Samstag\" \/><span class=\"wpcf7-list-item-label\">Samstag<\/span><\/label><\/span><\/span><\/span>\n    <\/div>\n  <\/div>\n\n  <div class=\"form-row\">\n    <p><strong>Bevorzugte Uhrzeit<\/strong><\/p>\n    <div class=\"checkbox-group\">\n      <span class=\"wpcf7-form-control-wrap\" data-name=\"zeit\"><span class=\"wpcf7-form-control wpcf7-checkbox\"><span class=\"wpcf7-list-item first\"><label><input type=\"checkbox\" name=\"zeit[]\" value=\"Vormittag\" \/><span class=\"wpcf7-list-item-label\">Vormittag<\/span><\/label><\/span><span class=\"wpcf7-list-item last\"><label><input type=\"checkbox\" name=\"zeit[]\" value=\"Fr\u00fcher Nachmittag\" \/><span class=\"wpcf7-list-item-label\">Fr\u00fcher Nachmittag<\/span><\/label><\/span><\/span><\/span>\n    <\/div>\n  <\/div>\n\n  <div class=\"form-row full\">\n    <label for=\"message\">Nachricht oder Anmerkung (optional)<\/label>\n    <span class=\"wpcf7-form-control-wrap\" data-name=\"message\"><textarea cols=\"40\" rows=\"4\" maxlength=\"2000\" class=\"wpcf7-form-control wpcf7-textarea\" id=\"message\" aria-invalid=\"false\" name=\"message\"><\/textarea><\/span>\n  <\/div>\n\n  <div class=\"form-row full\">\n    <label class=\"datenschutz-label\">\n      <span class=\"wpcf7-form-control-wrap\" data-name=\"datenschutz\"><span class=\"wpcf7-form-control wpcf7-checkbox wpcf7-validates-as-required\"><span class=\"wpcf7-list-item first last\"><label><input type=\"checkbox\" name=\"datenschutz[]\" value=\"Ich bin einverstanden, dass meine Angaben zum Zweck der Kontaktaufnahme gespeichert und verarbeitet werden.\" \/><span class=\"wpcf7-list-item-label\">Ich bin einverstanden, dass meine Angaben zum Zweck der Kontaktaufnahme gespeichert und verarbeitet werden.<\/span><\/label><\/span><\/span><\/span>\n    <\/label>\n  <\/div>\n\n  <div class=\"form-row full\">\n    <div class=\"cf7-cf-turnstile\" style=\"margin-top: 0px; margin-bottom: -15px;\"> <div id=\"cf-turnstile-cf7-2490270276\" class=\"cf-turnstile\" data-sitekey=\"0x4AAAAAACHjUy_Y9byM-Yo6\" data-theme=\"light\" data-language=\"auto\" data-size=\"normal\" data-retry=\"auto\" data-retry-interval=\"1000\" data-refresh-expired=\"auto\" data-refresh-timeout=\"auto\" data-action=\"contact-form-7\" data-callback=\"turnstileCF7Callback\" data-appearance=\"always\"><\/div> <script>document.addEventListener(\"DOMContentLoaded\", function() { setTimeout(function(){ var e=document.getElementById(\"cf-turnstile-cf7-2490270276\"); if(e&&!e.innerHTML.trim()){turnstile.render(e, {sitekey:\"0x4AAAAAACHjUy_Y9byM-Yo6\"});} }, 200); });<\/script> <br class=\"cf-turnstile-br cf-turnstile-br-cf7-2490270276\"> <style>#cf-turnstile-cf7-2490270276 { margin-left: -15px; }<\/style> <script>document.addEventListener(\"DOMContentLoaded\",function(){document.querySelectorAll('.wpcf7-form').forEach(function(e){e.addEventListener('submit',function(){if(document.getElementById('cf-turnstile-cf7-2490270276')){setTimeout(function(){turnstile.reset('#cf-turnstile-cf7-2490270276');},1000)}})})});<\/script> <\/div><br\/><input class=\"wpcf7-form-control wpcf7-submit has-spinner button\" type=\"submit\" value=\"Senden\" \/>\n  <\/div>\n\n<\/div><p style=\"display: none !important;\" class=\"akismet-fields-container\" data-prefix=\"_wpcf7_ak_\"><label>&#916;<textarea name=\"_wpcf7_ak_hp_textarea\" cols=\"45\" rows=\"8\" maxlength=\"100\"><\/textarea><\/label><input type=\"hidden\" id=\"ak_js_1\" name=\"_wpcf7_ak_js\" value=\"148\"\/><script>document.getElementById( \"ak_js_1\" ).setAttribute( \"value\", ( new Date() ).getTime() );<\/script><\/p><div class=\"wpcf7-response-output\" aria-hidden=\"true\"><\/div>\n<input type=\"hidden\" name=\"trp-form-language\" value=\"en\"\/><\/form>\n<\/div>\n<\/div>\n\t\t\t\t\t\t<\/div>\n\t\t\t\t\t<\/div>\n\t\t\t\t<\/div>\n\t\t\t\t<\/div>","protected":false},"excerpt":{"rendered":"<p>Ehrenamtliche Sprachpartner gesucht Es gibt zwei M\u00f6glichkeiten, wie du \u00fcber Videoanrufe Chinesen helfen kannst: Zum einen kannst du Sprachpate werden. Das sind Personen, die jungen Chinesen beim Erlernen der deutschen Sprache helfen wollen. Zum anderen als Sprachtandempartner. Hier treffen sich zwei Personen, die die Landessprache des anderen erlernen wollen. Dabei k\u00f6nnen sich chinesische Deutschlernende mit [&hellip;]<\/p>\n","protected":false},"author":3,"featured_media":0,"parent":0,"menu_order":0,"comment_status":"closed","ping_status":"closed","template":"elementor_header_footer","meta":{"footnotes":""},"class_list":["post-910","page","type-page","status-publish","hentry"],"_links":{"self":[{"href":"https:\/\/www.asiatalentbridge.de\/en\/wp-json\/wp\/v2\/pages\/910","targetHints":{"allow":["GET"]}}],"collection":[{"href":"https:\/\/www.asiatalentbridge.de\/en\/wp-json\/wp\/v2\/pages"}],"about":[{"href":"https:\/\/www.asiatalentbridge.de\/en\/wp-json\/wp\/v2\/types\/page"}],"author":[{"embeddable":true,"href":"https:\/\/www.asiatalentbridge.de\/en\/wp-json\/wp\/v2\/users\/3"}],"replies":[{"embeddable":true,"href":"https:\/\/www.asiatalentbridge.de\/en\/wp-json\/wp\/v2\/comments?post=910"}],"version-history":[{"count":10,"href":"https:\/\/www.asiatalentbridge.de\/en\/wp-json\/wp\/v2\/pages\/910\/revisions"}],"predecessor-version":[{"id":15935,"href":"https:\/\/www.asiatalentbridge.de\/en\/wp-json\/wp\/v2\/pages\/910\/revisions\/15935"}],"wp:attachment":[{"href":"https:\/\/www.asiatalentbridge.de\/en\/wp-json\/wp\/v2\/media?parent=910"}],"curies":[{"name":"wp","href":"https:\/\/api.w.org\/{rel}","templated":true}]}}