{"id":925,"date":"2025-11-07T09:56:47","date_gmt":"2025-11-07T08:56:47","guid":{"rendered":"https:\/\/asiatalentbridge.de\/?page_id=925"},"modified":"2026-02-09T11:25:26","modified_gmt":"2026-02-09T10:25:26","slug":"unser-ansatz","status":"publish","type":"page","link":"https:\/\/www.asiatalentbridge.de\/en\/unser-ansatz\/","title":{"rendered":"Unser Ansatz"},"content":{"rendered":"<div data-elementor-type=\"wp-page\" data-elementor-id=\"925\" class=\"elementor elementor-925\">\n\t\t\t\t<div class=\"elementor-element elementor-element-b605cae e-flex e-con-boxed e-con e-parent\" data-id=\"b605cae\" data-element_type=\"container\" data-e-type=\"container\">\n\t\t\t\t\t<div class=\"e-con-inner\">\n\t\t\t\t<div class=\"elementor-element elementor-element-2d1bf80 elementor-widget elementor-widget-heading\" data-id=\"2d1bf80\" data-element_type=\"widget\" data-e-type=\"widget\" data-widget_type=\"heading.default\">\n\t\t\t\t\t<h2 class=\"elementor-heading-title elementor-size-default\">Ganzheitlich begleiten \u2013 menschlich vermitteln <\/h2>\t\t\t\t<\/div>\n\t\t\t\t\t<\/div>\n\t\t\t\t<\/div>\n\t\t<div class=\"elementor-element elementor-element-e9930c9 e-flex e-con-boxed e-con e-parent\" data-id=\"e9930c9\" data-element_type=\"container\" data-e-type=\"container\">\n\t\t\t\t\t<div class=\"e-con-inner\">\n\t\t\t\t<div class=\"elementor-element elementor-element-bb0fe96 elementor-widget elementor-widget-text-editor\" data-id=\"bb0fe96\" data-element_type=\"widget\" data-e-type=\"widget\" data-widget_type=\"text-editor.default\">\n\t\t\t\t\t\t\t\t\t<p><img fetchpriority=\"high\" decoding=\"async\" class=\"wp-image-997 alignright\" src=\"https:\/\/asiatalentbridge.de\/wp-content\/uploads\/2025\/11\/Gruppenfoto2025.jpeg\" alt=\"Gruppenfoto AsiaTalentBridge\" width=\"701\" height=\"434\" \/><span data-contrast=\"auto\">Bei AsiaTalentBridge sehen wir Arbeit nicht nur als Mittel zum Lebensunterhalt, sondern als Berufung, die Menschen dabei unterst\u00fctzt, zu wachsen und zu gedeihen. Unser Ziel ist es, Human Flourishing \u2013 das menschliche Aufbl\u00fchen \u2013 zu f\u00f6rdern, indem wir Menschen auf ihrem Weg nach Deutschland ganzheitlich begleiten: beruflich und pers\u00f6nlich.<\/span><span data-ccp-props=\"{&quot;201341983&quot;:0,&quot;335559739&quot;:0,&quot;335559740&quot;:240}\">\u00a0<\/span><\/p><p><span data-contrast=\"auto\">Aus einem christlichen Werteverst\u00e4ndnis heraus glauben wir, dass jeder Mensch einzigartig geschaffen ist und W\u00fcrde, Sinn und Hoffnung braucht. Wir m\u00f6chten, dass unsere Vermittlung T\u00fcren zu Arbeitspl\u00e4tzen und zu neuen Lebensperspektiven \u00f6ffnet. Deshalb achten wir auf Transparenz, Fairness und respektvolle Partnerschaften.<\/span><span data-ccp-props=\"{&quot;201341983&quot;:0,&quot;335559739&quot;:0,&quot;335559740&quot;:240}\">\u00a0<\/span><\/p><p><span data-contrast=\"auto\">Wir unterst\u00fctzen unsere Teilnehmer \u00fcber den Arbeitsplatz hinaus durch Sprachf\u00f6rderung, kulturelle Orientierung und Unterst\u00fctzung bei der Suche nach Gemeinschaft. Denn echtes Aufbl\u00fchen entsteht dort, wo K\u00f6rper, Geist und Seele im Gleichgewicht sind.<\/span><span data-ccp-props=\"{&quot;201341983&quot;:0,&quot;335559739&quot;:0,&quot;335559740&quot;:240}\">\u00a0<\/span><\/p><p><span data-contrast=\"auto\">AsiaTalentBridge baut Br\u00fccken \u2013 zwischen L\u00e4ndern, Kulturen und Menschenherzen. Wir glauben, dass Erfolg nicht nur an Leistung, sondern auch an gelebter Menschlichkeit gemessen wird. Wenn Menschen ihre Arbeit als sinnstiftend erleben, ihre Gaben entfalten k\u00f6nnen und Hoffnung haben, dann erf\u00fcllt sich das, was wir unter Human Flourishing verstehen.<\/span><span data-ccp-props=\"{&quot;201341983&quot;:0,&quot;335559739&quot;:0,&quot;335559740&quot;:240}\">\u00a0<br \/>\u00a0<\/span><\/p><p><span data-contrast=\"auto\">Wir gestalten unsere Vermittlung ganzheitlich:<\/span><span data-ccp-props=\"{&quot;201341983&quot;:0,&quot;335559739&quot;:0,&quot;335559740&quot;:240}\">\u00a0<\/span><\/p><ul><li><span data-contrast=\"auto\"><b>Faire und transparente Vertr\u00e4ge<\/b> \u2013 keine versteckten Kosten, klare Informationen und realistische Versprechen.<\/span><span data-ccp-props=\"{&quot;201341983&quot;:0,&quot;335559739&quot;:0,&quot;335559740&quot;:240}\">\u00a0<\/span><\/li><li><span data-contrast=\"auto\"><b>W\u00fcrdevolle Arbeitsbedingungen<\/b> \u2013 Zusammenarbeit mit Arbeitgebern, die faire Bezahlung, Sicherheit und Entwicklung bieten<\/span><span data-ccp-props=\"{&quot;201341983&quot;:0,&quot;335559739&quot;:0,&quot;335559740&quot;:240}\">\u00a0<\/span><\/li><li><span data-contrast=\"auto\"><b>Individuelle Beratung<\/b> &#8211; Ber\u00fccksichtigung von St\u00e4rken, Zielen und Interessen sowie Beratung zur Karriereentwicklung in Deutschland<\/span><span data-ccp-props=\"{&quot;201341983&quot;:0,&quot;335559739&quot;:0,&quot;335559740&quot;:240}\">\u00a0<\/span><\/li><li><span data-contrast=\"auto\"><b>Unterst\u00fctzung bei der Integration<\/b> \u2013 Sprachkurse, interkulturelles Training und Beratung bei diversen Fragen<\/span><span data-ccp-props=\"{&quot;201341983&quot;:0,&quot;335559739&quot;:0,&quot;335559740&quot;:240}\">\u00a0<\/span><\/li><li><span data-contrast=\"auto\"><b>Soziale Teilhabe und Gemeinschaft<\/b> \u2013 Vermittlung von Sprachpaten und Hilfe beim Aufbau von Netzwerken<\/span><span data-ccp-props=\"{&quot;201341983&quot;:0,&quot;335559739&quot;:0,&quot;335559740&quot;:240}\">\u00a0<\/span><\/li><\/ul><p><span data-contrast=\"auto\">\u00a0<br \/>So wird aus blo\u00dfer Arbeitsmigration eine echte Chance auf Aufbl\u00fchen \u2013 f\u00fcr den Einzelnen, die Unternehmen und die Gesellschaft.<\/span><span data-ccp-props=\"{&quot;201341983&quot;:0,&quot;335559739&quot;:0,&quot;335559740&quot;:240}\">\u00a0<\/span><\/p>\t\t\t\t\t\t\t\t<\/div>\n\t\t\t\t\t<\/div>\n\t\t\t\t<\/div>\n\t\t\t\t<\/div>","protected":false},"excerpt":{"rendered":"<p>Ganzheitlich begleiten \u2013 menschlich vermitteln Bei AsiaTalentBridge sehen wir Arbeit nicht nur als Mittel zum Lebensunterhalt, sondern als Berufung, die Menschen dabei unterst\u00fctzt, zu wachsen und zu gedeihen. Unser Ziel ist es, Human Flourishing \u2013 das menschliche Aufbl\u00fchen \u2013 zu f\u00f6rdern, indem wir Menschen auf ihrem Weg nach Deutschland ganzheitlich begleiten: beruflich und pers\u00f6nlich.\u00a0 Aus [&hellip;]<\/p>\n","protected":false},"author":3,"featured_media":0,"parent":0,"menu_order":0,"comment_status":"closed","ping_status":"closed","template":"","meta":{"footnotes":""},"class_list":["post-925","page","type-page","status-publish","hentry"],"_links":{"self":[{"href":"https:\/\/www.asiatalentbridge.de\/en\/wp-json\/wp\/v2\/pages\/925","targetHints":{"allow":["GET"]}}],"collection":[{"href":"https:\/\/www.asiatalentbridge.de\/en\/wp-json\/wp\/v2\/pages"}],"about":[{"href":"https:\/\/www.asiatalentbridge.de\/en\/wp-json\/wp\/v2\/types\/page"}],"author":[{"embeddable":true,"href":"https:\/\/www.asiatalentbridge.de\/en\/wp-json\/wp\/v2\/users\/3"}],"replies":[{"embeddable":true,"href":"https:\/\/www.asiatalentbridge.de\/en\/wp-json\/wp\/v2\/comments?post=925"}],"version-history":[{"count":6,"href":"https:\/\/www.asiatalentbridge.de\/en\/wp-json\/wp\/v2\/pages\/925\/revisions"}],"predecessor-version":[{"id":15701,"href":"https:\/\/www.asiatalentbridge.de\/en\/wp-json\/wp\/v2\/pages\/925\/revisions\/15701"}],"wp:attachment":[{"href":"https:\/\/www.asiatalentbridge.de\/en\/wp-json\/wp\/v2\/media?parent=925"}],"curies":[{"name":"wp","href":"https:\/\/api.w.org\/{rel}","templated":true}]}}