{"id":935,"date":"2025-11-07T10:11:34","date_gmt":"2025-11-07T09:11:34","guid":{"rendered":"https:\/\/asiatalentbridge.de\/?page_id=935"},"modified":"2026-03-09T09:22:53","modified_gmt":"2026-03-09T08:22:53","slug":"zimmer","status":"publish","type":"page","link":"https:\/\/www.asiatalentbridge.de\/en\/zimmer\/","title":{"rendered":"Zimmer"},"content":{"rendered":"<div data-elementor-type=\"wp-page\" data-elementor-id=\"935\" class=\"elementor elementor-935\">\n\t\t\t\t<div class=\"elementor-element elementor-element-c3c6dbf e-flex e-con-boxed e-con e-parent\" data-id=\"c3c6dbf\" data-element_type=\"container\" data-e-type=\"container\">\n\t\t\t\t\t<div class=\"e-con-inner\">\n\t\t\t\t<div class=\"elementor-element elementor-element-6b7a1c9 elementor-widget elementor-widget-heading\" data-id=\"6b7a1c9\" data-element_type=\"widget\" data-e-type=\"widget\" data-widget_type=\"heading.default\">\n\t\t\t\t\t<h2 class=\"elementor-heading-title elementor-size-default\">Gastfamilien und WG-Zimmer gesucht! <\/h2>\t\t\t\t<\/div>\n\t\t\t\t\t<\/div>\n\t\t\t\t<\/div>\n\t\t<div class=\"elementor-element elementor-element-e0a016e e-flex e-con-boxed e-con e-parent\" data-id=\"e0a016e\" data-element_type=\"container\" data-e-type=\"container\">\n\t\t\t\t\t<div class=\"e-con-inner\">\n\t\t\t\t<div class=\"elementor-element elementor-element-ae5309b elementor-widget elementor-widget-text-editor\" data-id=\"ae5309b\" data-element_type=\"widget\" data-e-type=\"widget\" data-widget_type=\"text-editor.default\">\n\t\t\t\t\t\t\t\t\t<p><span data-contrast=\"none\"><img fetchpriority=\"high\" decoding=\"async\" class=\"alignright wp-image-14740\" src=\"https:\/\/www.asiatalentbridge.de\/wp-content\/uploads\/2025\/12\/DSCF8155.jpg\" alt=\"G\u00e4stezimmer\" width=\"500\" height=\"333\" \/><\/span><span data-contrast=\"none\">Viele unserer Auszubildenden aus China kommen zum ersten\u00a0<\/span><span data-contrast=\"none\">Mal nach Deutschland\u2013 voller Motivation, Neugier und Lernbereitschaft. F\u00fcr ihren Start suchen wir freundliche Menschen, die ein freies Zimmer in ihrer Wohnung oder ihrem Haus vermieten oder zur Verf\u00fcgung stellen m\u00f6chten.<\/span><span data-ccp-props=\"{&quot;134233117&quot;:true,&quot;134233118&quot;:true,&quot;201341983&quot;:0,&quot;335559740&quot;:240}\">\u00a0<\/span><\/p><p><span data-contrast=\"none\">Vielleicht sind Ihre Kinder aus dem Haus und ein Zimmer steht leer? Dann k\u00f6nnten Sie einem jungen Menschen die M\u00f6glichkeit geben, sich in Deutschland einzuleben und gleichzeitig die deutsche Sprache und Kultur im Alltag zu erleben.<\/span><span data-ccp-props=\"{&quot;134233117&quot;:true,&quot;134233118&quot;:true,&quot;201341983&quot;:0,&quot;335559740&quot;:240}\">\u00a0<\/span><\/p><p><span data-contrast=\"none\">Unsere Teilnehmenden sind verantwortungsbewusste junge Erwachsene, die eine Ausbildung beginnen und sich auf ihren neuen Lebensabschnitt vorbereiten. Sie verf\u00fcgen \u00fcber Grundkenntnisse in Deutsch (meist auf dem Niveau B1) und freuen sich \u00fcber ein freundliches Umfeld sowie Gespr\u00e4che im Alltag.<\/span><span data-ccp-props=\"{&quot;134233117&quot;:true,&quot;134233118&quot;:true,&quot;201341983&quot;:0,&quot;335559740&quot;:240}\">\u00a0<\/span><\/p><p><span data-contrast=\"none\">Was Sie erwartet:<\/span><span data-ccp-props=\"{&quot;134233117&quot;:true,&quot;134233118&quot;:true,&quot;201341983&quot;:0,&quot;335559740&quot;:240}\">\u00a0<\/span><\/p><ul><li><span data-contrast=\"none\">Eine zuverl\u00e4ssige, vorbereitete Person mit geregeltem Tagesablauf (Berufsschule, Ausbildung)<\/span><span data-ccp-props=\"{&quot;134233117&quot;:true,&quot;134233118&quot;:true,&quot;201341983&quot;:0,&quot;335559740&quot;:240}\">\u00a0<\/span><\/li><li><span data-contrast=\"none\">Unterst\u00fctzung durch AsiaTalentBridge bei Kommunikation und Organisation<\/span><span data-ccp-props=\"{&quot;134233117&quot;:true,&quot;134233118&quot;:true,&quot;201341983&quot;:0,&quot;335559740&quot;:240}\">\u00a0<\/span><\/li><li><span data-contrast=\"none\">Freie Gestaltung der Mietkonditionen je nach Zimmer, Lage und Ausstattung<\/span><\/li><\/ul><p><span data-contrast=\"none\">Warum es sich lohnt:<\/span><span data-ccp-props=\"{&quot;134233117&quot;:true,&quot;134233118&quot;:true,&quot;201341983&quot;:0,&quot;335559740&quot;:240}\">\u00a0<\/span><\/p><ul><li><span data-contrast=\"none\">Sie helfen einem jungen Menschen, sich in Deutschland zurechtzufinden.<\/span><span data-ccp-props=\"{&quot;134233117&quot;:true,&quot;134233118&quot;:true,&quot;201341983&quot;:0,&quot;335559740&quot;:240}\">\u00a0<\/span><\/li><li><span data-contrast=\"none\">Sie erleben kulturellen Austausch direkt im eigenen Zuhause.<\/span><span data-ccp-props=\"{&quot;134233117&quot;:true,&quot;134233118&quot;:true,&quot;201341983&quot;:0,&quot;335559740&quot;:240}\">\u00a0<\/span><\/li><li><span data-contrast=\"none\">Sie nutzen vorhandenen Wohnraum sinnvoll und mit Herz.<\/span><\/li><\/ul><p><span data-contrast=\"none\">Wenn Sie sich vorstellen k\u00f6nnen, einem Auszubildenden ein Zimmer anzubieten, <a href=\"https:\/\/www.asiatalentbridge.de\/en\/kontakt\/\">freuen wir uns \u00fcber Ihre Nachricht!<\/a><\/span><\/p>\t\t\t\t\t\t\t\t<\/div>\n\t\t\t\t\t<\/div>\n\t\t\t\t<\/div>\n\t\t\t\t<\/div>","protected":false},"excerpt":{"rendered":"<p>Gastfamilien und WG-Zimmer gesucht! Viele unserer Auszubildenden aus China kommen zum ersten\u00a0Mal nach Deutschland\u2013 voller Motivation, Neugier und Lernbereitschaft. F\u00fcr ihren Start suchen wir freundliche Menschen, die ein freies Zimmer in ihrer Wohnung oder ihrem Haus vermieten oder zur Verf\u00fcgung stellen m\u00f6chten.\u00a0 Vielleicht sind Ihre Kinder aus dem Haus und ein Zimmer steht leer? Dann [&hellip;]<\/p>\n","protected":false},"author":3,"featured_media":0,"parent":0,"menu_order":0,"comment_status":"closed","ping_status":"closed","template":"","meta":{"footnotes":""},"class_list":["post-935","page","type-page","status-publish","hentry"],"_links":{"self":[{"href":"https:\/\/www.asiatalentbridge.de\/en\/wp-json\/wp\/v2\/pages\/935","targetHints":{"allow":["GET"]}}],"collection":[{"href":"https:\/\/www.asiatalentbridge.de\/en\/wp-json\/wp\/v2\/pages"}],"about":[{"href":"https:\/\/www.asiatalentbridge.de\/en\/wp-json\/wp\/v2\/types\/page"}],"author":[{"embeddable":true,"href":"https:\/\/www.asiatalentbridge.de\/en\/wp-json\/wp\/v2\/users\/3"}],"replies":[{"embeddable":true,"href":"https:\/\/www.asiatalentbridge.de\/en\/wp-json\/wp\/v2\/comments?post=935"}],"version-history":[{"count":9,"href":"https:\/\/www.asiatalentbridge.de\/en\/wp-json\/wp\/v2\/pages\/935\/revisions"}],"predecessor-version":[{"id":15718,"href":"https:\/\/www.asiatalentbridge.de\/en\/wp-json\/wp\/v2\/pages\/935\/revisions\/15718"}],"wp:attachment":[{"href":"https:\/\/www.asiatalentbridge.de\/en\/wp-json\/wp\/v2\/media?parent=935"}],"curies":[{"name":"wp","href":"https:\/\/api.w.org\/{rel}","templated":true}]}}