{"id":940,"date":"2025-11-07T10:20:18","date_gmt":"2025-11-07T09:20:18","guid":{"rendered":"https:\/\/asiatalentbridge.de\/?page_id=940"},"modified":"2026-02-09T10:13:02","modified_gmt":"2026-02-09T09:13:02","slug":"besucher","status":"publish","type":"page","link":"https:\/\/www.asiatalentbridge.de\/en\/besucher\/","title":{"rendered":"Besucher"},"content":{"rendered":"<div data-elementor-type=\"wp-page\" data-elementor-id=\"940\" class=\"elementor elementor-940\">\n\t\t\t\t<div class=\"elementor-element elementor-element-a9ba4cc e-flex e-con-boxed e-con e-parent\" data-id=\"a9ba4cc\" data-element_type=\"container\" data-e-type=\"container\">\n\t\t\t\t\t<div class=\"e-con-inner\">\n\t\t\t\t<div class=\"elementor-element elementor-element-ea769a8 elementor-widget elementor-widget-heading\" data-id=\"ea769a8\" data-element_type=\"widget\" data-e-type=\"widget\" data-widget_type=\"heading.default\">\n\t\t\t\t\t<h2 class=\"elementor-heading-title elementor-size-default\">Wir hei\u00dfen deutschsprachige Besucher herzlich willkommen!<\/h2>\t\t\t\t<\/div>\n\t\t\t\t\t<\/div>\n\t\t\t\t<\/div>\n\t\t<div class=\"elementor-element elementor-element-a3325be e-flex e-con-boxed e-con e-parent\" data-id=\"a3325be\" data-element_type=\"container\" data-e-type=\"container\">\n\t\t\t\t\t<div class=\"e-con-inner\">\n\t\t\t\t<div class=\"elementor-element elementor-element-fbadf6b elementor-widget elementor-widget-text-editor\" data-id=\"fbadf6b\" data-element_type=\"widget\" data-e-type=\"widget\" data-widget_type=\"text-editor.default\">\n\t\t\t\t\t\t\t\t\t<p><span data-contrast=\"none\"><img fetchpriority=\"high\" decoding=\"async\" class=\"alignright wp-image-1001\" src=\"https:\/\/asiatalentbridge.de\/wp-content\/uploads\/2025\/11\/DE_Visitors3.jpeg\" alt=\"Yanji von oben\" width=\"750\" height=\"422\" \/>AsiaTalentBridge l\u00e4dt deutschsprachige G\u00e4ste ein, f\u00fcr einige Wochen nach China zu kommen, um Land, Leute und Kultur hautnah zu erleben und dabei mit motivierten Deutschlernenden in Yanji in Kontakt zu treten.<\/span><span data-ccp-props=\"{&quot;134233117&quot;:true,&quot;134233118&quot;:true,&quot;201341983&quot;:0,&quot;335559740&quot;:240}\">\u00a0<\/span><\/p><p><span data-contrast=\"none\">W\u00e4hrend deines Aufenthalts bieten wir:<\/span>\u00a0<br \/><span data-contrast=\"none\">\u00a0 \u00a0\u2022 Kostenlose Unterkunft in einer m\u00f6blierten Einzimmerwohnung<\/span>\u00a0<br \/><span data-contrast=\"none\">\u00a0 \u00a0\u2022 Eine Mahlzeit pro Tag<\/span>\u00a0<br \/><span data-contrast=\"none\">\u00a0 \u00a0\u2022 Gratis Transfer vom und zum Flughafen oder Bahnhof<\/span><span data-ccp-props=\"{&quot;134233117&quot;:true,&quot;134233118&quot;:true,&quot;201341983&quot;:0,&quot;335559740&quot;:240}\">\u00a0<\/span><\/p><p><span data-contrast=\"none\">Es handelt sich nicht um Arbeit oder Unterricht, sondern um einen privaten, kulturellen Austausch: Deutschlerner und G\u00e4ste f\u00fchren Gespr\u00e4che, machen gemeinsam Sightseeing, gehen einkaufen, unternehmen Freizeitaktivit\u00e4ten und sammeln Alltagserfahrungen. So entsteht ein echtes Win-win-Erlebnis: Die Lernenden k\u00f6nnen ihre Deutschkenntnisse anwenden und du erh\u00e4ltst wertvolle Einblicke in das chinesische Alltagsleben und die Gastfreundschaft vor Ort.<\/span><span data-ccp-props=\"{&quot;134233117&quot;:true,&quot;134233118&quot;:true,&quot;201341983&quot;:0,&quot;335559740&quot;:240}\">\u00a0<\/span><\/p>\t\t\t\t\t\t\t\t<\/div>\n\t\t\t\t\t<\/div>\n\t\t\t\t<\/div>\n\t\t<div class=\"elementor-element elementor-element-cc93ca4 e-flex e-con-boxed e-con e-parent\" data-id=\"cc93ca4\" data-element_type=\"container\" data-e-type=\"container\" data-settings=\"{&quot;background_background&quot;:&quot;classic&quot;}\">\n\t\t\t\t\t<div class=\"e-con-inner\">\n\t\t<div class=\"elementor-element elementor-element-8e4f8fd e-con-full e-flex e-con e-child\" data-id=\"8e4f8fd\" data-element_type=\"container\" data-e-type=\"container\">\n\t\t<div class=\"elementor-element elementor-element-83ad794 e-con-full e-flex e-con e-child\" data-id=\"83ad794\" data-element_type=\"container\" data-e-type=\"container\">\n\t\t<div class=\"elementor-element elementor-element-a45f614 e-con-full e-flex e-con e-child\" data-id=\"a45f614\" data-element_type=\"container\" data-e-type=\"container\">\n\t\t\t\t<div class=\"elementor-element elementor-element-bffad6c elementor-widget elementor-widget-image\" data-id=\"bffad6c\" data-element_type=\"widget\" data-e-type=\"widget\" data-widget_type=\"image.default\">\n\t\t\t\t\t\t\t\t\t\t\t\t\t\t\t<img decoding=\"async\" width=\"540\" height=\"540\" data-src=\"https:\/\/www.asiatalentbridge.de\/wp-content\/uploads\/2026\/01\/DE_Visitors2-e1768387482447.jpeg\" class=\"attachment-full size-full wp-image-15439 lazyload\" alt=\"Yanji bei Nacht\" data-srcset=\"https:\/\/www.asiatalentbridge.de\/wp-content\/uploads\/2026\/01\/DE_Visitors2-e1768387482447.jpeg 540w, https:\/\/www.asiatalentbridge.de\/wp-content\/uploads\/2026\/01\/DE_Visitors2-e1768387482447-150x150.jpeg 150w, https:\/\/www.asiatalentbridge.de\/wp-content\/uploads\/2026\/01\/DE_Visitors2-e1768387482447-300x300.jpeg 300w, https:\/\/www.asiatalentbridge.de\/wp-content\/uploads\/2026\/01\/DE_Visitors2-e1768387482447-12x12.jpeg 12w, https:\/\/www.asiatalentbridge.de\/wp-content\/uploads\/2026\/01\/DE_Visitors2-e1768387482447-200x200.jpeg 200w, https:\/\/www.asiatalentbridge.de\/wp-content\/uploads\/2026\/01\/DE_Visitors2-e1768387482447-460x460.jpeg 460w\" data-sizes=\"(max-width: 540px) 100vw, 540px\" src=\"data:image\/svg+xml;base64,PHN2ZyB3aWR0aD0iMSIgaGVpZ2h0PSIxIiB4bWxucz0iaHR0cDovL3d3dy53My5vcmcvMjAwMC9zdmciPjwvc3ZnPg==\" style=\"--smush-placeholder-width: 540px; --smush-placeholder-aspect-ratio: 540\/540;\" \/>\t\t\t\t\t\t\t\t\t\t\t\t\t\t\t<\/div>\n\t\t\t\t<\/div>\n\t\t<div class=\"elementor-element elementor-element-be11a5b e-con-full e-flex e-con e-child\" data-id=\"be11a5b\" data-element_type=\"container\" data-e-type=\"container\">\n\t\t\t\t<div class=\"elementor-element elementor-element-59e19de tp-gallary-3-item-3 elementor-widget elementor-widget-image\" data-id=\"59e19de\" data-element_type=\"widget\" data-e-type=\"widget\" data-widget_type=\"image.default\">\n\t\t\t\t\t\t\t\t\t\t\t\t\t\t\t<img decoding=\"async\" width=\"1378\" height=\"1033\" data-src=\"https:\/\/www.asiatalentbridge.de\/wp-content\/uploads\/2026\/01\/DE_Visitors4.jpg\" class=\"attachment-full size-full wp-image-15440 lazyload\" alt=\"Besucherin in Yanji\" src=\"data:image\/svg+xml;base64,PHN2ZyB3aWR0aD0iMSIgaGVpZ2h0PSIxIiB4bWxucz0iaHR0cDovL3d3dy53My5vcmcvMjAwMC9zdmciPjwvc3ZnPg==\" style=\"--smush-placeholder-width: 1378px; --smush-placeholder-aspect-ratio: 1378\/1033;\" \/>\t\t\t\t\t\t\t\t\t\t\t\t\t\t\t<\/div>\n\t\t\t\t<\/div>\n\t\t<div class=\"elementor-element elementor-element-7cb17f4 e-con-full e-flex e-con e-child\" data-id=\"7cb17f4\" data-element_type=\"container\" data-e-type=\"container\">\n\t\t\t\t<div class=\"elementor-element elementor-element-3910e67 elementor-widget elementor-widget-image\" data-id=\"3910e67\" data-element_type=\"widget\" data-e-type=\"widget\" data-widget_type=\"image.default\">\n\t\t\t\t\t\t\t\t\t\t\t\t\t\t\t<img decoding=\"async\" width=\"859\" height=\"859\" data-src=\"https:\/\/www.asiatalentbridge.de\/wp-content\/uploads\/2026\/01\/DE_Visitors5-e1768387810811.jpg\" class=\"attachment-full size-full wp-image-15441 lazyload\" alt=\"Besucherin mit Freiwilligen in Yanji\" data-srcset=\"https:\/\/www.asiatalentbridge.de\/wp-content\/uploads\/2026\/01\/DE_Visitors5-e1768387810811.jpg 859w, https:\/\/www.asiatalentbridge.de\/wp-content\/uploads\/2026\/01\/DE_Visitors5-e1768387810811-150x150.jpg 150w, https:\/\/www.asiatalentbridge.de\/wp-content\/uploads\/2026\/01\/DE_Visitors5-e1768387810811-300x300.jpg 300w, https:\/\/www.asiatalentbridge.de\/wp-content\/uploads\/2026\/01\/DE_Visitors5-e1768387810811-768x768.jpg 768w, https:\/\/www.asiatalentbridge.de\/wp-content\/uploads\/2026\/01\/DE_Visitors5-e1768387810811-12x12.jpg 12w, https:\/\/www.asiatalentbridge.de\/wp-content\/uploads\/2026\/01\/DE_Visitors5-e1768387810811-200x200.jpg 200w, https:\/\/www.asiatalentbridge.de\/wp-content\/uploads\/2026\/01\/DE_Visitors5-e1768387810811-600x600.jpg 600w, https:\/\/www.asiatalentbridge.de\/wp-content\/uploads\/2026\/01\/DE_Visitors5-e1768387810811-460x460.jpg 460w\" data-sizes=\"(max-width: 859px) 100vw, 859px\" src=\"data:image\/svg+xml;base64,PHN2ZyB3aWR0aD0iMSIgaGVpZ2h0PSIxIiB4bWxucz0iaHR0cDovL3d3dy53My5vcmcvMjAwMC9zdmciPjwvc3ZnPg==\" style=\"--smush-placeholder-width: 859px; --smush-placeholder-aspect-ratio: 859\/859;\" \/>\t\t\t\t\t\t\t\t\t\t\t\t\t\t\t<\/div>\n\t\t\t\t<\/div>\n\t\t\t\t<\/div>\n\t\t\t\t<div class=\"elementor-element elementor-element-64b006e elementor-widget__width-initial elementor-widget elementor-widget-text-editor\" data-id=\"64b006e\" data-element_type=\"widget\" data-e-type=\"widget\" data-widget_type=\"text-editor.default\">\n\t\t\t\t\t\t\t\t\t<p><span data-contrast=\"none\">Unsere Stadt Yanji liegt im Nordosten Chinas, in der Provinz Jilin, nahe der Grenzen zu Nordkorea und Russland. Yanji ist eine lebendige und sichere Stadt, die f\u00fcr ihre freundlichen Menschen, die interessante Mischung aus chinesischer und koreanischer Kultur und ihre offene Atmosph\u00e4re bekannt ist. Yanji ist \u00fcberschaubar, modern und bietet zahlreiche Caf\u00e9s, Parks und Sehensw\u00fcrdigkeiten. Die Stadt ist der ideale Ort, um diesen besonderen Teil Chinas authentisch und entspannt kennenzulernen.<\/span><span data-ccp-props=\"{&quot;134233117&quot;:true,&quot;134233118&quot;:true,&quot;201341983&quot;:0,&quot;335559740&quot;:240}\">\u00a0<\/span><\/p>\t\t\t\t\t\t\t\t<\/div>\n\t\t\t\t<\/div>\n\t\t\t\t\t<\/div>\n\t\t\t\t<\/div>\n\t\t<div class=\"elementor-element elementor-element-1aa07b5 e-flex e-con-boxed e-con e-parent\" data-id=\"1aa07b5\" data-element_type=\"container\" data-e-type=\"container\">\n\t\t\t\t\t<div class=\"e-con-inner\">\n\t\t\t\t<div class=\"elementor-element elementor-element-8bcdcbe elementor-widget elementor-widget-text-editor\" data-id=\"8bcdcbe\" data-element_type=\"widget\" data-e-type=\"widget\" data-widget_type=\"text-editor.default\">\n\t\t\t\t\t\t\t\t\t<p><span data-contrast=\"none\">Ein Aufenthalt ist mit visumfreier Einreise oder einem Touristenvisum m\u00f6glich. Flug und Visum m\u00fcssen selbst organisiert werden. Bei Bedarf stellen wir gerne ein Einladungsschreiben aus und beraten dich zum Ablauf. Wir empfehlen, vor der Reise eine Auslandskrankenversicherung abzuschlie\u00dfen. Englisch- oder Chinesischkenntnisse sind nicht erforderlich.<\/span><span data-ccp-props=\"{&quot;134233117&quot;:true,&quot;134233118&quot;:true,&quot;201341983&quot;:0,&quot;335559740&quot;:240}\">\u00a0<\/span><\/p><p><span data-contrast=\"none\">Es handelt sich nicht um eine bezahlte T\u00e4tigkeit \u2013 Unterkunft und Verpflegung werden als Gastfreundschaft bereitgestellt.<\/span><span data-ccp-props=\"{&quot;134233117&quot;:true,&quot;134233118&quot;:true,&quot;201341983&quot;:0,&quot;335559740&quot;:240}\">\u00a0<\/span><\/p><h4><b><span data-contrast=\"none\">Hast du Interesse an einem Besuch?<\/span><\/b><\/h4><p><span data-contrast=\"none\">Dann melde dich einfach \u00fcber unser <a href=\"https:\/\/www.asiatalentbridge.de\/en\/kontakt\/\">Kontaktformular<\/a> \u2013 wir freuen uns auf dich!<\/span><\/p>\t\t\t\t\t\t\t\t<\/div>\n\t\t\t\t\t<\/div>\n\t\t\t\t<\/div>\n\t\t\t\t<\/div>","protected":false},"excerpt":{"rendered":"<p>Wir hei\u00dfen deutschsprachige Besucher herzlich willkommen! AsiaTalentBridge l\u00e4dt deutschsprachige G\u00e4ste ein, f\u00fcr einige Wochen nach China zu kommen, um Land, Leute und Kultur hautnah zu erleben und dabei mit motivierten Deutschlernenden in Yanji in Kontakt zu treten.\u00a0 W\u00e4hrend deines Aufenthalts bieten wir:\u00a0\u00a0 \u00a0\u2022 Kostenlose Unterkunft in einer m\u00f6blierten Einzimmerwohnung\u00a0\u00a0 \u00a0\u2022 Eine Mahlzeit pro Tag\u00a0\u00a0 \u00a0\u2022 [&hellip;]<\/p>\n","protected":false},"author":3,"featured_media":0,"parent":0,"menu_order":0,"comment_status":"closed","ping_status":"closed","template":"elementor_header_footer","meta":{"footnotes":""},"class_list":["post-940","page","type-page","status-publish","hentry"],"_links":{"self":[{"href":"https:\/\/www.asiatalentbridge.de\/en\/wp-json\/wp\/v2\/pages\/940","targetHints":{"allow":["GET"]}}],"collection":[{"href":"https:\/\/www.asiatalentbridge.de\/en\/wp-json\/wp\/v2\/pages"}],"about":[{"href":"https:\/\/www.asiatalentbridge.de\/en\/wp-json\/wp\/v2\/types\/page"}],"author":[{"embeddable":true,"href":"https:\/\/www.asiatalentbridge.de\/en\/wp-json\/wp\/v2\/users\/3"}],"replies":[{"embeddable":true,"href":"https:\/\/www.asiatalentbridge.de\/en\/wp-json\/wp\/v2\/comments?post=940"}],"version-history":[{"count":3,"href":"https:\/\/www.asiatalentbridge.de\/en\/wp-json\/wp\/v2\/pages\/940\/revisions"}],"predecessor-version":[{"id":15619,"href":"https:\/\/www.asiatalentbridge.de\/en\/wp-json\/wp\/v2\/pages\/940\/revisions\/15619"}],"wp:attachment":[{"href":"https:\/\/www.asiatalentbridge.de\/en\/wp-json\/wp\/v2\/media?parent=940"}],"curies":[{"name":"wp","href":"https:\/\/api.w.org\/{rel}","templated":true}]}}